{"id":97,"date":"2012-12-26T13:58:14","date_gmt":"2012-12-26T12:58:14","guid":{"rendered":"http:\/\/www.lassolinedance.se\/o\/?page_id=97"},"modified":"2013-01-04T15:28:10","modified_gmt":"2013-01-04T14:28:10","slug":"butiker","status":"publish","type":"page","link":"https:\/\/www.lassolinedance.se\/o\/lankar\/butiker\/","title":{"rendered":"Butiker"},"content":{"rendered":"<p><strong>Dance &amp; Gym shop<\/strong><br \/>\n<a href=\"http:\/\/www.dancegymshop.com\/\">www.dancegymshop.com<\/a><\/p>\n<p><strong>Dansskor.se<\/strong><br \/>\nErbjuder dansskor av god kvalitet till konkurrenskraftiga priser och snabb leverans<br \/>\n<a href=\"http:\/\/www.dansskor.se\/\">www.dansskor.se<\/a><\/p>\n<p><strong>Heart Line Store<\/strong><br \/>\nH\u00e4r kan du shoppa p\u00e5 n\u00e4tet<br \/>\n<a href=\"http:\/\/www.heartlinestore.se\/\">www.heartlinestore.se<\/a><\/p>\n<p><strong>Passion Of Sweden<\/strong><br \/>\nGlitter m.m.<br \/>\n<a href=\"http:\/\/www.passion-of-sweden.com\/\">www.passion-of-sweden.com<\/a><\/p>\n<p><strong>Regalos linedancing &amp; western store<\/strong><br \/>\nLinedancekl\u00e4der, boots och tillbeh\u00f6r<br \/>\n<a href=\"http:\/\/www.linedancing-shop.co.uk\/\">www.linedancing-shop.co.uk<\/a><\/p>\n<p><strong>Stockholm Western Store<\/strong><br \/>\n<a href=\"http:\/\/www.westernstore.se\/\">www.westernstore.se<\/a><\/p>\n<p>&nbsp;<\/p>\n","protected":false},"excerpt":{"rendered":"<p>Dance &amp; Gym shop www.dancegymshop.com Dansskor.se Erbjuder dansskor av god kvalitet till konkurrenskraftiga priser och snabb leverans www.dansskor.se Heart Line Store H\u00e4r kan du shoppa p\u00e5 n\u00e4tet www.heartlinestore.se Passion Of Sweden Glitter m.m. www.passion-of-sweden.com Regalos linedancing &amp; western store Linedancekl\u00e4der, boots och tillbeh\u00f6r www.linedancing-shop.co.uk Stockholm Western Store www.westernstore.se &nbsp;<\/p>\n","protected":false},"author":2,"featured_media":0,"parent":84,"menu_order":6,"comment_status":"open","ping_status":"open","template":"","meta":{"ngg_post_thumbnail":0,"footnotes":""},"class_list":["post-97","page","type-page","status-publish","hentry"],"publishpress_future_action":{"enabled":false,"date":"2026-04-26 12:55:19","action":"change-status","newStatus":"draft","terms":[],"taxonomy":"","extraData":[]},"publishpress_future_workflow_manual_trigger":{"enabledWorkflows":[]},"_links":{"self":[{"href":"https:\/\/www.lassolinedance.se\/o\/wp-json\/wp\/v2\/pages\/97","targetHints":{"allow":["GET"]}}],"collection":[{"href":"https:\/\/www.lassolinedance.se\/o\/wp-json\/wp\/v2\/pages"}],"about":[{"href":"https:\/\/www.lassolinedance.se\/o\/wp-json\/wp\/v2\/types\/page"}],"author":[{"embeddable":true,"href":"https:\/\/www.lassolinedance.se\/o\/wp-json\/wp\/v2\/users\/2"}],"replies":[{"embeddable":true,"href":"https:\/\/www.lassolinedance.se\/o\/wp-json\/wp\/v2\/comments?post=97"}],"version-history":[{"count":2,"href":"https:\/\/www.lassolinedance.se\/o\/wp-json\/wp\/v2\/pages\/97\/revisions"}],"predecessor-version":[{"id":1485,"href":"https:\/\/www.lassolinedance.se\/o\/wp-json\/wp\/v2\/pages\/97\/revisions\/1485"}],"up":[{"embeddable":true,"href":"https:\/\/www.lassolinedance.se\/o\/wp-json\/wp\/v2\/pages\/84"}],"wp:attachment":[{"href":"https:\/\/www.lassolinedance.se\/o\/wp-json\/wp\/v2\/media?parent=97"}],"curies":[{"name":"wp","href":"https:\/\/api.w.org\/{rel}","templated":true}]}}