{"id":78,"date":"2012-12-26T13:49:34","date_gmt":"2012-12-26T12:49:34","guid":{"rendered":"http:\/\/www.lassolinedance.se\/o\/?page_id=78"},"modified":"2025-08-21T08:09:15","modified_gmt":"2025-08-21T06:09:15","slug":"utlarda-historik","status":"publish","type":"page","link":"https:\/\/www.lassolinedance.se\/o\/danser\/utlarda-historik\/","title":{"rendered":"Utl\u00e4rda &#8211; Historik"},"content":{"rendered":"<table border=\"0\">\n<tbody>\n<tr>\n<td valign=\"center\" width=\"100\"><b>2025<\/b><\/td>\n<td valign=\"center\" width=\"100\"><a title=\"V\u00e5ren 2025\">V\u00e5ren<\/a> <a title=\"V\u00e5ren 2025 SENIORDANS\">SENIORDANS<\/a><\/td>\n<td valign=\"center\" width=\"100\"><a title=\"H\u00f6sten 2025\" href=\"https:\/\/www.lassolinedance.se\/o\/danser\/utlarda-denna-termin\">H\u00f6sten<\/a> <a title=\"H\u00f6sten 2025 SENIORDANS\" href=\"https:\/\/www.lassolinedance.se\/o\/danser\/utlarda-seniordans\/\">SENIORDANS<\/a><\/td>\n<\/tr>\n<tr>\n<td valign=\"center\" width=\"100\"><b>2024<\/b><\/td>\n<td valign=\"center\" width=\"100\"><a title=\"V\u00e5ren 2024\" href=\"https:\/\/www.lassolinedance.se\/o\/danser\/utlarda-historik\/varen-2024\/\">V\u00e5ren<\/a><\/td>\n<td valign=\"center\" width=\"100\"><a title=\"H\u00f6sten 2024\" href=\"https:\/\/www.lassolinedance.se\/o\/danser\/utlarda-historik\/hosten-2024\/\">H\u00f6sten<\/a> <a title=\"H\u00f6sten 2024 SENIORDANS\" href=\"https:\/\/www.lassolinedance.se\/o\/danser\/utlarda-historik\/hosten-2024-senior\/\">SENIORDANS<\/a><\/td>\n<\/tr>\n<tr>\n<td valign=\"center\" width=\"100\"><b>2023<\/b><\/td>\n<td valign=\"center\" width=\"100\"><a title=\"V\u00e5ren 2023\" href=\"https:\/\/www.lassolinedance.se\/o\/danser\/utlarda-historik\/varen-2023\/\">V\u00e5ren<\/a><\/td>\n<td valign=\"center\" width=\"100\"><a title=\"H\u00f6sten 2023\" href=\"https:\/\/www.lassolinedance.se\/o\/danser\/utlarda-historik\/hosten-2023\/\">H\u00f6sten<\/a><\/td>\n<\/tr>\n<tr>\n<td valign=\"center\" width=\"100\"><b>2022<\/b><\/td>\n<td valign=\"center\" width=\"100\"><a title=\"V\u00e5ren 2022\" href=\"https:\/\/www.lassolinedance.se\/o\/danser\/utlarda-historik\/varen-2022\/\">V\u00e5ren<\/a><\/td>\n<td valign=\"center\" width=\"100\"><a title=\"H\u00f6sten 2022\" href=\"https:\/\/www.lassolinedance.se\/o\/danser\/utlarda-historik\/hosten-2022\/\">H\u00f6sten<\/a><\/td>\n<\/tr>\n<tr>\n<td valign=\"center\" width=\"100\"><b>2021<\/b><\/td>\n<td valign=\"center\" width=\"100\">Ingen kurs<\/td>\n<td valign=\"center\" width=\"100\"><a title=\"H\u00f6sten 2021\" href=\"https:\/\/www.lassolinedance.se\/o\/danser\/utlarda-historik\/hosten-2021\/\">H\u00f6sten<\/a><\/td>\n<\/tr>\n<tr>\n<td valign=\"center\" width=\"100\"><b>2020<\/b><\/td>\n<td valign=\"center\" width=\"100\"><a title=\"V\u00e5ren 2020\" href=\"https:\/\/www.lassolinedance.se\/o\/danser\/utlarda-historik\/varen-2020\/\">V\u00e5ren<\/a><\/td>\n<td valign=\"center\" width=\"100\"><a title=\"H\u00f6sten 2020\" href=\"https:\/\/www.lassolinedance.se\/o\/danser\/utlarda-historik\/hosten-2020\/\">H\u00f6sten<\/a><\/td>\n<\/tr>\n<tr>\n<td valign=\"center\" width=\"100\"><b>2019<\/b><\/td>\n<td valign=\"center\" width=\"100\"><a title=\"V\u00e5ren 2019\" href=\"https:\/\/www.lassolinedance.se\/o\/danser\/utlarda-historik\/varen-2019\/\">V\u00e5ren<\/a><\/td>\n<td valign=\"center\" width=\"100\"><a title=\"H\u00f6sten 2019\" href=\"https:\/\/www.lassolinedance.se\/o\/danser\/utlarda-historik\/hosten-2019\/\">H\u00f6sten<\/a><\/td>\n<\/tr>\n<tr>\n<td valign=\"center\" width=\"100\"><b>2018<\/b><\/td>\n<td valign=\"center\" width=\"100\"><a title=\"V\u00e5ren 2018\" href=\"https:\/\/www.lassolinedance.se\/o\/danser\/utlarda-historik\/varen-2018\/\">V\u00e5ren<\/a><\/td>\n<td valign=\"center\" width=\"100\"><a title=\"H\u00f6sten 2018\" href=\"https:\/\/www.lassolinedance.se\/o\/danser\/utlarda-historik\/hosten-2018\">H\u00f6sten<\/a><\/td>\n<\/tr>\n<tr>\n<td valign=\"center\" width=\"100\"><b>2017<\/b><\/td>\n<td valign=\"center\" width=\"100\"><a title=\"V\u00e5ren 2017\" href=\"https:\/\/www.lassolinedance.se\/o\/danser\/utlarda-historik\/varen-2017\/\">V\u00e5ren<\/a><\/td>\n<td valign=\"center\" width=\"100\"><a title=\"H\u00f6sten 2017\" href=\"https:\/\/www.lassolinedance.se\/o\/danser\/utlarda-historik\/hosten-2017\/\">H\u00f6sten<\/a><\/td>\n<\/tr>\n<tr>\n<td valign=\"center\" width=\"100\"><b>2016<\/b><\/td>\n<td valign=\"center\" width=\"100\"><a title=\"V\u00e5ren 2016\" href=\"https:\/\/www.lassolinedance.se\/o\/danser\/utlarda-historik\/varen-2016\/\">V\u00e5ren<\/a><\/td>\n<td valign=\"center\" width=\"100\"><a title=\"H\u00f6sten 2016\" href=\"https:\/\/www.lassolinedance.se\/o\/danser\/utlarda-historik\/hosten-2016\/\">H\u00f6sten<\/a><\/td>\n<\/tr>\n<tr>\n<td valign=\"center\" width=\"100\"><b>2015<\/b><\/td>\n<td valign=\"center\" width=\"100\"><a title=\"V\u00e5ren 2015\" href=\"https:\/\/www.lassolinedance.se\/o\/danser\/utlarda-historik\/varen-2015\/\">V\u00e5ren<\/a><\/td>\n<td valign=\"center\" width=\"100\"><a title=\"V\u00e5ren 2015\" href=\"https:\/\/www.lassolinedance.se\/o\/danser\/utlarda-historik\/hosten-2015\/\">H\u00f6sten<\/a><\/td>\n<\/tr>\n<tr>\n<td valign=\"center\" width=\"100\"><b>2014<\/b><\/td>\n<td valign=\"center\" width=\"100\"><a title=\"V\u00e5ren 2014\" href=\"https:\/\/www.lassolinedance.se\/o\/danser\/utlarda-historik\/varen-2014\/\">V\u00e5ren<\/a><\/td>\n<td valign=\"center\" width=\"100\"><a title=\"H\u00f6sten 2014\" href=\"https:\/\/www.lassolinedance.se\/o\/danser\/utlarda-historik\/hosten-2014\/\">H\u00f6sten<\/a><\/td>\n<\/tr>\n<tr>\n<td valign=\"center\" width=\"100\"><b>2013<\/b><\/td>\n<td valign=\"center\" width=\"100\"><a title=\"V\u00e5ren 2013\" href=\"https:\/\/www.lassolinedance.se\/o\/danser\/utlarda-historik\/varen-2013\/\">V\u00e5ren<\/a><\/td>\n<td valign=\"center\" width=\"100\"><a title=\"H\u00f6sten 2013\" href=\"https:\/\/www.lassolinedance.se\/o\/danser\/utlarda-historik\/hosten-2013\/\">H\u00f6sten<\/a><\/td>\n<\/tr>\n<tr>\n<td valign=\"center\" width=\"100\"><b>2012<\/b><\/td>\n<td valign=\"center\" width=\"100\"><a title=\"V\u00e5ren 2012\" href=\"https:\/\/www.lassolinedance.se\/o\/danser\/utlarda-historik\/varen-2012\/\">V\u00e5ren<\/a><\/td>\n<td valign=\"center\" width=\"100\"><a title=\"H\u00f6sten 2012\" href=\"https:\/\/www.lassolinedance.se\/o\/danser\/utlarda-historik\/hosten-2012\/\">H\u00f6sten<\/a><\/td>\n<\/tr>\n<tr>\n<td valign=\"center\" width=\"100\"><b>2011<\/b><\/td>\n<td valign=\"center\" width=\"100\"><a title=\"V\u00e5ren 2011\" href=\"https:\/\/www.lassolinedance.se\/o\/danser\/utlarda-historik\/varen-2011\/\">V\u00e5ren<\/a><\/td>\n<td valign=\"center\" width=\"100\"><a title=\"H\u00f6sten 2011\" href=\"https:\/\/www.lassolinedance.se\/o\/danser\/utlarda-historik\/hosten-2011\/\">H\u00f6sten<\/a><\/td>\n<\/tr>\n<tr>\n<td valign=\"center\" width=\"100\"><b>2010<\/b><\/td>\n<td valign=\"center\" width=\"100\"><a title=\"V\u00e5ren 2010\" href=\"https:\/\/www.lassolinedance.se\/o\/danser\/utlarda-historik\/varen-2010\/\">V\u00e5ren<\/a><\/td>\n<td valign=\"center\" width=\"100\"><a title=\"H\u00f6sten 2010\" href=\"https:\/\/www.lassolinedance.se\/o\/danser\/utlarda-historik\/hosten-2010\/\">H\u00f6sten<\/a><\/td>\n<\/tr>\n<tr>\n<td valign=\"center\" width=\"100\"><b>2009<\/b><\/td>\n<td valign=\"center\" width=\"100\"><a title=\"V\u00e5ren 2009\" href=\"https:\/\/www.lassolinedance.se\/o\/danser\/utlarda-historik\/varen-2009\/\">V\u00e5ren<\/a><\/td>\n<td valign=\"center\" width=\"100\"><a title=\"H\u00f6sten 2009\" href=\"https:\/\/www.lassolinedance.se\/o\/danser\/utlarda-historik\/hosten-2009\/\">H\u00f6sten<\/a><\/td>\n<\/tr>\n<tr>\n<td valign=\"center\" width=\"100\"><b>2008<\/b><\/td>\n<td valign=\"center\" width=\"100\"><a title=\"V\u00e5ren 2008\" href=\"https:\/\/www.lassolinedance.se\/o\/danser\/utlarda-historik\/varen-2008\/\">V\u00e5ren<\/a><\/td>\n<td valign=\"center\" width=\"100\"><a title=\"H\u00f6sten 2008\" href=\"https:\/\/www.lassolinedance.se\/o\/danser\/utlarda-historik\/hosten-2008\/\">H\u00f6sten<\/a><\/td>\n<\/tr>\n<tr>\n<td valign=\"center\" width=\"100\"><b>2007<\/b><\/td>\n<td valign=\"center\" width=\"100\"><a title=\"V\u00e5ren 2007\" href=\"https:\/\/www.lassolinedance.se\/o\/danser\/utlarda-historik\/varen-2007\/\">V\u00e5ren<\/a><\/td>\n<td valign=\"center\" width=\"100\"><a title=\"H\u00f6sten 2007\" href=\"https:\/\/www.lassolinedance.se\/o\/danser\/utlarda-historik\/hosten-2007\/\">H\u00f6sten<\/a><\/td>\n<\/tr>\n<tr>\n<td valign=\"center\" width=\"100\"><b>2006<\/b><\/td>\n<td valign=\"center\" width=\"100\"><a title=\"V\u00e5ren 2006\" href=\"https:\/\/www.lassolinedance.se\/o\/danser\/utlarda-historik\/varen-2006\/\">V\u00e5ren<\/a><\/td>\n<td valign=\"center\" width=\"100\"><a title=\"H\u00f6sten 2006\" href=\"https:\/\/www.lassolinedance.se\/o\/danser\/utlarda-historik\/hosten-2006\/\">H\u00f6sten<\/a><\/td>\n<\/tr>\n<tr>\n<td valign=\"center\" width=\"100\"><b>2005<\/b><\/td>\n<td valign=\"center\" width=\"100\">&#8211;<\/td>\n<td valign=\"center\" width=\"100\"><a title=\"H\u00f6sten 2005\" href=\"https:\/\/www.lassolinedance.se\/o\/danser\/utlarda-historik\/hosten-2005\/\">H\u00f6sten<\/a><\/td>\n<\/tr>\n<\/tbody>\n<\/table>\n<p>&nbsp;<\/p>\n","protected":false},"excerpt":{"rendered":"<p>2025 V\u00e5ren SENIORDANS H\u00f6sten SENIORDANS 2024 V\u00e5ren H\u00f6sten SENIORDANS 2023 V\u00e5ren H\u00f6sten 2022 V\u00e5ren H\u00f6sten 2021 Ingen kurs H\u00f6sten 2020 V\u00e5ren H\u00f6sten 2019 V\u00e5ren H\u00f6sten 2018 V\u00e5ren H\u00f6sten 2017 V\u00e5ren H\u00f6sten 2016 V\u00e5ren H\u00f6sten 2015 V\u00e5ren H\u00f6sten 2014 V\u00e5ren H\u00f6sten 2013 V\u00e5ren H\u00f6sten 2012 V\u00e5ren H\u00f6sten 2011 V\u00e5ren H\u00f6sten 2010 V\u00e5ren H\u00f6sten 2009 V\u00e5ren H\u00f6sten 2008 V\u00e5ren H\u00f6sten 2007 V\u00e5ren H\u00f6sten 2006 V\u00e5ren H\u00f6sten 2005 &#8211; H\u00f6sten &nbsp;<\/p>\n","protected":false},"author":2,"featured_media":0,"parent":72,"menu_order":30,"comment_status":"closed","ping_status":"closed","template":"","meta":{"ngg_post_thumbnail":0,"footnotes":""},"class_list":["post-78","page","type-page","status-publish","hentry"],"publishpress_future_action":{"enabled":false,"date":"2026-04-26 12:56:52","action":"change-status","newStatus":"draft","terms":[],"taxonomy":"","extraData":[]},"publishpress_future_workflow_manual_trigger":{"enabledWorkflows":[]},"_links":{"self":[{"href":"https:\/\/www.lassolinedance.se\/o\/wp-json\/wp\/v2\/pages\/78","targetHints":{"allow":["GET"]}}],"collection":[{"href":"https:\/\/www.lassolinedance.se\/o\/wp-json\/wp\/v2\/pages"}],"about":[{"href":"https:\/\/www.lassolinedance.se\/o\/wp-json\/wp\/v2\/types\/page"}],"author":[{"embeddable":true,"href":"https:\/\/www.lassolinedance.se\/o\/wp-json\/wp\/v2\/users\/2"}],"replies":[{"embeddable":true,"href":"https:\/\/www.lassolinedance.se\/o\/wp-json\/wp\/v2\/comments?post=78"}],"version-history":[{"count":2,"href":"https:\/\/www.lassolinedance.se\/o\/wp-json\/wp\/v2\/pages\/78\/revisions"}],"predecessor-version":[{"id":6780,"href":"https:\/\/www.lassolinedance.se\/o\/wp-json\/wp\/v2\/pages\/78\/revisions\/6780"}],"up":[{"embeddable":true,"href":"https:\/\/www.lassolinedance.se\/o\/wp-json\/wp\/v2\/pages\/72"}],"wp:attachment":[{"href":"https:\/\/www.lassolinedance.se\/o\/wp-json\/wp\/v2\/media?parent=78"}],"curies":[{"name":"wp","href":"https:\/\/api.w.org\/{rel}","templated":true}]}}