{"id":76,"date":"2012-12-26T13:48:48","date_gmt":"2012-12-26T12:48:48","guid":{"rendered":"http:\/\/www.lassolinedance.se\/o\/?page_id=76"},"modified":"2026-04-14T10:14:14","modified_gmt":"2026-04-14T08:14:14","slug":"utlarda-denna-termin","status":"publish","type":"page","link":"https:\/\/www.lassolinedance.se\/o\/danser\/utlarda-denna-termin\/","title":{"rendered":"Utl\u00e4rda &#8211; Denna termin"},"content":{"rendered":"<h2>Jakobsberg, Friskis &amp; Svettis \/ M\u00e5ndagar 13.00-14.30 \/ L\u00e4tt Improver<\/h2>\n<table>\n<tbody>\n<tr>\n<td width=\"63\"><b>Vecka:<\/b><\/td>\n<td><b>Utl\u00e4rd dans:<\/b><\/td>\n<td><b>Repetition:<\/b><\/td>\n<\/tr>\n<tr>\n<td width=\"50\">4<\/td>\n<td>&#8211;<\/td>\n<td><a href=\"https:\/\/www.lassolinedance.se\/o\/2017\/02\/until-the-dawn\/\" target=\"_blank\" rel=\"noopener\">Until The Dawn<\/a>, <a href=\"https:\/\/www.lassolinedance.se\/o\/2018\/04\/stumbling-in\/\" target=\"_blank\" rel=\"noopener\">Stumbling In<\/a>, <a href=\"https:\/\/www.lassolinedance.se\/o\/2025\/10\/6852\/\" target=\"_blank\" rel=\"noopener\">Ride Away EZ<\/a>, <a href=\"https:\/\/www.lassolinedance.se\/o\/2020\/03\/nothing-but-you-yeah-you\/\" target=\"_blank\" rel=\"noopener\">Nothing But You (Yeah You)<\/a>, <a href=\"https:\/\/www.lassolinedance.se\/o\/2025\/11\/gives-me-shivers\/\" target=\"_blank\" rel=\"noopener\">Gives Me Shivers<\/a><\/td>\n<\/tr>\n<tr>\n<td width=\"50\">5<\/td>\n<td><span data-olk-copy-source=\"MessageBody\"><a href=\"https:\/\/www.lassolinedance.se\/o\/2024\/10\/hold-me-now\/\" target=\"_blank\" rel=\"noopener\">Hold Me NOW<\/a>, <a href=\"https:\/\/www.lassolinedance.se\/o\/2026\/01\/choosin-texas\/\" target=\"_blank\" rel=\"noopener\">Choosin&#8217; Texas<\/a><\/span><\/td>\n<td>&#8211;<\/td>\n<\/tr>\n<tr>\n<td width=\"50\">6<\/td>\n<td><a href=\"https:\/\/www.lassolinedance.se\/o\/2018\/10\/friday-at-the-dance\/\" target=\"_blank\" rel=\"noopener\">Friday At The Dance<\/a><\/td>\n<td>&#8211;<\/td>\n<\/tr>\n<tr>\n<td width=\"50\">7<\/td>\n<td><a href=\"https:\/\/www.lassolinedance.se\/o\/2024\/10\/manolito\/\" target=\"_blank\" rel=\"noopener\">Manolito<\/a><\/td>\n<td>&#8211;<\/td>\n<\/tr>\n<tr>\n<td width=\"50\">8<\/td>\n<td><em>Repetition<\/em><\/td>\n<td><em>Repetition<\/em><\/td>\n<\/tr>\n<tr>\n<td width=\"50\">9<\/td>\n<td><a href=\"https:\/\/www.lassolinedance.se\/o\/2023\/11\/mileys-flowers\/\" target=\"_blank\" rel=\"noopener\">Miley&#8217;s Flowers<\/a><\/td>\n<td>&#8211;<\/td>\n<\/tr>\n<tr>\n<td width=\"50\">10<\/td>\n<td><a href=\"https:\/\/www.lassolinedance.se\/o\/2019\/03\/for-the-world\/\" target=\"_blank\" rel=\"noopener\">For The World<\/a>, <a href=\"https:\/\/www.lassolinedance.se\/o\/2026\/02\/easy-rock\/\" target=\"_blank\" rel=\"noopener\">Easy Rock<\/a><\/td>\n<td>&#8211;<\/td>\n<\/tr>\n<tr>\n<td width=\"50\">11<\/td>\n<td><em>Repetition<\/em><\/td>\n<td><em>Repetition<\/em><\/td>\n<\/tr>\n<tr>\n<td width=\"50\">12<\/td>\n<td><a href=\"https:\/\/www.lassolinedance.se\/o\/2026\/03\/jazz-it-up\/\" target=\"_blank\" rel=\"noopener\">Jazz It Up<\/a><\/td>\n<td>&#8211;<\/td>\n<\/tr>\n<tr>\n<td width=\"50\">13<\/td>\n<td><a href=\"https:\/\/www.lassolinedance.se\/o\/2023\/10\/little-heartbreak\/\" target=\"_blank\" rel=\"noopener\">Little Heartbreak<\/a><\/td>\n<td>&#8211;<\/td>\n<\/tr>\n<tr>\n<td width=\"50\">14<\/td>\n<td><a href=\"https:\/\/www.lassolinedance.se\/o\/2026\/03\/vegas-vibe-ve25\/\" target=\"_blank\" rel=\"noopener\">Vegas Vibe (VE25)<\/a><\/td>\n<td>&#8211;<\/td>\n<\/tr>\n<tr>\n<td width=\"50\">15<\/td>\n<td>&nbsp;<strong>Inst\u00e4lld<\/strong><\/td>\n<td>&nbsp;<strong>Inst\u00e4lld<\/strong><\/td>\n<\/tr>\n<tr>\n<td width=\"50\">16<\/td>\n<td><em>Repetition<\/em><\/td>\n<td><em>Repetition<\/em><\/td>\n<\/tr>\n<\/tbody>\n<\/table>\n<p>&nbsp;<\/p>\n<h2>Kallh\u00e4ll, Folkets hus \/ Torsdagar 18.30-20.00 \/ Forts\u00e4ttning 2<\/h2>\n<p>&nbsp;<\/p>\n<table>\n<tbody>\n<tr>\n<td width=\"63\"><b>Vecka:<\/b><\/td>\n<td><b>Utl\u00e4rd dans:<\/b><\/td>\n<td><b>Repetition:<\/b><\/td>\n<\/tr>\n<tr>\n<td width=\"50\">4<\/td>\n<td>&#8211;<\/td>\n<td><span data-olk-copy-source=\"MessageBody\"><a href=\"https:\/\/www.lassolinedance.se\/o\/2025\/04\/twenty-two-22\/\" target=\"_blank\" rel=\"noopener\">Twenty Two (22)<\/a>, <a href=\"https:\/\/www.lassolinedance.se\/o\/2012\/12\/pop-da-booty-2\/\" target=\"_blank\" rel=\"noopener\">Pop Da Booty<\/a>, <a href=\"https:\/\/www.lassolinedance.se\/o\/2012\/12\/peaches-cream\/\" target=\"_blank\" rel=\"noopener\">Peaches &amp; Cream<\/a>, <a href=\"https:\/\/www.lassolinedance.se\/o\/2025\/11\/gives-me-shivers\/\" target=\"_blank\" rel=\"noopener\">Gives Me Shivers<\/a>, <a href=\"https:\/\/www.lassolinedance.se\/o\/2018\/11\/baby-blues\/\" target=\"_blank\" rel=\"noopener\">Baby Blues<\/a><\/span><\/td>\n<\/tr>\n<tr>\n<td width=\"50\">5<\/td>\n<td><span data-olk-copy-source=\"MessageBody\"><a href=\"https:\/\/www.lassolinedance.se\/o\/2012\/12\/live-laugh-love\/\" target=\"_blank\" rel=\"noopener\">Live, Laugh, Love<\/a>, <a href=\"https:\/\/www.lassolinedance.se\/o\/2026\/01\/choosin-texas\/\" target=\"_blank\" rel=\"noopener\">Choosin&#8217; Texas<\/a><\/span><\/td>\n<td>&#8211;<\/td>\n<\/tr>\n<tr>\n<td width=\"50\">6<\/td>\n<td><a href=\"https:\/\/www.lassolinedance.se\/o\/2024\/09\/a-bar-song\/\" target=\"_blank\" rel=\"noopener\">A Bar Song<\/a><\/td>\n<td>&#8211;<\/td>\n<\/tr>\n<tr>\n<td width=\"50\">7<\/td>\n<td><a href=\"https:\/\/www.lassolinedance.se\/o\/2013\/10\/baby-grace\/\" target=\"_blank\" rel=\"noopener\">Baby Grace<\/a><\/td>\n<td>&#8211;<\/td>\n<\/tr>\n<tr>\n<td width=\"50\">8<\/td>\n<td><em>Repetition<\/em><\/td>\n<td><em>Repetition<\/em><\/td>\n<\/tr>\n<tr>\n<td width=\"50\">9<\/td>\n<td><a href=\"https:\/\/www.lassolinedance.se\/o\/2018\/04\/stumbling-in\/\" target=\"_blank\" rel=\"noopener\">Stumbling In<\/a><\/td>\n<td>&#8211;<\/td>\n<\/tr>\n<tr>\n<td width=\"50\">10<\/td>\n<td><a href=\"https:\/\/www.lassolinedance.se\/o\/2012\/12\/jon-jo-tango\/\" target=\"_blank\" rel=\"noopener\">Jo &#8217;n Jo Tango<\/a>, <a href=\"https:\/\/www.lassolinedance.se\/o\/2026\/02\/easy-rock\/\" target=\"_blank\" rel=\"noopener\">Easy Rock<\/a><\/td>\n<td>&#8211;<\/td>\n<\/tr>\n<tr>\n<td width=\"50\">11<\/td>\n<td><a href=\"https:\/\/www.lassolinedance.se\/o\/2012\/12\/bounce\/\" target=\"_blank\" rel=\"noopener\">Bounce<\/a><\/td>\n<td>&#8211;<\/td>\n<\/tr>\n<tr>\n<td width=\"50\">12<\/td>\n<td><em>Repetition<\/em><\/td>\n<td><em>Repetition<\/em><\/td>\n<\/tr>\n<tr>\n<td width=\"50\">13<\/td>\n<td><a href=\"https:\/\/www.lassolinedance.se\/o\/2026\/03\/jazz-it-up\/\" target=\"_blank\" rel=\"noopener\"><span data-olk-copy-source=\"MessageBody\">Jazz It Up<\/span><\/a><\/td>\n<td>&#8211;<\/td>\n<\/tr>\n<tr>\n<td width=\"50\">14<\/td>\n<td><a href=\"https:\/\/www.lassolinedance.se\/o\/2026\/03\/vegas-vibe-ve25\/\" target=\"_blank\" rel=\"noopener\">Vegas Vibe (VE25)<\/a><\/td>\n<td>&#8211;<\/td>\n<\/tr>\n<tr>\n<td width=\"50\">15<\/td>\n<td><a href=\"https:\/\/www.lassolinedance.se\/o\/2025\/01\/romeo-tonight\/\" target=\"_blank\" rel=\"noopener\">Romeo Tonight<\/a><\/td>\n<td>&#8211;<\/td>\n<\/tr>\n<tr>\n<td width=\"50\">16<\/td>\n<td><em>Repetition<\/em><\/td>\n<td>OBS: P\u00e5 Ulvs\u00e4ttra Loge i Kallh\u00e4ll<\/td>\n<\/tr>\n<tr>\n<td width=\"50\">17<\/td>\n<td>&#8211;<\/td>\n<td>OBS: P\u00e5 Ulvs\u00e4ttra Loge i Kallh\u00e4ll<\/td>\n<\/tr>\n<tr>\n<td width=\"50\">18<\/td>\n<td>&#8211;<\/td>\n<td>OBS: P\u00e5 Ulvs\u00e4ttra Loge i Kallh\u00e4ll<\/td>\n<\/tr>\n<tr>\n<td width=\"50\">19<\/td>\n<td>&#8211;<\/td>\n<td>OBS: P\u00e5 Ulvs\u00e4ttra Loge i Kallh\u00e4ll<\/td>\n<\/tr>\n<tr>\n<td width=\"50\">20<\/td>\n<td><strong>Inst\u00e4lld<\/strong><\/td>\n<td><strong>Inst\u00e4lld<\/strong><\/td>\n<\/tr>\n<tr>\n<td width=\"50\">21<\/td>\n<td>&#8211;<\/td>\n<td>OBS: P\u00e5 Ulvs\u00e4ttra Loge i Kallh\u00e4ll<\/td>\n<\/tr>\n<tr>\n<td width=\"50\">22<\/td>\n<td>&#8211;<\/td>\n<td>OBS: P\u00e5 Ulvs\u00e4ttra Loge i Kallh\u00e4ll<\/td>\n<\/tr>\n<\/tbody>\n<\/table>\n","protected":false},"excerpt":{"rendered":"<p>Jakobsberg, Friskis &amp; Svettis \/ M\u00e5ndagar 13.00-14.30 \/ L\u00e4tt Improver Vecka: Utl\u00e4rd dans: Repetition: 4 &#8211; Until The Dawn, Stumbling In, Ride Away EZ, Nothing But You (Yeah You), Gives Me Shivers 5 Hold Me NOW, Choosin&#8217; Texas &#8211; 6 Friday At The Dance &#8211; 7 Manolito &#8211; 8 Repetition Repetition 9 Miley&#8217;s Flowers &#8211; 10 For The World, Easy Rock &#8211; 11 Repetition Repetition 12 Jazz It Up &#8211; 13 Little Heartbreak &#8211; 14 Vegas Vibe (VE25) &#8211; 15 [&hellip;]<\/p>\n","protected":false},"author":2,"featured_media":0,"parent":72,"menu_order":20,"comment_status":"closed","ping_status":"closed","template":"","meta":{"ngg_post_thumbnail":0,"footnotes":""},"class_list":["post-76","page","type-page","status-publish","hentry"],"publishpress_future_action":{"enabled":false,"date":"2026-04-28 11:54:21","action":"change-status","newStatus":"draft","terms":[],"taxonomy":"","extraData":[]},"publishpress_future_workflow_manual_trigger":{"enabledWorkflows":[]},"_links":{"self":[{"href":"https:\/\/www.lassolinedance.se\/o\/wp-json\/wp\/v2\/pages\/76","targetHints":{"allow":["GET"]}}],"collection":[{"href":"https:\/\/www.lassolinedance.se\/o\/wp-json\/wp\/v2\/pages"}],"about":[{"href":"https:\/\/www.lassolinedance.se\/o\/wp-json\/wp\/v2\/types\/page"}],"author":[{"embeddable":true,"href":"https:\/\/www.lassolinedance.se\/o\/wp-json\/wp\/v2\/users\/2"}],"replies":[{"embeddable":true,"href":"https:\/\/www.lassolinedance.se\/o\/wp-json\/wp\/v2\/comments?post=76"}],"version-history":[{"count":2,"href":"https:\/\/www.lassolinedance.se\/o\/wp-json\/wp\/v2\/pages\/76\/revisions"}],"predecessor-version":[{"id":7045,"href":"https:\/\/www.lassolinedance.se\/o\/wp-json\/wp\/v2\/pages\/76\/revisions\/7045"}],"up":[{"embeddable":true,"href":"https:\/\/www.lassolinedance.se\/o\/wp-json\/wp\/v2\/pages\/72"}],"wp:attachment":[{"href":"https:\/\/www.lassolinedance.se\/o\/wp-json\/wp\/v2\/media?parent=76"}],"curies":[{"name":"wp","href":"https:\/\/api.w.org\/{rel}","templated":true}]}}