{"id":74,"date":"2012-12-26T13:47:56","date_gmt":"2012-12-26T12:47:56","guid":{"rendered":"http:\/\/www.lassolinedance.se\/o\/?page_id=74"},"modified":"2024-09-17T15:46:00","modified_gmt":"2024-09-17T13:46:00","slug":"dansbeskrivningar","status":"publish","type":"page","link":"https:\/\/www.lassolinedance.se\/o\/danser\/dansbeskrivningar\/","title":{"rendered":"Dansbeskrivningar"},"content":{"rendered":"<p>H\u00e4r har vi samlat v\u00e5ra&nbsp;<strong>dansbeskrivningar<\/strong>&nbsp;sorterade i bokstavsordning, med&nbsp;<strong>videoklipp<\/strong>&nbsp;(om det finns) f\u00f6r att demonstrera sj\u00e4lva danserna.&nbsp;Fler kommer att komma.<\/p>\n<p><a title=\"#\" href=\"https:\/\/www.lassolinedance.se\/o\/?page_id=277\">#<\/a> <a title=\"A\" href=\"https:\/\/www.lassolinedance.se\/o\/?page_id=279\">A<\/a> <a title=\"B\" href=\"https:\/\/www.lassolinedance.se\/o\/?page_id=281\">B<\/a> <a title=\"C\" href=\"https:\/\/www.lassolinedance.se\/o\/?page_id=283\">C<\/a> <a title=\"D\" href=\"https:\/\/www.lassolinedance.se\/o\/?page_id=285\">D<\/a> <a title=\"E\" href=\"https:\/\/www.lassolinedance.se\/o\/?page_id=287\">E<\/a> <a title=\"F\" href=\"https:\/\/www.lassolinedance.se\/o\/?page_id=289\">F<\/a> <a title=\"G\" href=\"https:\/\/www.lassolinedance.se\/o\/?page_id=291\">G<\/a> <a title=\"H\" href=\"https:\/\/www.lassolinedance.se\/o\/?page_id=293\">H<\/a> <a title=\"I\" href=\"https:\/\/www.lassolinedance.se\/o\/?page_id=296\">I<\/a> <a title=\"J\" href=\"https:\/\/www.lassolinedance.se\/o\/?page_id=298\">J<\/a> <a title=\"K\" href=\"https:\/\/www.lassolinedance.se\/o\/?page_id=300\">K<\/a> <a title=\"L\" href=\"https:\/\/www.lassolinedance.se\/o\/?page_id=302\">L<\/a> <a title=\"M\" href=\"https:\/\/www.lassolinedance.se\/o\/?page_id=304\">M<\/a> <a title=\"N\" href=\"https:\/\/www.lassolinedance.se\/o\/?page_id=306\">N<\/a> <a title=\"O\" href=\"https:\/\/www.lassolinedance.se\/o\/?page_id=308\">O<\/a> <a title=\"P\" href=\"https:\/\/www.lassolinedance.se\/o\/?page_id=310\">P<\/a> <a title=\"Q\" href=\"https:\/\/www.lassolinedance.se\/o\/?page_id=312\">Q<\/a> <a title=\"R\" href=\"https:\/\/www.lassolinedance.se\/o\/?page_id=314\">R<\/a> <a title=\"S\" href=\"https:\/\/www.lassolinedance.se\/o\/?page_id=316\">S<\/a> <a title=\"T\" href=\"https:\/\/www.lassolinedance.se\/o\/?page_id=318\">T<\/a> <a title=\"U\" href=\"https:\/\/www.lassolinedance.se\/o\/?page_id=321\">U<\/a> <a title=\"V\" href=\"https:\/\/www.lassolinedance.se\/o\/?page_id=323\">V<\/a> <a title=\"W\" href=\"https:\/\/www.lassolinedance.se\/o\/?page_id=325\">W<\/a> <a title=\"X\" href=\"https:\/\/www.lassolinedance.se\/o\/?page_id=327\">X<\/a> <a title=\"Y\" href=\"https:\/\/www.lassolinedance.se\/o\/?page_id=329\">Y<\/a> <a title=\"Z\" href=\"https:\/\/www.lassolinedance.se\/o\/?page_id=331\">Z<\/a> <a title=\"\u00c5\" href=\"https:\/\/www.lassolinedance.se\/o\/?page_id=333\">\u00c5<\/a> <a title=\"\u00c4\" href=\"https:\/\/www.lassolinedance.se\/o\/?page_id=335\">\u00c4<\/a> <a title=\"\u00d6\" href=\"https:\/\/www.lassolinedance.se\/o\/?page_id=337\">\u00d6<\/a><\/p>\n","protected":false},"excerpt":{"rendered":"<p>H\u00e4r har vi samlat v\u00e5ra&nbsp;dansbeskrivningar&nbsp;sorterade i bokstavsordning, med&nbsp;videoklipp&nbsp;(om det finns) f\u00f6r att demonstrera sj\u00e4lva danserna.&nbsp;Fler kommer att komma. # A B C D E F G H I J K L M N O P Q R S T U V W X Y Z \u00c5 \u00c4 \u00d6<\/p>\n","protected":false},"author":2,"featured_media":0,"parent":72,"menu_order":10,"comment_status":"closed","ping_status":"closed","template":"","meta":{"ngg_post_thumbnail":0,"footnotes":""},"class_list":["post-74","page","type-page","status-publish","hentry"],"publishpress_future_action":{"enabled":false,"date":"2026-05-14 02:33:17","action":"change-status","newStatus":"draft","terms":[],"taxonomy":"","extraData":[]},"publishpress_future_workflow_manual_trigger":{"enabledWorkflows":[]},"_links":{"self":[{"href":"https:\/\/www.lassolinedance.se\/o\/wp-json\/wp\/v2\/pages\/74","targetHints":{"allow":["GET"]}}],"collection":[{"href":"https:\/\/www.lassolinedance.se\/o\/wp-json\/wp\/v2\/pages"}],"about":[{"href":"https:\/\/www.lassolinedance.se\/o\/wp-json\/wp\/v2\/types\/page"}],"author":[{"embeddable":true,"href":"https:\/\/www.lassolinedance.se\/o\/wp-json\/wp\/v2\/users\/2"}],"replies":[{"embeddable":true,"href":"https:\/\/www.lassolinedance.se\/o\/wp-json\/wp\/v2\/comments?post=74"}],"version-history":[{"count":2,"href":"https:\/\/www.lassolinedance.se\/o\/wp-json\/wp\/v2\/pages\/74\/revisions"}],"predecessor-version":[{"id":6538,"href":"https:\/\/www.lassolinedance.se\/o\/wp-json\/wp\/v2\/pages\/74\/revisions\/6538"}],"up":[{"embeddable":true,"href":"https:\/\/www.lassolinedance.se\/o\/wp-json\/wp\/v2\/pages\/72"}],"wp:attachment":[{"href":"https:\/\/www.lassolinedance.se\/o\/wp-json\/wp\/v2\/media?parent=74"}],"curies":[{"name":"wp","href":"https:\/\/api.w.org\/{rel}","templated":true}]}}