{"id":5648,"date":"2023-01-19T11:39:05","date_gmt":"2023-01-19T10:39:05","guid":{"rendered":"https:\/\/www.lassolinedance.se\/o\/?page_id=5648"},"modified":"2023-01-19T11:39:36","modified_gmt":"2023-01-19T10:39:36","slug":"hosten-2022","status":"publish","type":"page","link":"https:\/\/www.lassolinedance.se\/o\/danser\/utlarda-historik\/hosten-2022\/","title":{"rendered":"H\u00f6sten 2022"},"content":{"rendered":"<h2>Jakobsberg, Huset p\u00e5 h\u00f6jden \/ Fredagar \/ L\u00e4tt Improver<\/h2>\n<p>&nbsp;<\/p>\n<table>\n<tbody>\n<tr>\n<td width=\"63\"><b>Vecka:<\/b><\/td>\n<td><b>Utl\u00e4rd dans:<\/b><\/td>\n<td><b>Repetition L\u00e4tt Improver:<\/b><\/td>\n<td><b>Repetition Improver:<\/b><\/td>\n<\/tr>\n<tr>\n<td width=\"50\">38<\/td>\n<td><em><strong>Repetition<\/strong><\/em><\/td>\n<td><a href=\"https:\/\/www.lassolinedance.se\/o\/2022\/01\/dance-without-a-partner\/\" target=\"_blank\" rel=\"noopener\">Dance Without A Partner<\/a>, <a href=\"https:\/\/www.lassolinedance.se\/o\/2022\/02\/summer-shake\/\" target=\"_blank\" rel=\"noopener\">Summer Shake<\/a>, <a href=\"https:\/\/www.lassolinedance.se\/o\/2022\/02\/tequila-little-cha\/\" target=\"_blank\" rel=\"noopener\">Tequila Little Cha<\/a>, <a href=\"https:\/\/www.lassolinedance.se\/o\/2022\/03\/hey-now\/\" target=\"_blank\" rel=\"noopener\">Hey Now<\/a>, <a href=\"https:\/\/www.lassolinedance.se\/o\/2018\/11\/baby-blues\/\" target=\"_blank\" rel=\"noopener\">Baby Blues<\/a><\/td>\n<td>&#8211;<\/td>\n<\/tr>\n<tr>\n<td width=\"50\">39<\/td>\n<td><a href=\"https:\/\/www.lassolinedance.se\/o\/2020\/03\/nothing-but-you-yeah-you\/\" target=\"_blank\" rel=\"noopener\">Nothing But You (Yeah You)<\/a><\/td>\n<td><a href=\"https:\/\/www.lassolinedance.se\/o\/2016\/04\/senorita-tu\/\" target=\"_blank\" rel=\"noopener\">Senorita Tu<\/a><\/td>\n<td>&#8211;<\/td>\n<\/tr>\n<tr>\n<td width=\"50\">40<\/td>\n<td><a href=\"https:\/\/www.lassolinedance.se\/o\/2022\/09\/dancin-in-the-moonlight\/\" target=\"_blank\" rel=\"noopener\">Dancin&#8217; In The Moonlight<\/a><\/td>\n<td><a href=\"https:\/\/www.lassolinedance.se\/o\/2012\/12\/higher-higher\/\" target=\"_blank\" rel=\"noopener\">Higher &amp; Higher<\/a><\/td>\n<td>&#8211;<\/td>\n<\/tr>\n<tr>\n<td width=\"50\">41<\/td>\n<td><a href=\"https:\/\/www.lassolinedance.se\/o\/2018\/09\/love-flow\/\" target=\"_blank\" rel=\"noopener\">Love Flow<\/a><\/td>\n<td><a href=\"https:\/\/www.lassolinedance.se\/o\/2017\/02\/until-the-dawn\/\" target=\"_blank\" rel=\"noopener\">Until The Dawn<\/a>, <a href=\"https:\/\/www.lassolinedance.se\/o\/2012\/12\/just-a-memory\/\" target=\"_blank\" rel=\"noopener\">Just A Memory<\/a><\/td>\n<td>&#8211;<\/td>\n<\/tr>\n<tr>\n<td width=\"50\">42<\/td>\n<td><strong><em>Repetition<\/em><\/strong><\/td>\n<td>&#8211;<\/td>\n<td>&#8211;<\/td>\n<\/tr>\n<tr>\n<td width=\"50\">43<\/td>\n<td><a href=\"https:\/\/www.lassolinedance.se\/o\/2022\/10\/train-swing\/\" target=\"_blank\" rel=\"noopener\">Train Swing<\/a><\/td>\n<td><a href=\"https:\/\/www.lassolinedance.se\/o\/2022\/03\/do-it-with-style\/\" target=\"_blank\" rel=\"noopener\">Do It With Style<\/a>, <a href=\"https:\/\/www.lassolinedance.se\/o\/2018\/09\/i-close-my-eyes\/\" target=\"_blank\" rel=\"noopener\">I Close My Eyes<\/a><\/td>\n<td>&#8211;<\/td>\n<\/tr>\n<tr>\n<td width=\"50\">44<\/td>\n<td><a href=\"https:\/\/www.lassolinedance.se\/o\/2012\/12\/closer\/\" target=\"_blank\" rel=\"noopener\">Closer<\/a><\/td>\n<td><a href=\"https:\/\/www.lassolinedance.se\/o\/2018\/09\/loco-amor\/\" target=\"_blank\" rel=\"noopener\">Loco Amor<\/a><\/td>\n<td>&#8211;<\/td>\n<\/tr>\n<tr>\n<td width=\"50\">45<\/td>\n<td><em><strong>Inst\u00e4lld<\/strong><\/em><\/td>\n<td>&#8211;<\/td>\n<td>&#8211;<\/td>\n<\/tr>\n<tr>\n<td width=\"50\">46<\/td>\n<td><a href=\"https:\/\/www.lassolinedance.se\/o\/2016\/09\/your-heaven\/\" target=\"_blank\" rel=\"noopener\">Your Heaven!<\/a><\/td>\n<td><a href=\"https:\/\/www.lassolinedance.se\/o\/2017\/03\/take-me-to-the-river-easy\/\" target=\"_blank\" rel=\"noopener\">Take Me To The River &#8211; Easy<\/a><\/td>\n<td>&#8211;<\/td>\n<\/tr>\n<tr>\n<td width=\"50\">47<\/td>\n<td><a href=\"https:\/\/www.lassolinedance.se\/o\/2020\/02\/like-a-fine-wine\/\" target=\"_blank\" rel=\"noopener\">Like A Fine Wine<\/a><\/td>\n<td><a href=\"https:\/\/www.lassolinedance.se\/o\/2019\/10\/when-you-smile\/\" target=\"_blank\" rel=\"noopener\">When You Smile<\/a><\/td>\n<td>&#8211;<\/td>\n<\/tr>\n<tr>\n<td width=\"50\">48<\/td>\n<td><a href=\"https:\/\/www.lassolinedance.se\/o\/2019\/11\/half-past-tipsy\/\" target=\"_blank\" rel=\"noopener\">Half Past Tipsy<\/a><\/td>\n<td>&#8211;<\/td>\n<td>&#8211;<\/td>\n<\/tr>\n<tr>\n<td width=\"50\">49<\/td>\n<td><a href=\"https:\/\/www.lassolinedance.se\/o\/2012\/12\/action\/\" target=\"_blank\" rel=\"noopener\">Action<\/a><\/td>\n<td>&#8211;<\/td>\n<td>&#8211;<\/td>\n<\/tr>\n<tr>\n<td width=\"50\">50<\/td>\n<td><strong><em>Repetition<\/em><\/strong><\/td>\n<td>&#8211;<\/td>\n<td>&#8211;<\/td>\n<\/tr>\n<\/tbody>\n<\/table>\n","protected":false},"excerpt":{"rendered":"<p>Jakobsberg, Huset p\u00e5 h\u00f6jden \/ Fredagar \/ L\u00e4tt Improver &nbsp; Vecka: Utl\u00e4rd dans: Repetition L\u00e4tt Improver: Repetition Improver: 38 Repetition Dance Without A Partner, Summer Shake, Tequila Little Cha, Hey Now, Baby Blues &#8211; 39 Nothing But You (Yeah You) Senorita Tu &#8211; 40 Dancin&#8217; In The Moonlight Higher &amp; Higher &#8211; 41 Love Flow Until The Dawn, Just A Memory &#8211; 42 Repetition &#8211; &#8211; 43 Train Swing Do It With Style, I Close My Eyes &#8211; 44 Closer [&hellip;]<\/p>\n","protected":false},"author":2,"featured_media":0,"parent":78,"menu_order":65,"comment_status":"closed","ping_status":"closed","template":"","meta":{"ngg_post_thumbnail":0,"footnotes":""},"class_list":["post-5648","page","type-page","status-publish","hentry"],"publishpress_future_action":{"enabled":false,"date":"2026-05-20 14:25:47","action":"change-status","newStatus":"draft","terms":[],"taxonomy":"","extraData":[]},"publishpress_future_workflow_manual_trigger":{"enabledWorkflows":[]},"_links":{"self":[{"href":"https:\/\/www.lassolinedance.se\/o\/wp-json\/wp\/v2\/pages\/5648","targetHints":{"allow":["GET"]}}],"collection":[{"href":"https:\/\/www.lassolinedance.se\/o\/wp-json\/wp\/v2\/pages"}],"about":[{"href":"https:\/\/www.lassolinedance.se\/o\/wp-json\/wp\/v2\/types\/page"}],"author":[{"embeddable":true,"href":"https:\/\/www.lassolinedance.se\/o\/wp-json\/wp\/v2\/users\/2"}],"replies":[{"embeddable":true,"href":"https:\/\/www.lassolinedance.se\/o\/wp-json\/wp\/v2\/comments?post=5648"}],"version-history":[{"count":2,"href":"https:\/\/www.lassolinedance.se\/o\/wp-json\/wp\/v2\/pages\/5648\/revisions"}],"predecessor-version":[{"id":5650,"href":"https:\/\/www.lassolinedance.se\/o\/wp-json\/wp\/v2\/pages\/5648\/revisions\/5650"}],"up":[{"embeddable":true,"href":"https:\/\/www.lassolinedance.se\/o\/wp-json\/wp\/v2\/pages\/78"}],"wp:attachment":[{"href":"https:\/\/www.lassolinedance.se\/o\/wp-json\/wp\/v2\/media?parent=5648"}],"curies":[{"name":"wp","href":"https:\/\/api.w.org\/{rel}","templated":true}]}}