{"id":5603,"date":"2022-11-19T16:03:52","date_gmt":"2022-11-19T15:03:52","guid":{"rendered":"https:\/\/www.lassolinedance.se\/o\/?page_id=5603"},"modified":"2022-11-19T16:23:49","modified_gmt":"2022-11-19T15:23:49","slug":"aktuellt","status":"publish","type":"page","link":"https:\/\/www.lassolinedance.se\/o\/","title":{"rendered":"Aktuellt"},"content":{"rendered":"<div class=\"pt-cv-wrapper\"><div class=\"pt-cv-view pt-cv-grid pt-cv-colsys\" id=\"pt-cv-view-6d7cf467es\"><div data-id=\"pt-cv-page-1\" class=\"pt-cv-page\" data-cvc=\"1\"><div class=\"col-md-12 col-sm-12 col-xs-12 pt-cv-content-item pt-cv-2-col\" ><div class='pt-cv-ifield'><a href=\"https:\/\/www.lassolinedance.se\/o\/2026\/01\/kursstart-varen-2026\/\" class=\"_self pt-cv-href-thumbnail pt-cv-thumb-left\" target=\"_self\" ><\/a>\n<div class=\"pt-cv-colwrap\"><h4 class=\"pt-cv-title\"><a href=\"https:\/\/www.lassolinedance.se\/o\/2026\/01\/kursstart-varen-2026\/\" class=\"_self\" target=\"_self\" >Kursstart, V\u00e5ren 2026<\/a><\/h4><div class=\"pt-cv-content\"><table style=\"border: none;\">\n<tbody>\n<tr>\n<td style=\"vertical-align: top;\">&nbsp;\n<p>Med \u00f6nskan om en god forts\u00e4ttning p\u00e5 det nya \u00e5ret v\u00e4lkomnar vi v\u00e5rterminen 2026 som b\u00f6rjar redan imorgon f\u00f6r seniorer och n\u00e4sta vecka p\u00e5 m\u00e5ndag den 19 januari och p\u00e5 torsdag den 22 januari f\u00f6r ordinarie grupper!<\/p>\n<p>Hj\u00e4rtligt v\u00e4lkomna p\u00e5 dansgolvet!!<\/p><\/td>\n<td><img loading=\"lazy\" decoding=\"async\" class=\"alignleft wp-image-6937\" src=\"https:\/\/www.lassolinedance.se\/o\/wp-content\/uploads\/2026\/01\/IMG-20241222-WA0001-570x1024.jpg\" alt=\"\" width=\"339\" height=\"609\" srcset=\"https:\/\/www.lassolinedance.se\/o\/wp-content\/uploads\/2026\/01\/IMG-20241222-WA0001-570x1024.jpg 570w, https:\/\/www.lassolinedance.se\/o\/wp-content\/uploads\/2026\/01\/IMG-20241222-WA0001-167x300.jpg 167w, https:\/\/www.lassolinedance.se\/o\/wp-content\/uploads\/2026\/01\/IMG-20241222-WA0001-768x1381.jpg 768w, https:\/\/www.lassolinedance.se\/o\/wp-content\/uploads\/2026\/01\/IMG-20241222-WA0001.jpg 792w\" sizes=\"auto, (max-width: 339px) 100vw, 339px\" \/><\/td>\n<\/tr>\n<\/tbody>\n<\/table>\n<p>&nbsp;<\/p>\n<\/div><\/div><\/div><\/div><\/div><\/div><\/div>\n","protected":false},"excerpt":{"rendered":"","protected":false},"author":2,"featured_media":0,"parent":0,"menu_order":1,"comment_status":"closed","ping_status":"closed","template":"","meta":{"ngg_post_thumbnail":0,"footnotes":""},"class_list":["post-5603","page","type-page","status-publish","hentry"],"publishpress_future_action":{"enabled":false,"date":"2026-05-04 11:54:15","action":"change-status","newStatus":"draft","terms":[],"taxonomy":"","extraData":[]},"publishpress_future_workflow_manual_trigger":{"enabledWorkflows":[]},"_links":{"self":[{"href":"https:\/\/www.lassolinedance.se\/o\/wp-json\/wp\/v2\/pages\/5603","targetHints":{"allow":["GET"]}}],"collection":[{"href":"https:\/\/www.lassolinedance.se\/o\/wp-json\/wp\/v2\/pages"}],"about":[{"href":"https:\/\/www.lassolinedance.se\/o\/wp-json\/wp\/v2\/types\/page"}],"author":[{"embeddable":true,"href":"https:\/\/www.lassolinedance.se\/o\/wp-json\/wp\/v2\/users\/2"}],"replies":[{"embeddable":true,"href":"https:\/\/www.lassolinedance.se\/o\/wp-json\/wp\/v2\/comments?post=5603"}],"version-history":[{"count":2,"href":"https:\/\/www.lassolinedance.se\/o\/wp-json\/wp\/v2\/pages\/5603\/revisions"}],"predecessor-version":[{"id":5610,"href":"https:\/\/www.lassolinedance.se\/o\/wp-json\/wp\/v2\/pages\/5603\/revisions\/5610"}],"wp:attachment":[{"href":"https:\/\/www.lassolinedance.se\/o\/wp-json\/wp\/v2\/media?parent=5603"}],"curies":[{"name":"wp","href":"https:\/\/api.w.org\/{rel}","templated":true}]}}