{"id":5564,"date":"2022-09-14T09:34:10","date_gmt":"2022-09-14T07:34:10","guid":{"rendered":"http:\/\/www.lassolinedance.se\/o\/?page_id=5564"},"modified":"2022-09-14T09:36:21","modified_gmt":"2022-09-14T07:36:21","slug":"varen-2022","status":"publish","type":"page","link":"https:\/\/www.lassolinedance.se\/o\/danser\/utlarda-historik\/varen-2022\/","title":{"rendered":"V\u00e5ren 2022"},"content":{"rendered":"<h2>Viksj\u00f6, Viksj\u00f6 tr\u00e4ffen \/ Fredagar \/ L\u00e4tt Improver<\/h2>\n<p>&nbsp;<\/p>\n<table>\n<tbody>\n<tr>\n<td width=\"63\"><b>Vecka:<\/b><\/td>\n<td><b>Utl\u00e4rd dans:<\/b><\/td>\n<td><b>Repetition L\u00e4tt Improver:<\/b><\/td>\n<td><b>Repetition Improver:<\/b><\/td>\n<\/tr>\n<tr>\n<td width=\"50\">3<\/td>\n<td><em>Repetition<\/em><\/td>\n<td>&#8211;<\/td>\n<td><em>Repetition<\/em><\/td>\n<\/tr>\n<tr>\n<td width=\"50\">4<\/td>\n<td><a href=\"https:\/\/www.lassolinedance.se\/o\/2022\/01\/dance-without-a-partner\/\" target=\"_blank\" rel=\"noopener\">Dance Without A Partner<\/a><\/td>\n<td><a href=\"https:\/\/www.lassolinedance.se\/o\/2012\/12\/i-saw-linda-yesterday\/\" target=\"_blank\" rel=\"noopener\">I Saw Linda Yesterday<\/a>, <a href=\"https:\/\/www.lassolinedance.se\/o\/2020\/10\/gucci\/\" target=\"_blank\" rel=\"noopener\">Gucci<\/a> och <a href=\"https:\/\/www.lassolinedance.se\/o\/2018\/09\/i-close-my-eyes\/\" target=\"_blank\" rel=\"noopener\">I Close My Eyes<\/a><\/td>\n<td><a href=\"https:\/\/www.lassolinedance.se\/o\/2017\/03\/as-i-lay-me-down\/\" target=\"_blank\" rel=\"noopener\">As I Lay Me Down<\/a>, <a href=\"https:\/\/www.lassolinedance.se\/o\/2015\/10\/rock-roll-cowboy\/\" target=\"_blank\" rel=\"noopener\">Rock &amp; Roll Cowboy<\/a> och <a href=\"https:\/\/www.lassolinedance.se\/o\/2017\/03\/take-me-to-the-river-easy\/\" target=\"_blank\" rel=\"noopener\">Take Me To The River &#8211; Easy<\/a><\/td>\n<\/tr>\n<tr>\n<td width=\"50\">5<\/td>\n<td><a href=\"https:\/\/www.lassolinedance.se\/o\/2022\/02\/summer-shake\/\" target=\"_blank\" rel=\"noopener\">Summer Shake<\/a><\/td>\n<td><a href=\"https:\/\/www.lassolinedance.se\/o\/2019\/11\/sangria-time\/\" target=\"_blank\" rel=\"noopener\">Sangria Time<\/a> och <a href=\"https:\/\/www.lassolinedance.se\/o\/2015\/11\/its-a-country-thing\/\" target=\"_blank\" rel=\"noopener\">It&#8217;s A Country Thing<\/a><\/td>\n<td><a href=\"https:\/\/www.lassolinedance.se\/o\/2019\/03\/heart-of-gold\/\" target=\"_blank\" rel=\"noopener\">Heart Of Gold<\/a> och <a href=\"https:\/\/www.lassolinedance.se\/o\/2019\/02\/codigo\/\" target=\"_blank\" rel=\"noopener\">Codigo<\/a><\/td>\n<\/tr>\n<tr>\n<td width=\"50\">6<\/td>\n<td><em>Repetition<\/em><\/td>\n<td><a href=\"https:\/\/www.lassolinedance.se\/o\/2020\/01\/shallow-easy\/\">Shallow-Easy<\/a><\/td>\n<td><a href=\"https:\/\/www.lassolinedance.se\/o\/2018\/03\/havana-heart\/\">Havana Heart<\/a><\/td>\n<\/tr>\n<tr>\n<td width=\"50\">7<\/td>\n<td><a href=\"https:\/\/www.lassolinedance.se\/o\/2022\/02\/tequila-little-cha\/\" target=\"_blank\" rel=\"noopener\">Tequila Little Cha<\/a><\/td>\n<td>&#8211;<\/td>\n<td><a href=\"https:\/\/www.lassolinedance.se\/o\/2020\/02\/like-a-fine-wine\/\" target=\"_blank\" rel=\"noopener\">Like A Fine Wine<\/a><\/td>\n<\/tr>\n<tr>\n<td width=\"50\">8<\/td>\n<td><em>Repetition<\/em><\/td>\n<td><a href=\"https:\/\/www.lassolinedance.se\/o\/2018\/11\/baby-blues\/\" target=\"_blank\" rel=\"noopener\">Baby Blues<\/a><\/td>\n<td><em>Repetition<\/em><\/td>\n<\/tr>\n<tr>\n<td width=\"50\">9<\/td>\n<td><strong><em>Inst\u00e4lld<\/em><\/strong><\/td>\n<td>&nbsp;<strong><em>Inst\u00e4lld<\/em><\/strong><\/td>\n<td>&nbsp;<strong><em>Inst\u00e4lld<\/em><\/strong><\/td>\n<\/tr>\n<tr>\n<td width=\"50\">10<\/td>\n<td><a href=\"https:\/\/www.lassolinedance.se\/o\/2022\/03\/hey-now\/\" target=\"_blank\" rel=\"noopener\">Hey Now<\/a><\/td>\n<td>&#8211;<\/td>\n<td><a href=\"https:\/\/www.lassolinedance.se\/o\/2012\/12\/time-to-swing\/\" target=\"_blank\" rel=\"noopener\">Time To Swing<\/a><\/td>\n<\/tr>\n<tr>\n<td width=\"50\">11<\/td>\n<td><em>Repetition<\/em><\/td>\n<td><a href=\"https:\/\/www.lassolinedance.se\/o\/2016\/04\/senorita-tu\/\" target=\"_blank\" rel=\"noopener\">Senorita Tu<\/a><\/td>\n<td><em>Repetition<\/em><\/td>\n<\/tr>\n<tr>\n<td width=\"50\">12<\/td>\n<td><a href=\"https:\/\/www.lassolinedance.se\/o\/2022\/03\/do-it-with-style\/\" target=\"_blank\" rel=\"noopener\">Do It With Style<\/a><\/td>\n<td>&#8211;<\/td>\n<td>&#8211;<\/td>\n<\/tr>\n<tr>\n<td width=\"50\">13<\/td>\n<td><em>Repetition<\/em><\/td>\n<td><a href=\"https:\/\/www.lassolinedance.se\/o\/2018\/04\/stumbling-in\/\" target=\"_blank\" rel=\"noopener\">Stumbling In<\/a><\/td>\n<td><em>Repetition<\/em><\/td>\n<\/tr>\n<tr>\n<td width=\"50\">14<\/td>\n<td><a href=\"https:\/\/www.lassolinedance.se\/o\/2016\/10\/we-only-live-once-easy\/\" target=\"_blank\" rel=\"noopener\">We Only Live Once &#8211; Easy<\/a><\/td>\n<td>&#8211;<\/td>\n<td><a href=\"https:\/\/www.lassolinedance.se\/o\/2019\/11\/half-past-tipsy\/\" target=\"_blank\" rel=\"noopener\">Half Past Tipsy<\/a><\/td>\n<\/tr>\n<tr>\n<td width=\"50\">15<\/td>\n<td><strong><em>P\u00e5sk &#8211; Ingen dans<\/em><\/strong><\/td>\n<td><strong><em>P\u00e5sk &#8211; Ingen dans<\/em><\/strong><\/td>\n<td><em><strong>P\u00e5sk &#8211; Ingen dans<\/strong><\/em><\/td>\n<\/tr>\n<tr>\n<td width=\"50\">16<\/td>\n<td>&nbsp;<em>Repetition<\/em><\/td>\n<td>&#8211;<\/td>\n<td>&nbsp;<em>Repetition<\/em><\/td>\n<\/tr>\n<\/tbody>\n<\/table>\n","protected":false},"excerpt":{"rendered":"<p>Viksj\u00f6, Viksj\u00f6 tr\u00e4ffen \/ Fredagar \/ L\u00e4tt Improver &nbsp; Vecka: Utl\u00e4rd dans: Repetition L\u00e4tt Improver: Repetition Improver: 3 Repetition &#8211; Repetition 4 Dance Without A Partner I Saw Linda Yesterday, Gucci och I Close My Eyes As I Lay Me Down, Rock &amp; Roll Cowboy och Take Me To The River &#8211; Easy 5 Summer Shake Sangria Time och It&#8217;s A Country Thing Heart Of Gold och Codigo 6 Repetition Shallow-Easy Havana Heart 7 Tequila Little Cha &#8211; Like A [&hellip;]<\/p>\n","protected":false},"author":2,"featured_media":0,"parent":78,"menu_order":66,"comment_status":"closed","ping_status":"closed","template":"","meta":{"ngg_post_thumbnail":0,"footnotes":""},"class_list":["post-5564","page","type-page","status-publish","hentry"],"publishpress_future_action":{"enabled":false,"date":"2026-05-07 15:04:55","action":"change-status","newStatus":"draft","terms":[],"taxonomy":"","extraData":[]},"publishpress_future_workflow_manual_trigger":{"enabledWorkflows":[]},"_links":{"self":[{"href":"https:\/\/www.lassolinedance.se\/o\/wp-json\/wp\/v2\/pages\/5564","targetHints":{"allow":["GET"]}}],"collection":[{"href":"https:\/\/www.lassolinedance.se\/o\/wp-json\/wp\/v2\/pages"}],"about":[{"href":"https:\/\/www.lassolinedance.se\/o\/wp-json\/wp\/v2\/types\/page"}],"author":[{"embeddable":true,"href":"https:\/\/www.lassolinedance.se\/o\/wp-json\/wp\/v2\/users\/2"}],"replies":[{"embeddable":true,"href":"https:\/\/www.lassolinedance.se\/o\/wp-json\/wp\/v2\/comments?post=5564"}],"version-history":[{"count":2,"href":"https:\/\/www.lassolinedance.se\/o\/wp-json\/wp\/v2\/pages\/5564\/revisions"}],"predecessor-version":[{"id":5567,"href":"https:\/\/www.lassolinedance.se\/o\/wp-json\/wp\/v2\/pages\/5564\/revisions\/5567"}],"up":[{"embeddable":true,"href":"https:\/\/www.lassolinedance.se\/o\/wp-json\/wp\/v2\/pages\/78"}],"wp:attachment":[{"href":"https:\/\/www.lassolinedance.se\/o\/wp-json\/wp\/v2\/media?parent=5564"}],"curies":[{"name":"wp","href":"https:\/\/api.w.org\/{rel}","templated":true}]}}