{"id":5509,"date":"2022-01-18T16:15:54","date_gmt":"2022-01-18T15:15:54","guid":{"rendered":"http:\/\/www.lassolinedance.se\/o\/?page_id=5509"},"modified":"2022-01-18T16:18:51","modified_gmt":"2022-01-18T15:18:51","slug":"hosten-2021","status":"publish","type":"page","link":"https:\/\/www.lassolinedance.se\/o\/danser\/utlarda-historik\/hosten-2021\/","title":{"rendered":"H\u00f6sten 2021"},"content":{"rendered":"<h2>Viksj\u00f6, Viksj\u00f6 tr\u00e4ffen \/ Fredagar \/ L\u00e4tt Improver<\/h2>\n<p>&nbsp;<\/p>\n<table>\n<tbody>\n<tr>\n<td width=\"63\"><b>Vecka:<\/b><\/td>\n<td><b>Utl\u00e4rd dans:<\/b><\/td>\n<td><b>Repetition L\u00e4tt Improver:<\/b><\/td>\n<td><b>Repetition Improver:<\/b><\/td>\n<\/tr>\n<tr>\n<td width=\"50\">40<\/td>\n<td>&#8211;<\/td>\n<td><a href=\"https:\/\/www.lassolinedance.se\/o\/2012\/12\/country-walkin\/\" target=\"_blank\" rel=\"noopener\">Country Walking<\/a>, <a href=\"https:\/\/www.lassolinedance.se\/o\/2018\/02\/story\/\" target=\"_blank\" rel=\"noopener\">Story<\/a>, <a href=\"https:\/\/www.lassolinedance.se\/o\/2013\/10\/baby-grace\/\" target=\"_blank\" rel=\"noopener\">Baby Grace<\/a>, <a href=\"https:\/\/www.lassolinedance.se\/o\/2012\/12\/irish-stew\/\" target=\"_blank\" rel=\"noopener\">Irish Stew<\/a> och <a href=\"https:\/\/www.lassolinedance.se\/o\/2017\/02\/until-the-dawn\/\" target=\"_blank\" rel=\"noopener\">Until The Dawn<\/a><\/td>\n<td>&#8211;<\/td>\n<\/tr>\n<tr>\n<td width=\"50\">41<\/td>\n<td><a href=\"https:\/\/www.lassolinedance.se\/o\/2020\/10\/simple-things\/\" target=\"_blank\" rel=\"noopener\">Simple Things<\/a><\/td>\n<td><a href=\"https:\/\/www.lassolinedance.se\/o\/2020\/03\/nothing-but-you-yeah-you\/\" target=\"_blank\" rel=\"noopener\">Nothing But You (Yeah You)<\/a><\/td>\n<td><a href=\"https:\/\/www.lassolinedance.se\/o\/2014\/09\/wagon-wheel-rock\/\" target=\"_blank\" rel=\"noopener\">Wagon Wheel Rock<\/a><\/td>\n<\/tr>\n<tr>\n<td width=\"50\">42<\/td>\n<td><a href=\"https:\/\/www.lassolinedance.se\/o\/2019\/09\/lonely-blues\/\" target=\"_blank\" rel=\"noopener\">Lonely Blues<\/a><\/td>\n<td><a href=\"https:\/\/www.lassolinedance.se\/o\/2019\/10\/senorita-la-la-la\/\" target=\"_blank\" rel=\"noopener\">Senorita La-La-La<\/a><\/td>\n<td><a href=\"https:\/\/www.lassolinedance.se\/o\/2017\/01\/missing\/\" target=\"_blank\" rel=\"noopener\">Missing<\/a><\/td>\n<\/tr>\n<tr>\n<td width=\"50\">43<\/td>\n<td><em>Repetition<\/em><\/td>\n<td>&#8211;<\/td>\n<td><a href=\"https:\/\/www.lassolinedance.se\/o\/2016\/10\/lay-low\/\" target=\"_blank\" rel=\"noopener\">Lay Low<\/a><\/td>\n<\/tr>\n<tr>\n<td width=\"50\">44<\/td>\n<td><a href=\"https:\/\/www.lassolinedance.se\/o\/2012\/12\/i-saw-linda-yesterday\/\">I Saw Linda Yesterday<\/a><\/td>\n<td><a href=\"https:\/\/www.lassolinedance.se\/o\/2018\/09\/loco-amor\/\">Loco Amor<\/a><\/td>\n<td><a href=\"https:\/\/www.lassolinedance.se\/o\/2016\/10\/4691\/\" target=\"_blank\" rel=\"noopener\">Gypsy Queen<\/a><\/td>\n<\/tr>\n<tr>\n<td width=\"50\">45<\/td>\n<td><a href=\"https:\/\/www.lassolinedance.se\/o\/2012\/12\/feel-like-a-fool\/\" target=\"_blank\" rel=\"noopener\">Feel Like A Fool<\/a><\/td>\n<td>&#8211;<\/td>\n<td><a href=\"https:\/\/www.lassolinedance.se\/o\/2016\/09\/so-just-dance-dance-dance\/\" target=\"_blank\" rel=\"noopener\">So Just Dance Dance Dance!<\/a><\/td>\n<\/tr>\n<tr>\n<td width=\"50\">46<\/td>\n<td><em>Repetition<\/em><\/td>\n<td><a href=\"https:\/\/www.lassolinedance.se\/o\/2019\/11\/sangria-time\/\" target=\"_blank\" rel=\"noopener\">Sangria Time<\/a><\/td>\n<td><a href=\"https:\/\/www.lassolinedance.se\/o\/2019\/03\/for-the-world\/\" target=\"_blank\" rel=\"noopener\">For The World<\/a><\/td>\n<\/tr>\n<tr>\n<td width=\"50\">47<\/td>\n<td><a href=\"https:\/\/www.lassolinedance.se\/o\/2017\/04\/bored\/\" target=\"_blank\" rel=\"noopener\">Bored<\/a><\/td>\n<td>&#8211;<\/td>\n<td><a href=\"https:\/\/www.lassolinedance.se\/o\/2017\/10\/blue-wing\/\" target=\"_blank\" rel=\"noopener\">Blue Wing<\/a><\/td>\n<\/tr>\n<tr>\n<td width=\"50\">48<\/td>\n<td><a href=\"https:\/\/www.lassolinedance.se\/o\/2012\/12\/jon-jo-tango\/\" target=\"_blank\" rel=\"noopener\">Jo n&#8217; Jo Tango<\/a><\/td>\n<td>&#8211;<\/td>\n<td><a href=\"https:\/\/www.lassolinedance.se\/o\/2012\/12\/make-you-sweat\/\" target=\"_blank\" rel=\"noopener\">Make You Sweat<\/a><\/td>\n<\/tr>\n<tr>\n<td width=\"50\">49<\/td>\n<td><a href=\"https:\/\/www.lassolinedance.se\/o\/2016\/09\/your-heaven\/\" target=\"_blank\" rel=\"noopener\">Your Heaven<\/a><\/td>\n<td>&#8211;<\/td>\n<td><a href=\"https:\/\/www.lassolinedance.se\/o\/2012\/12\/pretend\/\" target=\"_blank\" rel=\"noopener\">Pretend<\/a><\/td>\n<\/tr>\n<tr>\n<td width=\"50\">50<\/td>\n<td><em>Repetition<\/em><\/td>\n<td>&#8211;<\/td>\n<td><em>Repetition<\/em><\/td>\n<\/tr>\n<\/tbody>\n<\/table>\n","protected":false},"excerpt":{"rendered":"<p>Viksj\u00f6, Viksj\u00f6 tr\u00e4ffen \/ Fredagar \/ L\u00e4tt Improver &nbsp; Vecka: Utl\u00e4rd dans: Repetition L\u00e4tt Improver: Repetition Improver: 40 &#8211; Country Walking, Story, Baby Grace, Irish Stew och Until The Dawn &#8211; 41 Simple Things Nothing But You (Yeah You) Wagon Wheel Rock 42 Lonely Blues Senorita La-La-La Missing 43 Repetition &#8211; Lay Low 44 I Saw Linda Yesterday Loco Amor Gypsy Queen 45 Feel Like A Fool &#8211; So Just Dance Dance Dance! 46 Repetition Sangria Time For The World [&hellip;]<\/p>\n","protected":false},"author":2,"featured_media":0,"parent":78,"menu_order":67,"comment_status":"closed","ping_status":"closed","template":"","meta":{"ngg_post_thumbnail":0,"footnotes":""},"class_list":["post-5509","page","type-page","status-publish","hentry"],"publishpress_future_action":{"enabled":false,"date":"2026-04-28 11:55:42","action":"change-status","newStatus":"draft","terms":[],"taxonomy":"","extraData":[]},"publishpress_future_workflow_manual_trigger":{"enabledWorkflows":[]},"_links":{"self":[{"href":"https:\/\/www.lassolinedance.se\/o\/wp-json\/wp\/v2\/pages\/5509","targetHints":{"allow":["GET"]}}],"collection":[{"href":"https:\/\/www.lassolinedance.se\/o\/wp-json\/wp\/v2\/pages"}],"about":[{"href":"https:\/\/www.lassolinedance.se\/o\/wp-json\/wp\/v2\/types\/page"}],"author":[{"embeddable":true,"href":"https:\/\/www.lassolinedance.se\/o\/wp-json\/wp\/v2\/users\/2"}],"replies":[{"embeddable":true,"href":"https:\/\/www.lassolinedance.se\/o\/wp-json\/wp\/v2\/comments?post=5509"}],"version-history":[{"count":2,"href":"https:\/\/www.lassolinedance.se\/o\/wp-json\/wp\/v2\/pages\/5509\/revisions"}],"predecessor-version":[{"id":5513,"href":"https:\/\/www.lassolinedance.se\/o\/wp-json\/wp\/v2\/pages\/5509\/revisions\/5513"}],"up":[{"embeddable":true,"href":"https:\/\/www.lassolinedance.se\/o\/wp-json\/wp\/v2\/pages\/78"}],"wp:attachment":[{"href":"https:\/\/www.lassolinedance.se\/o\/wp-json\/wp\/v2\/media?parent=5509"}],"curies":[{"name":"wp","href":"https:\/\/api.w.org\/{rel}","templated":true}]}}