{"id":55,"date":"2012-12-26T13:31:04","date_gmt":"2012-12-26T12:31:04","guid":{"rendered":"http:\/\/www.lassolinedance.se\/o\/?page_id=55"},"modified":"2015-09-21T13:29:46","modified_gmt":"2015-09-21T11:29:46","slug":"kurser","status":"publish","type":"page","link":"https:\/\/www.lassolinedance.se\/o\/kurser\/","title":{"rendered":"Kurser"},"content":{"rendered":"<p><strong>Grundkurs<\/strong><br \/>\nF\u00f6r er som inte har dansat linedance alls eller gjorde det f\u00f6r ett tag sedan och vill b\u00f6rja igen.<br \/>\nUnder denna terminen kommer vi att l\u00e4ra oss roliga nyb\u00f6rjardanser och bekanta oss med namnen p\u00e5 dom olika grundstegen.<\/p>\n<p><strong>Grundkurs Senior<\/strong><br \/>\nF\u00f6r er som inte har dansat linedance alls eller gjorde det f\u00f6r ett tag sedan och vill b\u00f6rja igen.<br \/>\nUnder denna terminen kommer vi att l\u00e4ra oss roliga nyb\u00f6rjardanser och bekanta oss med namnen p\u00e5 dom olika grundstegen, men i ett lite lugnare tempo \u00e4n den vanliga grundkursen och mycket repetition.<\/p>\n<p><strong>Forts\u00e4ttning 1<br \/>\n<\/strong>F\u00f6r er som har g\u00e5tt grundkursen och \u00e4r redo f\u00f6r att l\u00e4ra sig nya, roliga och sp\u00e4nnande danskombinationer.<\/p>\n<p><strong>Forts\u00e4ttning 2<br \/>\n<\/strong>F\u00f6r er som har g\u00e5tt grundkursen och Forts\u00e4ttning 1 och \u00e4r redo f\u00f6r att l\u00e4ra sig nya, roliga och sp\u00e4nnande danskombinationer.<\/p>\n<p><strong>Improver<\/strong><br \/>\nEn kurs f\u00f6r er som har dansat minst 2 terminer. Tempot h\u00e4r \u00e4r h\u00f6gre och danserna ger en angen\u00e4m utmaning.<\/p>\n<p><strong>Novis<\/strong><br \/>\nH\u00e4r b\u00f6rjar vi l\u00e4ra oss mer avancerade danser d\u00e5 man b\u00f6r kunna namnen p\u00e5 alla stegen och hur dessa utf\u00f6rs. Utl\u00e4rningstempot \u00e4r h\u00f6gre och danserna best\u00e5r ofta av fler takter \u00e4n 32!<\/p>\n<p><strong>Intermediate<\/strong><br \/>\nDen h\u00e4r kursen rekommenderar vi f\u00f6r dig som utan problem h\u00e4nger med och har dansat n\u00e5gra \u00e5r. Du k\u00e4nner dig s\u00e4ker med terminologin och dansar mycket. Danserna \u00e4r p\u00e5 Intermediate niv\u00e5 och h\u00e4mtas oftast ifr\u00e5n topplistorna eller v\u00e4ljs f\u00f6r att flera andra klubbar l\u00e4rt ut danserna. Utl\u00e4rningstakten \u00e4r <em>oftast<\/em> en ny dans varje vecka. Niv\u00e5n passar dig som \u00e4r avancerad men inte g\u00e5r ut och danser eller hinner tr\u00e4na s\u00e5 mycket sj\u00e4lv.<\/p>\n<p>&nbsp;<\/p>\n<p><strong>KOM IH\u00c5G ATT VILKEN KURS NI \u00c4N V\u00c4LJER ATT G\u00c5 P\u00c5 S\u00c5 KOMMER NI INTE ATT \u00c5NGRA ATT NI HAR VALT ATT BLI EN \u201dLINEDANSARE\u201d.<\/strong><\/p>\n<hr \/>\n<p>En \u201dLINEDANSARE\u201d \u00e4r:<\/p>\n<p>\u2022 En som kan skilja sin v\u00e4nstra fot fr\u00e5n den h\u00f6gra, men som ibland gl\u00f6mmer bort det.<br \/>\n\u2022 En som l\u00e4rt sig g\u00f6ra som han\/hon blir tillsagd, men som inte alltid g\u00f6r det.<br \/>\n\u2022 En som \u00e4r fanatisk i sitt s\u00f6kande efter att ha roligt, han\/hon reser miltals, i alla slags v\u00e4der,<br \/>\ntill st\u00e4llen de annars aldrig skulle bes\u00f6ka.<br \/>\n\u2022 En som spenderar all sin vakna tid p\u00e5 f\u00f6tterna, men trots eventuella kr\u00e4mpor ler hela tiden.<\/p>\n<p><strong>En \u201dlinedansare\u201d har ett eget spr\u00e5k:<\/strong> &#8221;vine&#8221; v\u00e4xer i busksn\u00e5r, &#8221;fans&#8221; h\u00e5ller dig sval, en &#8221;triple&#8221; kunde f\u00f6rsvaga din vision, en &#8221;hitch&#8221; h\u00f6r till en sl\u00e4pvagn och en &#8221;lock&#8221; var n\u00e5got man anv\u00e4nde i ett l\u00e5s?<\/p>\n<p><strong>Hur passar d\u00e5 allt detta in p\u00e5 linedansarens golv?<br \/>\nFR\u00c5GA EN LINEDANSARE !!!<\/strong><\/p>\n<p>Om den h\u00e4r beskrivningen st\u00e4mmer \u2013 var inte orolig, den h\u00e4r \u201dsjukdomen\u201d \u00e4r i praktiken obotlig, sjukdomen \u00e4r inte farlig och de flesta linedansare har en \u00f6nskan att ist\u00e4llet smitta av sig till andra.<\/p>\n","protected":false},"excerpt":{"rendered":"<p>Grundkurs F\u00f6r er som inte har dansat linedance alls eller gjorde det f\u00f6r ett tag sedan och vill b\u00f6rja igen. Under denna terminen kommer vi att l\u00e4ra oss roliga nyb\u00f6rjardanser och bekanta oss med namnen p\u00e5 dom olika grundstegen. Grundkurs Senior F\u00f6r er som inte har dansat linedance alls eller gjorde det f\u00f6r ett tag sedan och vill b\u00f6rja igen. Under denna terminen kommer vi att l\u00e4ra oss roliga nyb\u00f6rjardanser och bekanta oss med namnen p\u00e5 dom olika grundstegen, men [&hellip;]<\/p>\n","protected":false},"author":2,"featured_media":0,"parent":0,"menu_order":3,"comment_status":"closed","ping_status":"closed","template":"","meta":{"ngg_post_thumbnail":0,"footnotes":""},"class_list":["post-55","page","type-page","status-publish","hentry"],"publishpress_future_action":{"enabled":false,"date":"2026-05-09 04:24:56","action":"change-status","newStatus":"draft","terms":[],"taxonomy":"","extraData":[]},"publishpress_future_workflow_manual_trigger":{"enabledWorkflows":[]},"_links":{"self":[{"href":"https:\/\/www.lassolinedance.se\/o\/wp-json\/wp\/v2\/pages\/55","targetHints":{"allow":["GET"]}}],"collection":[{"href":"https:\/\/www.lassolinedance.se\/o\/wp-json\/wp\/v2\/pages"}],"about":[{"href":"https:\/\/www.lassolinedance.se\/o\/wp-json\/wp\/v2\/types\/page"}],"author":[{"embeddable":true,"href":"https:\/\/www.lassolinedance.se\/o\/wp-json\/wp\/v2\/users\/2"}],"replies":[{"embeddable":true,"href":"https:\/\/www.lassolinedance.se\/o\/wp-json\/wp\/v2\/comments?post=55"}],"version-history":[{"count":2,"href":"https:\/\/www.lassolinedance.se\/o\/wp-json\/wp\/v2\/pages\/55\/revisions"}],"predecessor-version":[{"id":3763,"href":"https:\/\/www.lassolinedance.se\/o\/wp-json\/wp\/v2\/pages\/55\/revisions\/3763"}],"wp:attachment":[{"href":"https:\/\/www.lassolinedance.se\/o\/wp-json\/wp\/v2\/media?parent=55"}],"curies":[{"name":"wp","href":"https:\/\/api.w.org\/{rel}","templated":true}]}}