{"id":5261,"date":"2019-09-02T12:09:44","date_gmt":"2019-09-02T10:09:44","guid":{"rendered":"http:\/\/www.lassolinedance.se\/o\/?page_id=5261"},"modified":"2019-09-02T12:09:44","modified_gmt":"2019-09-02T10:09:44","slug":"varen-2019","status":"publish","type":"page","link":"https:\/\/www.lassolinedance.se\/o\/danser\/utlarda-historik\/varen-2019\/","title":{"rendered":"V\u00e5ren 2019"},"content":{"rendered":"<h2>Kallh\u00e4ll, Folkets Hus \/ M\u00e5ndagar \/ Improver<\/h2>\n<table>\n<tbody>\n<tr>\n<td width=\"63\"><b>Vecka:<\/b><\/td>\n<td><b>Utl\u00e4rd dans:<\/b><\/td>\n<\/tr>\n<tr>\n<td width=\"50\">4<\/td>\n<td><em>Repetition av <\/em><a href=\"https:\/\/www.lassolinedance.se\/o\/2018\/09\/love-flow\/\" target=\"_blank\" rel=\"noopener\">Love Flow<\/a>, <a href=\"https:\/\/www.lassolinedance.se\/o\/2018\/09\/loco-amor\/\" target=\"_blank\" rel=\"noopener\">Loco Amor<\/a>, <a href=\"https:\/\/www.lassolinedance.se\/o\/2018\/09\/i-close-my-eyes\/\" target=\"_blank\" rel=\"noopener\">I Close My Eyes<\/a>, <a href=\"https:\/\/www.lassolinedance.se\/o\/2017\/10\/blue-wing\/\" target=\"_blank\" rel=\"noopener\">Blue Wing<\/a>, <a href=\"https:\/\/www.lassolinedance.se\/o\/2015\/10\/rock-roll-cowboy\/\" target=\"_blank\" rel=\"noopener\">Rock &amp; Roll Cowboy<\/a>, <a href=\"https:\/\/www.lassolinedance.se\/o\/2018\/03\/havana-heart\/\" target=\"_blank\" rel=\"noopener\">Havana Heart<\/a>, <a href=\"https:\/\/www.lassolinedance.se\/o\/2013\/09\/winners-losers\/\" target=\"_blank\" rel=\"noopener\">Winners and Losers<\/a> <em>och<\/em> <a href=\"https:\/\/www.lassolinedance.se\/o\/2018\/04\/stumbling-in\/\" target=\"_blank\" rel=\"noopener\">Stumbling In<\/a><em><br \/>\n<\/em><\/td>\n<\/tr>\n<tr>\n<td width=\"50\">5<\/td>\n<td><a href=\"https:\/\/www.lassolinedance.se\/o\/2019\/01\/a-mess-of-blues\/\">A Mess Of Blues<\/a> &#8211; <em>Samt repetition av<\/em> <a href=\"https:\/\/www.lassolinedance.se\/o\/2018\/10\/friday-at-the-dance\/\" target=\"_blank\" rel=\"noopener\">Friday At The Dance<\/a> <em>och<\/em> <a href=\"https:\/\/www.lassolinedance.se\/o\/2012\/12\/islands-in-the-stream\/\" target=\"_blank\" rel=\"noopener\">Islands In The Stream<\/a><\/td>\n<\/tr>\n<tr>\n<td width=\"50\">6<\/td>\n<td><a href=\"https:\/\/www.lassolinedance.se\/o\/2019\/02\/codigo\/\" target=\"_blank\" rel=\"noopener\">Codigo<\/a><\/td>\n<\/tr>\n<tr>\n<td width=\"50\">7<\/td>\n<td><em>Repetition av <\/em><a href=\"https:\/\/www.lassolinedance.se\/o\/2012\/12\/cooleys-reel\/\" target=\"_blank\" rel=\"noopener\">Cooley&#8217;s Reel<\/a>, <a href=\"https:\/\/www.lassolinedance.se\/o\/2012\/12\/action\/\" target=\"_blank\" rel=\"noopener\">Action<\/a>, <a href=\"https:\/\/www.lassolinedance.se\/o\/2012\/12\/pretend\/\" target=\"_blank\" rel=\"noopener\">Pretend<\/a> <em>och<\/em> <a href=\"https:\/\/www.lassolinedance.se\/o\/2012\/12\/islands-in-the-stream\/\" target=\"_blank\" rel=\"noopener\">Islands in the Stream<\/a><em><br \/>\n<\/em><\/td>\n<\/tr>\n<tr>\n<td width=\"50\">8<\/td>\n<td><a href=\"https:\/\/www.lassolinedance.se\/o\/2019\/02\/a-little-love-trip\/\" target=\"_blank\" rel=\"noopener\">A Little Love Trip<\/a><\/td>\n<\/tr>\n<tr>\n<td width=\"50\">9<\/td>\n<td><em>Repetition av <\/em><a href=\"https:\/\/www.lassolinedance.se\/o\/2012\/12\/until-the-end\/\" target=\"_blank\" rel=\"noopener\">Until the End<\/a>, <a href=\"https:\/\/www.lassolinedance.se\/o\/2017\/09\/jag-trodde-anglarna-fanns\/\" target=\"_blank\" rel=\"noopener\">Jag trodde \u00e4nglarna fanns!<\/a>, <a href=\"https:\/\/www.lassolinedance.se\/o\/2012\/12\/make-you-sweat\/\" target=\"_blank\" rel=\"noopener\">Make You Sweat<\/a> <em>och<\/em> <a href=\"https:\/\/www.lassolinedance.se\/o\/2017\/01\/missing\/\" target=\"_blank\" rel=\"noopener\">Missing<\/a><em><br \/>\n<\/em><\/td>\n<\/tr>\n<tr>\n<td width=\"50\">10<\/td>\n<td><a href=\"https:\/\/www.lassolinedance.se\/o\/2019\/03\/heart-of-gold\/\" target=\"_blank\" rel=\"noopener\">Heart of Gold<\/a><\/td>\n<\/tr>\n<tr>\n<td width=\"50\">11<\/td>\n<td><em>Repetition av <\/em><a href=\"https:\/\/www.lassolinedance.se\/o\/2017\/02\/stop-staring-at-my-eyes\/\" target=\"_blank\" rel=\"noopener\">Stop Staring At My Eyes!<\/a><em> och <\/em><a href=\"https:\/\/www.lassolinedance.se\/o\/2014\/09\/down-to-the-river\/\" target=\"_blank\" rel=\"noopener\">Down To The River<\/a><em><br \/>\n<\/em><\/td>\n<\/tr>\n<tr>\n<td width=\"50\">12<\/td>\n<td><a href=\"https:\/\/www.lassolinedance.se\/o\/2019\/03\/some-girls-will\/\" target=\"_blank\" rel=\"noopener\">Some Girls Will<\/a><\/td>\n<\/tr>\n<tr>\n<td width=\"50\">13<\/td>\n<td><em>Repetition<\/em><\/td>\n<\/tr>\n<tr>\n<td width=\"50\">14<\/td>\n<td><a href=\"https:\/\/www.lassolinedance.se\/o\/2019\/03\/for-the-world\/\" target=\"_blank\" rel=\"noopener\">For The World<\/a><\/td>\n<\/tr>\n<tr>\n<td width=\"50\">15<\/td>\n<td><em>Repetition<\/em><\/td>\n<\/tr>\n<\/tbody>\n<\/table>\n<p>&nbsp;<\/p>\n<h2>Kungs\u00e4ngen, Kulturhuset \/ Tisdagar \/ Nyb\u00f6rjarkurs<\/h2>\n<table>\n<tbody>\n<tr>\n<td width=\"63\"><b>Vecka:<\/b><\/td>\n<td><b>Utl\u00e4rd dans:<\/b><\/td>\n<\/tr>\n<tr>\n<td width=\"50\">4<\/td>\n<td><em>Repetition av <\/em><a href=\"https:\/\/www.lassolinedance.se\/o\/2012\/12\/california-freeze\/\" target=\"_blank\" rel=\"noopener\">California Freeze<\/a>, <a href=\"https:\/\/www.lassolinedance.se\/o\/2014\/02\/lasso-shuffle\/\" target=\"_blank\" rel=\"noopener\">Lasso Shuffle<\/a><em> och <\/em><a href=\"https:\/\/www.lassolinedance.se\/o\/2012\/12\/a-b-chilli-cha\/\" target=\"_blank\" rel=\"noopener\">AB Chilli Cha<\/a><em><br \/>\n<\/em><\/td>\n<\/tr>\n<tr>\n<td width=\"50\">5<\/td>\n<td><a href=\"https:\/\/www.lassolinedance.se\/o\/2019\/01\/5182\/\" target=\"_blank\" rel=\"noopener\">Nimby EZ<\/a> <em>och<\/em> <a href=\"https:\/\/www.lassolinedance.se\/o\/2016\/02\/rumba-hips\/\" target=\"_blank\" rel=\"noopener\">Rumba Hips<\/a><\/td>\n<\/tr>\n<tr>\n<td width=\"50\">6<\/td>\n<td><a href=\"https:\/\/www.lassolinedance.se\/o\/2012\/12\/peaches-cream\/\" target=\"_blank\" rel=\"noopener\">Peaches &amp; Cream<\/a><\/td>\n<\/tr>\n<tr>\n<td width=\"50\">7<\/td>\n<td><em>Inst\u00e4lld d\u00e5 lokalen inte \u00e4r ledig<\/em><\/td>\n<\/tr>\n<tr>\n<td width=\"50\">8<\/td>\n<td><a href=\"https:\/\/www.lassolinedance.se\/o\/2012\/12\/jitterbuggin\/\" target=\"_blank\" rel=\"noopener\">Jitterbuggin&#8217;<\/a><\/td>\n<\/tr>\n<tr>\n<td width=\"50\">9<\/td>\n<td><a href=\"https:\/\/www.lassolinedance.se\/o\/2012\/12\/ghost-train\/\" target=\"_blank\" rel=\"noopener\">Ghost Train<\/a><\/td>\n<\/tr>\n<tr>\n<td width=\"50\">10<\/td>\n<td><a href=\"https:\/\/www.lassolinedance.se\/o\/2012\/12\/live-laugh-love\/\" target=\"_blank\" rel=\"noopener\">Live, Laugh, Love<\/a><\/td>\n<\/tr>\n<tr>\n<td width=\"50\">11<\/td>\n<td><em>Inst\u00e4lld d\u00e5 lokalen inte \u00e4r ledig<\/em><\/td>\n<\/tr>\n<tr>\n<td width=\"50\">12<\/td>\n<td><a href=\"https:\/\/www.lassolinedance.se\/o\/2012\/12\/jon-jo-tango\/\" target=\"_blank\" rel=\"noopener\">Jo &#8217;n Jo Tango<\/a><\/td>\n<\/tr>\n<tr>\n<td width=\"50\">13<\/td>\n<td><a href=\"https:\/\/www.lassolinedance.se\/o\/2012\/12\/black-coffee\/\" target=\"_blank\" rel=\"noopener\">Black Coffee<\/a><\/td>\n<\/tr>\n<tr>\n<td width=\"50\">14<\/td>\n<td><em>Inst\u00e4lld d\u00e5 lokalen inte \u00e4r ledig<\/em><\/td>\n<\/tr>\n<tr>\n<td width=\"50\">15<\/td>\n<td><em>Repetition<br \/>\n<\/em><\/td>\n<\/tr>\n<tr>\n<td width=\"50\">16<\/td>\n<td><a href=\"https:\/\/www.lassolinedance.se\/o\/2017\/02\/until-the-dawn\/\" target=\"_blank\" rel=\"noopener\">Until The Dawn<\/a><\/td>\n<\/tr>\n<tr>\n<td width=\"50\">17<\/td>\n<td><em>Repetition av <\/em><a href=\"https:\/\/www.lassolinedance.se\/o\/2018\/11\/torna-a-casa-caballero\/\" target=\"_blank\" rel=\"noopener\">Torna A Casa Caballero<\/a><\/td>\n<\/tr>\n<tr>\n<td width=\"50\">18<\/td>\n<td><em>Inst\u00e4lld d\u00e5 lokalen inte \u00e4r ledig<\/em><\/td>\n<\/tr>\n<tr>\n<td width=\"50\">19<\/td>\n<td><em>Repetition<\/em><\/td>\n<\/tr>\n<\/tbody>\n<\/table>\n<p>&nbsp;<\/p>\n<h2>Viksj\u00f6, Viksj\u00f6 tr\u00e4ffen \/ Torsdagar \/ L\u00e4tt Improver<\/h2>\n<table>\n<tbody>\n<tr>\n<td width=\"63\"><b>Vecka:<\/b><\/td>\n<td><b>Utl\u00e4rd dans:<\/b><\/td>\n<\/tr>\n<tr>\n<td width=\"50\">4<\/td>\n<td><em>Repetition av <\/em><a href=\"https:\/\/www.lassolinedance.se\/o\/2018\/09\/love-flow\/\">Love Flow<\/a>, <a href=\"https:\/\/www.lassolinedance.se\/o\/2017\/10\/lonely-drum\/\">Lonely Drum<\/a>, <a href=\"https:\/\/www.lassolinedance.se\/o\/2018\/09\/i-close-my-eyes\/\">I Close My Eyes<\/a>, <a href=\"https:\/\/www.lassolinedance.se\/o\/2012\/12\/closer\/\">Closer<\/a>, <a href=\"https:\/\/www.lassolinedance.se\/o\/2018\/11\/baby-blues\/\">Baby Blues<\/a> <em>och<\/em> <a href=\"https:\/\/www.lassolinedance.se\/o\/2018\/03\/havana-heart\/\">Havana Heart<\/a><\/td>\n<\/tr>\n<tr>\n<td width=\"50\">5<\/td>\n<td><a href=\"https:\/\/www.lassolinedance.se\/o\/2018\/10\/friday-at-the-dance\/\" target=\"_blank\" rel=\"noopener\">Friday At The Dance<\/a> &#8211; <em>Samt repetition av<\/em> <a href=\"https:\/\/www.lassolinedance.se\/o\/2017\/02\/until-the-dawn\/\" target=\"_blank\" rel=\"noopener\">Until The Dawn<\/a>, <a href=\"https:\/\/www.lassolinedance.se\/o\/2016\/04\/senorita-tu\/\" target=\"_blank\" rel=\"noopener\">Senorita Tu<\/a> <em>och<\/em> <a href=\"https:\/\/www.lassolinedance.se\/o\/2017\/04\/bored\/\" target=\"_blank\" rel=\"noopener\">Bored<\/a><\/td>\n<\/tr>\n<tr>\n<td width=\"50\">6<\/td>\n<td><a href=\"https:\/\/www.lassolinedance.se\/o\/2019\/02\/codigo\/\" target=\"_blank\" rel=\"noopener\">Codigo<\/a><\/td>\n<\/tr>\n<tr>\n<td width=\"50\">7<\/td>\n<td><em>Repetition<\/em><\/td>\n<\/tr>\n<tr>\n<td width=\"50\">8<\/td>\n<td><a href=\"https:\/\/www.lassolinedance.se\/o\/2019\/02\/a-little-love-trip\/\" target=\"_blank\" rel=\"noopener\">A Little Love Trip<\/a><\/td>\n<\/tr>\n<tr>\n<td width=\"50\">9<\/td>\n<td><a href=\"https:\/\/www.lassolinedance.se\/o\/2018\/09\/loco-amor\/\" target=\"_blank\" rel=\"noopener\">Loco Amor<\/a><\/td>\n<\/tr>\n<tr>\n<td width=\"50\">10<\/td>\n<td><a href=\"https:\/\/www.lassolinedance.se\/o\/2018\/04\/stumbling-in\/\" target=\"_blank\" rel=\"noopener\">Stumbling In<\/a><\/td>\n<\/tr>\n<tr>\n<td width=\"50\">11<\/td>\n<td><em>Repetition<\/em><\/td>\n<\/tr>\n<tr>\n<td width=\"50\">12<\/td>\n<td><a href=\"https:\/\/www.lassolinedance.se\/o\/2012\/12\/just-a-memory\/\" target=\"_blank\" rel=\"noopener\">Just A Memory<\/a><\/td>\n<\/tr>\n<tr>\n<td width=\"50\">13<\/td>\n<td><em>Repetition<\/em><\/td>\n<\/tr>\n<tr>\n<td width=\"50\">14<\/td>\n<td><a href=\"https:\/\/www.lassolinedance.se\/o\/2019\/03\/for-the-world\/\" target=\"_blank\" rel=\"noopener\">For The World<\/a><\/td>\n<\/tr>\n<tr>\n<td width=\"50\">15<\/td>\n<td><em>Repetition<\/em><\/td>\n<\/tr>\n<\/tbody>\n<\/table>\n","protected":false},"excerpt":{"rendered":"<p>Kallh\u00e4ll, Folkets Hus \/ M\u00e5ndagar \/ Improver Vecka: Utl\u00e4rd dans: 4 Repetition av Love Flow, Loco Amor, I Close My Eyes, Blue Wing, Rock &amp; Roll Cowboy, Havana Heart, Winners and Losers och Stumbling In 5 A Mess Of Blues &#8211; Samt repetition av Friday At The Dance och Islands In The Stream 6 Codigo 7 Repetition av Cooley&#8217;s Reel, Action, Pretend och Islands in the Stream 8 A Little Love Trip 9 Repetition av Until the End, Jag trodde [&hellip;]<\/p>\n","protected":false},"author":2,"featured_media":0,"parent":78,"menu_order":71,"comment_status":"closed","ping_status":"closed","template":"","meta":{"ngg_post_thumbnail":0,"footnotes":""},"class_list":["post-5261","page","type-page","status-publish","hentry"],"publishpress_future_action":{"enabled":false,"date":"2026-04-25 11:28:04","action":"change-status","newStatus":"draft","terms":[],"taxonomy":"","extraData":[]},"publishpress_future_workflow_manual_trigger":{"enabledWorkflows":[]},"_links":{"self":[{"href":"https:\/\/www.lassolinedance.se\/o\/wp-json\/wp\/v2\/pages\/5261","targetHints":{"allow":["GET"]}}],"collection":[{"href":"https:\/\/www.lassolinedance.se\/o\/wp-json\/wp\/v2\/pages"}],"about":[{"href":"https:\/\/www.lassolinedance.se\/o\/wp-json\/wp\/v2\/types\/page"}],"author":[{"embeddable":true,"href":"https:\/\/www.lassolinedance.se\/o\/wp-json\/wp\/v2\/users\/2"}],"replies":[{"embeddable":true,"href":"https:\/\/www.lassolinedance.se\/o\/wp-json\/wp\/v2\/comments?post=5261"}],"version-history":[{"count":1,"href":"https:\/\/www.lassolinedance.se\/o\/wp-json\/wp\/v2\/pages\/5261\/revisions"}],"predecessor-version":[{"id":5262,"href":"https:\/\/www.lassolinedance.se\/o\/wp-json\/wp\/v2\/pages\/5261\/revisions\/5262"}],"up":[{"embeddable":true,"href":"https:\/\/www.lassolinedance.se\/o\/wp-json\/wp\/v2\/pages\/78"}],"wp:attachment":[{"href":"https:\/\/www.lassolinedance.se\/o\/wp-json\/wp\/v2\/media?parent=5261"}],"curies":[{"name":"wp","href":"https:\/\/api.w.org\/{rel}","templated":true}]}}