{"id":4945,"date":"2018-01-15T15:00:09","date_gmt":"2018-01-15T14:00:09","guid":{"rendered":"http:\/\/www.lassolinedance.se\/o\/?page_id=4945"},"modified":"2018-01-15T15:01:02","modified_gmt":"2018-01-15T14:01:02","slug":"hosten-2017","status":"publish","type":"page","link":"https:\/\/www.lassolinedance.se\/o\/danser\/utlarda-historik\/hosten-2017\/","title":{"rendered":"H\u00f6sten 2017"},"content":{"rendered":"<h2>Kallh\u00e4ll, Folkets Hus \/ M\u00e5ndagar \/ Forts\u00e4ttning 3 &#8211; L\u00e4tt Improver<\/h2>\n<table>\n<tbody>\n<tr>\n<td width=\"63\"><b>Vecka:<\/b><\/td>\n<td><b>Utl\u00e4rd dans:<\/b><\/td>\n<\/tr>\n<tr>\n<td width=\"50\">36<\/td>\n<td><em>Repetition av<\/em> <a href=\"https:\/\/www.lassolinedance.se\/o\/?p=701\" target=\"_blank\" rel=\"noopener\">Action<\/a>, <a href=\"https:\/\/www.lassolinedance.se\/o\/?p=4843\" target=\"_blank\" rel=\"noopener\">(Sweat) A La La La Long<\/a>, <a href=\"https:\/\/www.lassolinedance.se\/o\/?p=828\" target=\"_blank\" rel=\"noopener\">Closer<\/a>, <a href=\"https:\/\/www.lassolinedance.se\/o\/?p=4712\" target=\"_blank\" rel=\"noopener\">El Perd\u00f3n<\/a>, <a href=\"https:\/\/www.lassolinedance.se\/o\/?p=4786\" target=\"_blank\" rel=\"noopener\">Stop Staring At My Eyes!<\/a>, <a href=\"https:\/\/www.lassolinedance.se\/o\/?p=4795\" target=\"_blank\" rel=\"noopener\">Take Me To The River &#8211; Easy<\/a>, <a href=\"https:\/\/www.lassolinedance.se\/o\/?p=1256\" target=\"_blank\" rel=\"noopener\">Crazy Foot Mambo<\/a> <em>och<\/em> <a href=\"https:\/\/www.lassolinedance.se\/o\/?p=4644\" target=\"_blank\" rel=\"noopener\">Your Heaven!<\/a><\/td>\n<\/tr>\n<tr>\n<td width=\"50\">37<\/td>\n<td><a href=\"https:\/\/www.lassolinedance.se\/o\/?p=4880\" target=\"_blank\" rel=\"noopener\">Jag trodde \u00e4nglarna fanns<\/a> &#8211; <em>repetition av<\/em> <a href=\"https:\/\/www.lassolinedance.se\/o\/?p=4563\" target=\"_blank\" rel=\"noopener\">Senorita Tu<\/a><\/td>\n<\/tr>\n<tr>\n<td width=\"50\">38<\/td>\n<td><a href=\"https:\/\/www.lassolinedance.se\/o\/?p=4895\" target=\"_blank\" rel=\"noopener\">The Most Beautiful Girl<\/a><\/td>\n<\/tr>\n<tr>\n<td width=\"50\">39<\/td>\n<td><a href=\"https:\/\/www.lassolinedance.se\/o\/?p=4897\" target=\"_blank\" rel=\"noopener\">Under The Moon Of Love<\/a><\/td>\n<\/tr>\n<tr>\n<td width=\"50\">40<\/td>\n<td><em>Repetition<\/em><\/td>\n<\/tr>\n<tr>\n<td width=\"50\">41<\/td>\n<td><a href=\"https:\/\/www.lassolinedance.se\/o\/?p=996\" target=\"_blank\" rel=\"noopener\">Pretend<\/a><\/td>\n<\/tr>\n<tr>\n<td width=\"50\">42<\/td>\n<td><a href=\"https:\/\/www.lassolinedance.se\/o\/?p=4925\" target=\"_blank\" rel=\"noopener\">Lonely Drum<\/a><\/td>\n<\/tr>\n<tr>\n<td width=\"50\">43<\/td>\n<td><a href=\"https:\/\/www.lassolinedance.se\/o\/?p=2371\" target=\"_blank\" rel=\"noopener\">Another Song<\/a><\/td>\n<\/tr>\n<tr>\n<td width=\"50\">44<\/td>\n<td><a href=\"https:\/\/www.lassolinedance.se\/o\/?p=606\" target=\"_blank\" rel=\"noopener\">Make You Sweat<\/a><\/td>\n<\/tr>\n<tr>\n<td width=\"50\">45<\/td>\n<td><a href=\"https:\/\/www.lassolinedance.se\/o\/?p=600\" target=\"_blank\" rel=\"noopener\">Cooley&#8217;s Reel<\/a><em><br \/>\n<\/em><\/td>\n<\/tr>\n<tr>\n<td width=\"50\">46<\/td>\n<td><a href=\"https:\/\/www.lassolinedance.se\/o\/?p=4750\" target=\"_blank\" rel=\"noopener\">Missing<\/a><\/td>\n<\/tr>\n<tr>\n<td width=\"50\">47<\/td>\n<td><em>Repetition<\/em><\/td>\n<\/tr>\n<\/tbody>\n<\/table>\n<p>&nbsp;<\/p>\n<h2>H\u00e4sselbyg\u00e5rd, H\u00e4sselbyg\u00e5rds servicehus \/ Onsdagar \/ Forts\u00e4ttning 1<\/h2>\n<table>\n<tbody>\n<tr>\n<td width=\"63\"><b>Vecka:<\/b><\/td>\n<td><b>Utl\u00e4rd dans:<\/b><\/td>\n<\/tr>\n<tr>\n<td width=\"50\">36<\/td>\n<td><em>Repetition av <\/em><a href=\"https:\/\/www.lassolinedance.se\/o\/?p=542\" target=\"_blank\" rel=\"noopener\">California Freeze<\/a>, <a href=\"https:\/\/www.lassolinedance.se\/o\/?p=656\" target=\"_blank\" rel=\"noopener\">Eye Candy<\/a>, <a href=\"https:\/\/www.lassolinedance.se\/o\/?p=646\" target=\"_blank\" rel=\"noopener\">AB Chilli Cha<\/a>, <a href=\"https:\/\/www.lassolinedance.se\/o\/?p=552\" target=\"_blank\" rel=\"noopener\">Little Rhumba<\/a>, <a href=\"https:\/\/www.lassolinedance.se\/o\/?p=2325\" target=\"_blank\" rel=\"noopener\">Lasso Shuffle<\/a>, <a href=\"https:\/\/www.lassolinedance.se\/o\/?p=886\" target=\"_blank\" rel=\"noopener\">Sweet Sweet Smile<\/a>, <a href=\"https:\/\/www.lassolinedance.se\/o\/?p=554\" target=\"_blank\" rel=\"noopener\">Pop Da Booty<\/a> <em>och<\/em> <a href=\"https:\/\/www.lassolinedance.se\/o\/?p=4712\" target=\"_blank\" rel=\"noopener\">El Perd\u00f3n<\/a><em><br \/>\n<\/em><\/td>\n<\/tr>\n<tr>\n<td width=\"50\">37<\/td>\n<td><a href=\"https:\/\/www.lassolinedance.se\/o\/?p=654\" target=\"_blank\" rel=\"noopener\">Peaches &amp; Cream<\/a> &#8211; <em>repetition av<\/em> <a href=\"https:\/\/www.lassolinedance.se\/o\/?p=572\" target=\"_blank\" rel=\"noopener\">Live, Laugh, Love<\/a>, <a href=\"https:\/\/www.lassolinedance.se\/o\/?p=550\" target=\"_blank\" rel=\"noopener\">First Waltz<\/a> <em>och<\/em> <a href=\"https:\/\/www.lassolinedance.se\/o\/?p=552\" target=\"_blank\" rel=\"noopener\">Little Rhumba<\/a><\/td>\n<\/tr>\n<tr>\n<td width=\"50\">38<\/td>\n<td><a href=\"https:\/\/www.lassolinedance.se\/o\/?p=4533\" target=\"_blank\" rel=\"noopener\">What You Say, What You Do<\/a> &#8211; repetition av <a href=\"https:\/\/www.lassolinedance.se\/o\/?p=4531\" target=\"_blank\" rel=\"noopener\">My Blue Tree<\/a>, <a href=\"https:\/\/www.lassolinedance.se\/o\/?p=648\" target=\"_blank\" rel=\"noopener\">Bye Bye Mambo<\/a> <em>och<\/em> <a href=\"https:\/\/www.lassolinedance.se\/o\/?p=576\" target=\"_blank\" rel=\"noopener\">Jo &#8217;n Jo Tango<\/a><\/td>\n<\/tr>\n<tr>\n<td width=\"50\">39<\/td>\n<td><em>Repetition<\/em><\/td>\n<\/tr>\n<tr>\n<td width=\"50\">40<\/td>\n<td><a href=\"https:\/\/www.lassolinedance.se\/o\/?p=4895\" target=\"_blank\" rel=\"noopener\">The Most Beautiful Girl<\/a><\/td>\n<\/tr>\n<tr>\n<td width=\"50\">41<\/td>\n<td><a href=\"https:\/\/www.lassolinedance.se\/o\/?p=2062\" target=\"_blank\" rel=\"noopener\">Baby Grace<\/a><\/td>\n<\/tr>\n<tr>\n<td width=\"50\">42<\/td>\n<td><a href=\"https:\/\/www.lassolinedance.se\/o\/?p=888\" target=\"_blank\" rel=\"noopener\">Bounce<\/a><\/td>\n<\/tr>\n<tr>\n<td width=\"50\">43<\/td>\n<td><a href=\"https:\/\/www.lassolinedance.se\/o\/?p=4778\" target=\"_blank\" rel=\"noopener\">Until The Dawn<\/a><\/td>\n<\/tr>\n<tr>\n<td width=\"50\">44<\/td>\n<td><em>Repetition<\/em><\/td>\n<\/tr>\n<tr>\n<td width=\"50\">45<\/td>\n<td><a href=\"https:\/\/www.lassolinedance.se\/o\/?p=566\" target=\"_blank\" rel=\"noopener\">Rio<\/a><\/td>\n<\/tr>\n<tr>\n<td width=\"50\">46<\/td>\n<td><a href=\"https:\/\/www.lassolinedance.se\/o\/?p=4795\" target=\"_blank\" rel=\"noopener\">Take Me To The River &#8211; Easy<\/a><\/td>\n<\/tr>\n<tr>\n<td width=\"50\">47<\/td>\n<td><em>Repetition<\/em><\/td>\n<\/tr>\n<\/tbody>\n<\/table>\n<p>&nbsp;<\/p>\n<h2>Kallh\u00e4ll, Folkets Hus \/ Torsdagar \/ Forts\u00e4ttning 2<\/h2>\n<table>\n<tbody>\n<tr>\n<td width=\"63\"><b>Vecka:<\/b><\/td>\n<td><b>Utl\u00e4rd dans:<\/b><\/td>\n<\/tr>\n<tr>\n<td width=\"50\">36<\/td>\n<td><em>Repetition av&nbsp;<\/em><a href=\"https:\/\/www.lassolinedance.se\/o\/?p=654\" target=\"_blank\" rel=\"noopener\">Peaches &amp; Cream<\/a>, <a href=\"https:\/\/www.lassolinedance.se\/o\/?p=558\" target=\"_blank\" rel=\"noopener\">Just 4 Fun<\/a>, <a href=\"https:\/\/www.lassolinedance.se\/o\/?p=510\" target=\"_blank\" rel=\"noopener\">Cry Cry Cry<\/a>, <a href=\"https:\/\/www.lassolinedance.se\/o\/?p=518\" target=\"_blank\" rel=\"noopener\">Driftaway Cha Cha<\/a>, <a href=\"https:\/\/www.lassolinedance.se\/o\/?p=566\" target=\"_blank\" rel=\"noopener\">Rio<\/a> <em>och<\/em> <a href=\"https:\/\/www.lassolinedance.se\/o\/?p=886\" target=\"_blank\" rel=\"noopener\">Sweet Sweet Smile<\/a><\/td>\n<\/tr>\n<tr>\n<td width=\"50\">37<\/td>\n<td><a href=\"https:\/\/www.lassolinedance.se\/o\/?p=2062\" target=\"_blank\" rel=\"noopener\">Baby Grace<\/a> &#8211; <em>repetition av<\/em> <a href=\"https:\/\/www.lassolinedance.se\/o\/?p=572\" target=\"_blank\" rel=\"noopener\">Live, Laugh, Love<\/a>, <a href=\"https:\/\/www.lassolinedance.se\/o\/?p=568\" target=\"_blank\" rel=\"noopener\">Irish Stew<\/a> <em>och<\/em> <a href=\"https:\/\/www.lassolinedance.se\/o\/?p=888\" target=\"_blank\" rel=\"noopener\">Bounce<\/a><\/td>\n<\/tr>\n<tr>\n<td width=\"50\">38<\/td>\n<td><a href=\"https:\/\/www.lassolinedance.se\/o\/?p=4644\">Your Heaven!<\/a><\/td>\n<\/tr>\n<tr>\n<td width=\"50\">39<\/td>\n<td><em>Repetition<\/em><\/td>\n<\/tr>\n<tr>\n<td width=\"50\">40<\/td>\n<td><a href=\"https:\/\/www.lassolinedance.se\/o\/?p=4895\" target=\"_blank\" rel=\"noopener\">The Most Beautiful Girl<\/a><\/td>\n<\/tr>\n<tr>\n<td width=\"50\">41<\/td>\n<td><a href=\"https:\/\/www.lassolinedance.se\/o\/?p=586\" target=\"_blank\" rel=\"noopener\">I Saw Linda Yesterday<\/a><\/td>\n<\/tr>\n<tr>\n<td width=\"50\">42<\/td>\n<td><a href=\"https:\/\/www.lassolinedance.se\/o\/?p=4712\" target=\"_blank\" rel=\"noopener\">El Perd\u00f3n<\/a><\/td>\n<\/tr>\n<tr>\n<td width=\"50\">43<\/td>\n<td><em>Repetition<\/em><\/td>\n<\/tr>\n<tr>\n<td width=\"50\">44<\/td>\n<td><a href=\"https:\/\/www.lassolinedance.se\/o\/?p=4342\" target=\"_blank\" rel=\"noopener\">It&#8217;s a Country Thing<\/a><\/td>\n<\/tr>\n<tr>\n<td width=\"50\">45<\/td>\n<td><a href=\"https:\/\/www.lassolinedance.se\/o\/?p=658\" target=\"_blank\" rel=\"noopener\">Blue Night Cha<\/a><\/td>\n<\/tr>\n<tr>\n<td width=\"50\">46<\/td>\n<td><a href=\"https:\/\/www.lassolinedance.se\/o\/?p=4795\" target=\"_blank\" rel=\"noopener\">Take Me To The River &#8211; Easy<\/a><\/td>\n<\/tr>\n<tr>\n<td width=\"50\">47<\/td>\n<td><em>Repetition<\/em><\/td>\n<\/tr>\n<\/tbody>\n<\/table>\n","protected":false},"excerpt":{"rendered":"<p>Kallh\u00e4ll, Folkets Hus \/ M\u00e5ndagar \/ Forts\u00e4ttning 3 &#8211; L\u00e4tt Improver Vecka: Utl\u00e4rd dans: 36 Repetition av Action, (Sweat) A La La La Long, Closer, El Perd\u00f3n, Stop Staring At My Eyes!, Take Me To The River &#8211; Easy, Crazy Foot Mambo och Your Heaven! 37 Jag trodde \u00e4nglarna fanns &#8211; repetition av Senorita Tu 38 The Most Beautiful Girl 39 Under The Moon Of Love 40 Repetition 41 Pretend 42 Lonely Drum 43 Another Song 44 Make You Sweat [&hellip;]<\/p>\n","protected":false},"author":2,"featured_media":0,"parent":78,"menu_order":74,"comment_status":"closed","ping_status":"closed","template":"","meta":{"ngg_post_thumbnail":0,"footnotes":""},"class_list":["post-4945","page","type-page","status-publish","hentry"],"publishpress_future_action":{"enabled":false,"date":"2026-05-04 09:00:54","action":"change-status","newStatus":"draft","terms":[],"taxonomy":"","extraData":[]},"publishpress_future_workflow_manual_trigger":{"enabledWorkflows":[]},"_links":{"self":[{"href":"https:\/\/www.lassolinedance.se\/o\/wp-json\/wp\/v2\/pages\/4945","targetHints":{"allow":["GET"]}}],"collection":[{"href":"https:\/\/www.lassolinedance.se\/o\/wp-json\/wp\/v2\/pages"}],"about":[{"href":"https:\/\/www.lassolinedance.se\/o\/wp-json\/wp\/v2\/types\/page"}],"author":[{"embeddable":true,"href":"https:\/\/www.lassolinedance.se\/o\/wp-json\/wp\/v2\/users\/2"}],"replies":[{"embeddable":true,"href":"https:\/\/www.lassolinedance.se\/o\/wp-json\/wp\/v2\/comments?post=4945"}],"version-history":[{"count":2,"href":"https:\/\/www.lassolinedance.se\/o\/wp-json\/wp\/v2\/pages\/4945\/revisions"}],"predecessor-version":[{"id":4948,"href":"https:\/\/www.lassolinedance.se\/o\/wp-json\/wp\/v2\/pages\/4945\/revisions\/4948"}],"up":[{"embeddable":true,"href":"https:\/\/www.lassolinedance.se\/o\/wp-json\/wp\/v2\/pages\/78"}],"wp:attachment":[{"href":"https:\/\/www.lassolinedance.se\/o\/wp-json\/wp\/v2\/media?parent=4945"}],"curies":[{"name":"wp","href":"https:\/\/api.w.org\/{rel}","templated":true}]}}