{"id":4736,"date":"2016-12-30T10:44:04","date_gmt":"2016-12-30T09:44:04","guid":{"rendered":"http:\/\/www.lassolinedance.se\/o\/?page_id=4736"},"modified":"2016-12-30T10:44:51","modified_gmt":"2016-12-30T09:44:51","slug":"hosten-2016","status":"publish","type":"page","link":"https:\/\/www.lassolinedance.se\/o\/danser\/utlarda-historik\/hosten-2016\/","title":{"rendered":"H\u00f6sten 2016"},"content":{"rendered":"<h2>Kallh\u00e4ll, Folkets Hus \/ M\u00e5ndagar \/ Forts\u00e4ttning<\/h2>\n<table>\n<tbody>\n<tr>\n<td width=\"63\"><b>Vecka:<\/b><\/td>\n<td><b>Utl\u00e4rd dans:<\/b><\/td>\n<\/tr>\n<tr>\n<td width=\"50\">38<\/td>\n<td><a href=\"https:\/\/www.lassolinedance.se\/o\/?p=4639\">Triple Mix<\/a> &#8211; <em>Repetition av<\/em>&nbsp;<a href=\"https:\/\/www.lassolinedance.se\/o\/?p=4531\">My Blue Tree<\/a>,&nbsp; <a href=\"https:\/\/www.lassolinedance.se\/o\/?p=4533\">What You Say, What You Do<\/a>, <a href=\"https:\/\/www.lassolinedance.se\/o\/?p=986\">Black Coffee<\/a> <em>och<\/em> <a href=\"https:\/\/www.lassolinedance.se\/o\/?p=658\">Blue Night Cha<\/a><\/td>\n<\/tr>\n<tr>\n<td width=\"50\">39<\/td>\n<td><a href=\"https:\/\/www.lassolinedance.se\/o\/?p=936\">Toes<\/a> &#8211; <em>Repetition av<\/em> <a href=\"https:\/\/www.lassolinedance.se\/o\/?p=4525\">Ticket To The Blues<\/a> <em>och<\/em> <a href=\"https:\/\/www.lassolinedance.se\/o\/?p=888\">Bounce<\/a><\/td>\n<\/tr>\n<tr>\n<td width=\"50\">40<\/td>\n<td><a href=\"https:\/\/www.lassolinedance.se\/o\/?p=4668\">We Only Live Once &#8211; Easy<\/a> &#8211; <em>Repetition av<\/em> <a href=\"https:\/\/www.lassolinedance.se\/o\/?p=4563\">Senorita Tu<\/a> <em>och<\/em> <a href=\"https:\/\/www.lassolinedance.se\/o\/?p=4570\">Let It Bay-Be<\/a><\/td>\n<\/tr>\n<tr>\n<td width=\"50\">41<\/td>\n<td><em>Repetition av <\/em><a href=\"https:\/\/www.lassolinedance.se\/o\/?p=2062\">Baby Grace<\/a>, <a href=\"https:\/\/www.lassolinedance.se\/o\/?p=516\">Deep Rolling<\/a>,&nbsp; <a href=\"https:\/\/www.lassolinedance.se\/o\/?p=660\">Tennessee Waltz Surprise<\/a><em> och <\/em><a href=\"https:\/\/www.lassolinedance.se\/o\/?p=1272\">Stitch It Up<\/a><em><br \/>\n<\/em><\/td>\n<\/tr>\n<tr>\n<td width=\"50\">42<\/td>\n<td><a href=\"https:\/\/www.lassolinedance.se\/o\/?p=2703\">The Boat To Liverpool<\/a><\/td>\n<\/tr>\n<tr>\n<td width=\"50\">43<\/td>\n<td><a href=\"https:\/\/www.lassolinedance.se\/o\/?p=4644\">Your Heaven!<\/a><\/td>\n<\/tr>\n<tr>\n<td width=\"50\">44<\/td>\n<td><a href=\"https:\/\/www.lassolinedance.se\/o\/?p=4665\">Lay Low<\/a> &#8211; <em>Repetition av<\/em> <a href=\"https:\/\/www.lassolinedance.se\/o\/?p=576\">Jo &#8217;n Jo Tango<\/a> <em>och<\/em> <a href=\"https:\/\/www.lassolinedance.se\/o\/?p=566\">Rio<\/a><\/td>\n<\/tr>\n<tr>\n<td width=\"50\">45<\/td>\n<td><em>Repetition av<\/em> <a href=\"https:\/\/www.lassolinedance.se\/o\/?p=673\">Just A Memory<\/a>, <a href=\"https:\/\/www.lassolinedance.se\/o\/?p=4342\">It&#8217;s A Country Thing<\/a> <em>och<\/em> <a href=\"https:\/\/www.lassolinedance.se\/o\/?p=576\">Jo &#8217;n Jo Tango<\/a><\/td>\n<\/tr>\n<tr>\n<td width=\"50\">46<\/td>\n<td><a href=\"https:\/\/www.lassolinedance.se\/o\/?p=4712\">El Perd\u00f3n<\/a><\/td>\n<\/tr>\n<tr>\n<td width=\"50\">47<\/td>\n<td><a href=\"https:\/\/www.lassolinedance.se\/o\/?p=634\">Inspiration<\/a><\/td>\n<\/tr>\n<tr>\n<td width=\"50\">48<\/td>\n<td><em>Repetition<\/em><\/td>\n<\/tr>\n<tr>\n<td width=\"50\">49<\/td>\n<td><a href=\"https:\/\/www.lassolinedance.se\/o\/?p=514\">Reelin&#8217; &amp; Rockin&#8217;<\/a><em>,<\/em> <a href=\"https:\/\/www.lassolinedance.se\/o\/?p=1250\">Foot Boogie<\/a><\/td>\n<\/tr>\n<\/tbody>\n<\/table>\n<p>&nbsp;<\/p>\n<h2>Kallh\u00e4ll, Folkets Hus \/ Tisdagar \/ Improver<\/h2>\n<table>\n<tbody>\n<tr>\n<td width=\"63\"><b>Vecka:<\/b><\/td>\n<td><b>Utl\u00e4rd dans:<\/b><\/td>\n<\/tr>\n<tr>\n<td width=\"50\">38<\/td>\n<td><a href=\"https:\/\/www.lassolinedance.se\/o\/?p=4644\">Your Heaven!<\/a> &#8211; <em>Repetition av<\/em> <a href=\"https:\/\/www.lassolinedance.se\/o\/?p=4528\">Homegrown<\/a>, <a href=\"https:\/\/www.lassolinedance.se\/o\/?p=4540\">Better When I&#8217;m Dancing<\/a> <em>och<\/em> <a href=\"https:\/\/www.lassolinedance.se\/o\/?p=1378\">It&#8217;s Up To You<\/a><\/td>\n<\/tr>\n<tr>\n<td width=\"50\">39<\/td>\n<td><a href=\"https:\/\/www.lassolinedance.se\/o\/?p=4653\">So Just Dance Dance Dance!<\/a> &#8211; <em>Repetition av<\/em> <a href=\"https:\/\/www.lassolinedance.se\/o\/?p=4566\">A Country High<\/a><\/td>\n<\/tr>\n<tr>\n<td width=\"50\">40<\/td>\n<td><a href=\"https:\/\/www.lassolinedance.se\/o\/?p=4665\">Lay Low<\/a> &#8211; <em>Repetition av<\/em> <a href=\"https:\/\/www.lassolinedance.se\/o\/?p=4566\">A Country High<\/a><\/td>\n<\/tr>\n<tr>\n<td width=\"50\">41<\/td>\n<td><em>Repetition av <\/em><a href=\"https:\/\/www.lassolinedance.se\/o\/?p=1406\">Caught In The Act<\/a>, <a href=\"https:\/\/www.lassolinedance.se\/o\/?p=1364\">Just Wright<\/a><em> och <\/em><a href=\"https:\/\/www.lassolinedance.se\/o\/?p=2777\">We Only Live Once<\/a><em><br \/>\n<\/em><\/td>\n<\/tr>\n<tr>\n<td width=\"50\">42<\/td>\n<td><a href=\"https:\/\/www.lassolinedance.se\/o\/?p=1814\">Voodoo Jive<\/a><\/td>\n<\/tr>\n<tr>\n<td width=\"50\">43<\/td>\n<td><a href=\"https:\/\/www.lassolinedance.se\/o\/?p=4688\">Side By Side<\/a><\/td>\n<\/tr>\n<tr>\n<td width=\"50\">44<\/td>\n<td><a href=\"https:\/\/www.lassolinedance.se\/o\/?p=4691\">Gypsy Queen<\/a> &#8211; <em>Repetition av<\/em> <a href=\"https:\/\/www.lassolinedance.se\/o\/?p=2588\">Wagon Wheel Rock<\/a><\/td>\n<\/tr>\n<tr>\n<td width=\"50\">45<\/td>\n<td><em>Repetition<\/em><\/td>\n<\/tr>\n<tr>\n<td width=\"50\">46<\/td>\n<td><a href=\"https:\/\/www.lassolinedance.se\/o\/?p=4712\">El Perd\u00f3n<\/a> &#8211; <em>Repetition av<\/em> <a href=\"https:\/\/www.lassolinedance.se\/o\/?p=1408\">Chill Factor<\/a> <em>och<\/em> <a href=\"https:\/\/www.lassolinedance.se\/o\/?p=2371\">Another Song<\/a><\/td>\n<\/tr>\n<tr>\n<td width=\"50\">47<\/td>\n<td><a href=\"https:\/\/www.lassolinedance.se\/o\/?p=769\">Mars Attack<\/a><\/td>\n<\/tr>\n<tr>\n<td width=\"50\">48<\/td>\n<td><a href=\"https:\/\/www.lassolinedance.se\/o\/?p=832\">Islands In The Stream<\/a><\/td>\n<\/tr>\n<tr>\n<td width=\"50\">49<\/td>\n<td><em>Repetition<\/em><\/td>\n<\/tr>\n<\/tbody>\n<\/table>\n<p>&nbsp;<\/p>\n<h2>H\u00e4sselbyg\u00e5rd, H\u00e4sselbyg\u00e5rds servicehus \/ Onsdagar \/ Nyb\u00f6rjare<\/h2>\n<table>\n<tbody>\n<tr>\n<td width=\"63\"><b>Vecka:<\/b><\/td>\n<td><b>Utl\u00e4rd dans:<\/b><\/td>\n<\/tr>\n<tr>\n<td width=\"50\">39<\/td>\n<td><a href=\"https:\/\/www.lassolinedance.se\/o\/?p=1182\">Easy Fun<\/a>, <a href=\"https:\/\/www.lassolinedance.se\/o\/?p=646\">A-B Chilli Cha<\/a>, <a href=\"https:\/\/www.lassolinedance.se\/o\/?p=640\">Cowboy Charleston<\/a><\/td>\n<\/tr>\n<tr>\n<td width=\"50\">40<\/td>\n<td><a href=\"https:\/\/www.lassolinedance.se\/o\/?p=642\">You Are The One<\/a><\/td>\n<\/tr>\n<tr>\n<td width=\"50\">41<\/td>\n<td><a href=\"https:\/\/www.lassolinedance.se\/o\/?p=650\">Country Walkin&#8217;<\/a><\/td>\n<\/tr>\n<tr>\n<td width=\"50\">42<\/td>\n<td><em>Repetition<\/em><\/td>\n<\/tr>\n<tr>\n<td width=\"50\">43<\/td>\n<td><a href=\"https:\/\/www.lassolinedance.se\/o\/?p=552\">Little Rhumba<\/a><\/td>\n<\/tr>\n<tr>\n<td width=\"50\">44<\/td>\n<td><a href=\"https:\/\/www.lassolinedance.se\/o\/?p=560\">Ghost Train<\/a><\/td>\n<\/tr>\n<tr>\n<td width=\"50\">45<\/td>\n<td><a href=\"https:\/\/www.lassolinedance.se\/o\/?p=2325\">Lasso Shuffle<\/a><\/td>\n<\/tr>\n<tr>\n<td width=\"50\">46<\/td>\n<td><a href=\"https:\/\/www.lassolinedance.se\/o\/?p=554\">Pop Da Booty<\/a><\/td>\n<\/tr>\n<tr>\n<td width=\"50\">47<\/td>\n<td><a href=\"https:\/\/www.lassolinedance.se\/o\/?p=550\">First Waltz<\/a><\/td>\n<\/tr>\n<tr>\n<td width=\"50\">48<\/td>\n<td><a href=\"https:\/\/www.lassolinedance.se\/o\/?p=866\">Honky Tonk Stomp<\/a><\/td>\n<\/tr>\n<tr>\n<td width=\"50\">49<\/td>\n<td><em>Repetition<\/em><\/td>\n<\/tr>\n<\/tbody>\n<\/table>\n<p>&nbsp;<\/p>\n<h2>Kallh\u00e4ll, Folkets Hus \/ Torsdagar \/ Nyb\u00f6rjare<\/h2>\n<table>\n<tbody>\n<tr>\n<td width=\"63\"><b>Vecka:<\/b><\/td>\n<td><b>Utl\u00e4rd dans:<\/b><\/td>\n<\/tr>\n<tr>\n<td width=\"50\">38<\/td>\n<td><a href=\"https:\/\/www.lassolinedance.se\/o\/?p=1182\">Easy Fun<\/a>, <a href=\"https:\/\/www.lassolinedance.se\/o\/?p=646\">A-B Chilli Cha<\/a><\/td>\n<\/tr>\n<tr>\n<td width=\"50\">39<\/td>\n<td><a href=\"https:\/\/www.lassolinedance.se\/o\/?p=640\">Cowboy Charleston<\/a>, <a href=\"https:\/\/www.lassolinedance.se\/o\/?p=642\">You Are The One<\/a><\/td>\n<\/tr>\n<tr>\n<td width=\"50\">40<\/td>\n<td><a href=\"https:\/\/www.lassolinedance.se\/o\/?p=650\">Country Walkin&#8217;<\/a><\/td>\n<\/tr>\n<tr>\n<td width=\"50\">41<\/td>\n<td><em>Repetition<\/em><\/td>\n<\/tr>\n<tr>\n<td width=\"50\">42<\/td>\n<td><a href=\"https:\/\/www.lassolinedance.se\/o\/?p=552\">Little Rhumba<\/a><\/td>\n<\/tr>\n<tr>\n<td width=\"50\">43<\/td>\n<td><a href=\"https:\/\/www.lassolinedance.se\/o\/?p=2325\">Lasso Shuffle<\/a><\/td>\n<\/tr>\n<tr>\n<td width=\"50\">44<\/td>\n<td><a href=\"https:\/\/www.lassolinedance.se\/o\/?p=560\">Ghost Train<\/a><\/td>\n<\/tr>\n<tr>\n<td width=\"50\">45<\/td>\n<td><a href=\"https:\/\/www.lassolinedance.se\/o\/?p=554\">Pop Da Booty<\/a><\/td>\n<\/tr>\n<tr>\n<td width=\"50\">46<\/td>\n<td><a href=\"https:\/\/www.lassolinedance.se\/o\/?p=550\">First Waltz<\/a><\/td>\n<\/tr>\n<tr>\n<td width=\"50\">47<\/td>\n<td><em>Repetition<\/em><\/td>\n<\/tr>\n<tr>\n<td width=\"50\">48<\/td>\n<td><em>Inst\u00e4lld<\/em><\/td>\n<\/tr>\n<tr>\n<td width=\"50\">49<\/td>\n<td><a href=\"https:\/\/www.lassolinedance.se\/o\/?p=866\">Honky Tonk Stomp<\/a><\/td>\n<\/tr>\n<tr>\n<td width=\"50\">50<\/td>\n<td><em>Repetition<\/em><\/td>\n<\/tr>\n<\/tbody>\n<\/table>\n<p>&nbsp;<\/p>\n<h2>H\u00e4sselbyg\u00e5rd, H\u00e4sselbyg\u00e5rds servicehus \/ S\u00f6ndagar \/ Nyb\u00f6rjare Senior<\/h2>\n<table>\n<tbody>\n<tr>\n<td width=\"63\"><b>Vecka:<\/b><\/td>\n<td><b>Utl\u00e4rd dans:<\/b><\/td>\n<\/tr>\n<tr>\n<td width=\"50\">37<\/td>\n<td><a href=\"https:\/\/www.lassolinedance.se\/o\/?p=746\">Flobie Slide<\/a>, <a href=\"https:\/\/www.lassolinedance.se\/o\/?p=646\">A-B Chilli Cha<\/a>, ???<\/td>\n<\/tr>\n<tr>\n<td width=\"50\">38<\/td>\n<td><em>Repetition<\/em><\/td>\n<\/tr>\n<tr>\n<td width=\"50\">39<\/td>\n<td><a href=\"https:\/\/www.lassolinedance.se\/o\/?p=749\">Mamma Maria<\/a><\/td>\n<\/tr>\n<tr>\n<td width=\"50\">40<\/td>\n<td><a href=\"https:\/\/www.lassolinedance.se\/o\/?p=640\">Cowboy Charleston<\/a><\/td>\n<\/tr>\n<tr>\n<td width=\"50\">41<\/td>\n<td><a href=\"https:\/\/www.lassolinedance.se\/o\/?p=552\">Little Rhumba<\/a><\/td>\n<\/tr>\n<tr>\n<td width=\"50\">42<\/td>\n<td><a href=\"https:\/\/www.lassolinedance.se\/o\/?p=2325\">Lasso Shuffle<\/a><\/td>\n<\/tr>\n<tr>\n<td width=\"50\">43<\/td>\n<td><em>Inst\u00e4lld &#8211; lokalen \u00e4r inte ledig!<\/em><\/td>\n<\/tr>\n<tr>\n<td width=\"50\">44<\/td>\n<td><a href=\"https:\/\/www.lassolinedance.se\/o\/?p=642\">You Are The One<\/a><\/td>\n<\/tr>\n<tr>\n<td width=\"50\">45<\/td>\n<td><em>Repetition<\/em><\/td>\n<\/tr>\n<tr>\n<td width=\"50\">46<\/td>\n<td><a href=\"https:\/\/www.lassolinedance.se\/o\/?p=1182\">Easy Fun<\/a><\/td>\n<\/tr>\n<tr>\n<td width=\"50\">47<\/td>\n<td><em>Repetition<\/em><\/td>\n<\/tr>\n<\/tbody>\n<\/table>\n","protected":false},"excerpt":{"rendered":"<p>Kallh\u00e4ll, Folkets Hus \/ M\u00e5ndagar \/ Forts\u00e4ttning Vecka: Utl\u00e4rd dans: 38 Triple Mix &#8211; Repetition av&nbsp;My Blue Tree,&nbsp; What You Say, What You Do, Black Coffee och Blue Night Cha 39 Toes &#8211; Repetition av Ticket To The Blues och Bounce 40 We Only Live Once &#8211; Easy &#8211; Repetition av Senorita Tu och Let It Bay-Be 41 Repetition av Baby Grace, Deep Rolling,&nbsp; Tennessee Waltz Surprise och Stitch It Up 42 The Boat To Liverpool 43 Your Heaven! 44 [&hellip;]<\/p>\n","protected":false},"author":2,"featured_media":0,"parent":78,"menu_order":76,"comment_status":"closed","ping_status":"closed","template":"","meta":{"ngg_post_thumbnail":0,"footnotes":""},"class_list":["post-4736","page","type-page","status-publish","hentry"],"publishpress_future_action":{"enabled":false,"date":"2026-05-05 11:11:58","action":"change-status","newStatus":"draft","terms":[],"taxonomy":"","extraData":[]},"publishpress_future_workflow_manual_trigger":{"enabledWorkflows":[]},"_links":{"self":[{"href":"https:\/\/www.lassolinedance.se\/o\/wp-json\/wp\/v2\/pages\/4736","targetHints":{"allow":["GET"]}}],"collection":[{"href":"https:\/\/www.lassolinedance.se\/o\/wp-json\/wp\/v2\/pages"}],"about":[{"href":"https:\/\/www.lassolinedance.se\/o\/wp-json\/wp\/v2\/types\/page"}],"author":[{"embeddable":true,"href":"https:\/\/www.lassolinedance.se\/o\/wp-json\/wp\/v2\/users\/2"}],"replies":[{"embeddable":true,"href":"https:\/\/www.lassolinedance.se\/o\/wp-json\/wp\/v2\/comments?post=4736"}],"version-history":[{"count":1,"href":"https:\/\/www.lassolinedance.se\/o\/wp-json\/wp\/v2\/pages\/4736\/revisions"}],"predecessor-version":[{"id":4737,"href":"https:\/\/www.lassolinedance.se\/o\/wp-json\/wp\/v2\/pages\/4736\/revisions\/4737"}],"up":[{"embeddable":true,"href":"https:\/\/www.lassolinedance.se\/o\/wp-json\/wp\/v2\/pages\/78"}],"wp:attachment":[{"href":"https:\/\/www.lassolinedance.se\/o\/wp-json\/wp\/v2\/media?parent=4736"}],"curies":[{"name":"wp","href":"https:\/\/api.w.org\/{rel}","templated":true}]}}