{"id":4591,"date":"2016-08-09T10:49:38","date_gmt":"2016-08-09T08:49:38","guid":{"rendered":"http:\/\/www.lassolinedance.se\/o\/?page_id=4591"},"modified":"2016-08-09T10:54:26","modified_gmt":"2016-08-09T08:54:26","slug":"varen-2016","status":"publish","type":"page","link":"https:\/\/www.lassolinedance.se\/o\/danser\/utlarda-historik\/varen-2016\/","title":{"rendered":"V\u00e5ren 2016"},"content":{"rendered":"<h2>Kallh\u00e4ll, Folkets Hus \/ M\u00e5ndagar \/ Forts\u00e4ttning<\/h2>\n<table>\n<tbody>\n<tr>\n<td width=\"63\"><b>Vecka:<\/b><\/td>\n<td><b>Utl\u00e4rd dans:<\/b><\/td>\n<\/tr>\n<tr>\n<td width=\"50\">5<\/td>\n<td><a href=\"https:\/\/www.lassolinedance.se\/o\/?p=4525\">Ticket to the Blues<\/a><\/td>\n<\/tr>\n<tr>\n<td width=\"50\">6<\/td>\n<td><a href=\"https:\/\/www.lassolinedance.se\/o\/?p=4531\">My Blue Tree<\/a>, <em>Repetition av<\/em> <a href=\"https:\/\/www.lassolinedance.se\/o\/?p=986\" target=\"_blank\">Black Coffee<\/a> <em>och<\/em> <a href=\"https:\/\/www.lassolinedance.se\/o\/?p=681\" target=\"_blank\">Higher &amp; Higher<\/a><\/td>\n<\/tr>\n<tr>\n<td width=\"50\">7<\/td>\n<td><a href=\"https:\/\/www.lassolinedance.se\/o\/?p=4533\">What You Say, What You Do<\/a><\/td>\n<\/tr>\n<tr>\n<td width=\"50\">8<\/td>\n<td><em>Repetition<\/em><\/td>\n<\/tr>\n<tr>\n<td width=\"50\">9<\/td>\n<td><a href=\"https:\/\/www.lassolinedance.se\/o\/?p=658\">Blue Night Cha<\/a><\/td>\n<\/tr>\n<tr>\n<td width=\"50\">10<\/td>\n<td><a href=\"https:\/\/www.lassolinedance.se\/o\/?p=660\">Tennessee Waltz Surprise<\/a><\/td>\n<\/tr>\n<tr>\n<td width=\"50\">11<\/td>\n<td><a href=\"https:\/\/www.lassolinedance.se\/o\/?p=1272\">Stitch It Up<\/a><\/td>\n<\/tr>\n<tr>\n<td width=\"50\">12<\/td>\n<td><em>Repetition<\/em><\/td>\n<\/tr>\n<tr>\n<td width=\"50\">13<\/td>\n<td><strong><em>Inst\u00e4lld p\u00e5 grund av p\u00e5sk<\/em><\/strong><\/td>\n<\/tr>\n<tr>\n<td width=\"50\">14<\/td>\n<td><a href=\"https:\/\/www.lassolinedance.se\/o\/?p=516\">Deep Rolling<\/a><\/td>\n<\/tr>\n<tr>\n<td width=\"50\">15<\/td>\n<td><a href=\"https:\/\/www.lassolinedance.se\/o\/?p=4563\">Senorita Tu<\/a><\/td>\n<\/tr>\n<tr>\n<td width=\"50\">16<\/td>\n<td><a href=\"https:\/\/www.lassolinedance.se\/o\/?p=4570\">Let It Bay-Be<\/a><\/td>\n<\/tr>\n<tr>\n<td width=\"50\">17<\/td>\n<td><em>Repetition<\/em><\/td>\n<\/tr>\n<\/tbody>\n<\/table>\n<p>&nbsp;<\/p>\n<h2>Kallh\u00e4ll, Folkets Hus \/ Tisdagar \/ Improver<\/h2>\n<table>\n<tbody>\n<tr>\n<td width=\"63\"><b>Vecka:<\/b><\/td>\n<td><b>Utl\u00e4rd dans:<\/b><\/td>\n<\/tr>\n<tr>\n<td width=\"50\">5<\/td>\n<td><a href=\"https:\/\/www.lassolinedance.se\/o\/?p=4528\">Homegrown<\/a><\/td>\n<\/tr>\n<tr>\n<td width=\"50\">6<\/td>\n<td><a href=\"https:\/\/www.lassolinedance.se\/o\/?p=876\" target=\"_blank\">Rhyme &amp; Reason<\/a>, <em>Repetition av<\/em> <a href=\"https:\/\/www.lassolinedance.se\/o\/?p=4257\" target=\"_blank\">Alkeehawl<\/a>, <a href=\"https:\/\/www.lassolinedance.se\/o\/?p=2695\" target=\"_blank\">Laughter In The Rain<\/a> <em>och<\/em> <a href=\"https:\/\/www.lassolinedance.se\/o\/?p=2703\" target=\"_blank\">The Boat To Liverpool<\/a><\/td>\n<\/tr>\n<tr>\n<td width=\"50\">7<\/td>\n<td><a href=\"https:\/\/www.lassolinedance.se\/o\/?p=2674\">Shotgun Mambo<\/a><\/td>\n<\/tr>\n<tr>\n<td width=\"50\">8<\/td>\n<td><em>Repetition<\/em><\/td>\n<\/tr>\n<tr>\n<td width=\"50\">9<\/td>\n<td><a href=\"https:\/\/www.lassolinedance.se\/o\/?p=4540\">Better When I&#8217;m Dancin&#8217;<\/a><\/td>\n<\/tr>\n<tr>\n<td width=\"50\">10<\/td>\n<td><a href=\"https:\/\/www.lassolinedance.se\/o\/?p=3783\">And Get It On<\/a><\/td>\n<\/tr>\n<tr>\n<td width=\"50\">11<\/td>\n<td><em>Repetition av<\/em> <a href=\"https:\/\/www.lassolinedance.se\/o\/?p=4540\">Better When I&#8217;m Dancin&#8217;<\/a>, <a href=\"https:\/\/www.lassolinedance.se\/o\/?p=3783\">And Get It On<\/a> <em>och<\/em> <a href=\"https:\/\/www.lassolinedance.se\/o\/?p=2620\">Raggle Taggle Gypsy O<\/a><\/td>\n<\/tr>\n<tr>\n<td width=\"50\">12<\/td>\n<td><a href=\"https:\/\/www.lassolinedance.se\/o\/?p=4551\">That&#8217;s Me<\/a><\/td>\n<\/tr>\n<tr>\n<td width=\"50\">13<\/td>\n<td><em>Repetition<\/em><\/td>\n<\/tr>\n<tr>\n<td width=\"50\">14<\/td>\n<td><a href=\"https:\/\/www.lassolinedance.se\/o\/?p=1406\">Caught In The Act<\/a><\/td>\n<\/tr>\n<tr>\n<td width=\"50\">15<\/td>\n<td><a href=\"https:\/\/www.lassolinedance.se\/o\/?p=4566\">A Country High<\/a><\/td>\n<\/tr>\n<tr>\n<td width=\"50\">16<\/td>\n<td><em>Repetition<\/em><\/td>\n<\/tr>\n<tr>\n<td width=\"50\"><strong>Extra: <\/strong><\/td>\n<td><a href=\"https:\/\/www.lassolinedance.se\/o\/?p=1214\">My Veronica<\/a> <em>och<\/em> <a href=\"https:\/\/www.lassolinedance.se\/o\/?p=1364\">Just Wright<\/a><strong><br \/>\n<\/strong><\/td>\n<\/tr>\n<\/tbody>\n<\/table>\n<p>&nbsp;<\/p>\n<h2>Kallh\u00e4ll, Folkets Hus \/ Torsdagar \/ Nyb\u00f6rjare<\/h2>\n<table>\n<tbody>\n<tr>\n<td width=\"63\"><b>Vecka:<\/b><\/td>\n<td><b>Utl\u00e4rd dans:<\/b><\/td>\n<\/tr>\n<tr>\n<td width=\"50\">5<\/td>\n<td><a href=\"https:\/\/www.lassolinedance.se\/o\/?p=542\">California Freeze<\/a>, <a href=\"https:\/\/www.lassolinedance.se\/o\/?p=1276\">Cowgirl&#8217;s Twist<\/a>, <a href=\"https:\/\/www.lassolinedance.se\/o\/?p=644\">Lindi Shuffle<\/a><\/td>\n<\/tr>\n<tr>\n<td width=\"50\">6<\/td>\n<td><a href=\"https:\/\/www.lassolinedance.se\/o\/?p=656\">Eye Candy<\/a><\/td>\n<\/tr>\n<tr>\n<td width=\"50\">7<\/td>\n<td><a href=\"https:\/\/www.lassolinedance.se\/o\/?p=4523\">Rumba Hips<\/a><\/td>\n<\/tr>\n<tr>\n<td width=\"50\">8<\/td>\n<td><em>Repetition<\/em><\/td>\n<\/tr>\n<tr>\n<td width=\"50\">9<\/td>\n<td><a href=\"https:\/\/www.lassolinedance.se\/o\/?p=650\">Country Walkin&#8217;<\/a><\/td>\n<\/tr>\n<tr>\n<td width=\"50\">10<\/td>\n<td><a href=\"https:\/\/www.lassolinedance.se\/o\/?p=4531\">My Blue Tree<\/a><\/td>\n<\/tr>\n<tr>\n<td width=\"50\">11<\/td>\n<td><a href=\"https:\/\/www.lassolinedance.se\/o\/?p=753\">Mini Mariana<\/a><\/td>\n<\/tr>\n<tr>\n<td width=\"50\">12<\/td>\n<td><strong><em>Inst\u00e4lld p\u00e5 grund av p\u00e5sk<\/em><\/strong><\/td>\n<\/tr>\n<tr>\n<td width=\"50\">13<\/td>\n<td><em>Repetition<\/em><\/td>\n<\/tr>\n<tr>\n<td width=\"50\">14<\/td>\n<td><a href=\"https:\/\/www.lassolinedance.se\/o\/?p=554\">Pop Da Booty<\/a><\/td>\n<\/tr>\n<tr>\n<td width=\"50\">15<\/td>\n<td><a href=\"https:\/\/www.lassolinedance.se\/o\/?p=550\">First Waltz<\/a><\/td>\n<\/tr>\n<tr>\n<td width=\"50\">16<\/td>\n<td><a href=\"https:\/\/www.lassolinedance.se\/o\/?p=560\">Ghost Train<\/a><\/td>\n<\/tr>\n<tr>\n<td width=\"50\">17<\/td>\n<td><em>Repetition<\/em><\/td>\n<\/tr>\n<\/tbody>\n<\/table>\n","protected":false},"excerpt":{"rendered":"<p>Kallh\u00e4ll, Folkets Hus \/ M\u00e5ndagar \/ Forts\u00e4ttning Vecka: Utl\u00e4rd dans: 5 Ticket to the Blues 6 My Blue Tree, Repetition av Black Coffee och Higher &amp; Higher 7 What You Say, What You Do 8 Repetition 9 Blue Night Cha 10 Tennessee Waltz Surprise 11 Stitch It Up 12 Repetition 13 Inst\u00e4lld p\u00e5 grund av p\u00e5sk 14 Deep Rolling 15 Senorita Tu 16 Let It Bay-Be 17 Repetition &nbsp; Kallh\u00e4ll, Folkets Hus \/ Tisdagar \/ Improver Vecka: Utl\u00e4rd dans: 5 [&hellip;]<\/p>\n","protected":false},"author":2,"featured_media":0,"parent":78,"menu_order":77,"comment_status":"closed","ping_status":"closed","template":"","meta":{"ngg_post_thumbnail":0,"footnotes":""},"class_list":["post-4591","page","type-page","status-publish","hentry"],"publishpress_future_action":{"enabled":false,"date":"2026-04-28 12:10:54","action":"change-status","newStatus":"draft","terms":[],"taxonomy":"","extraData":[]},"publishpress_future_workflow_manual_trigger":{"enabledWorkflows":[]},"_links":{"self":[{"href":"https:\/\/www.lassolinedance.se\/o\/wp-json\/wp\/v2\/pages\/4591","targetHints":{"allow":["GET"]}}],"collection":[{"href":"https:\/\/www.lassolinedance.se\/o\/wp-json\/wp\/v2\/pages"}],"about":[{"href":"https:\/\/www.lassolinedance.se\/o\/wp-json\/wp\/v2\/types\/page"}],"author":[{"embeddable":true,"href":"https:\/\/www.lassolinedance.se\/o\/wp-json\/wp\/v2\/users\/2"}],"replies":[{"embeddable":true,"href":"https:\/\/www.lassolinedance.se\/o\/wp-json\/wp\/v2\/comments?post=4591"}],"version-history":[{"count":2,"href":"https:\/\/www.lassolinedance.se\/o\/wp-json\/wp\/v2\/pages\/4591\/revisions"}],"predecessor-version":[{"id":4595,"href":"https:\/\/www.lassolinedance.se\/o\/wp-json\/wp\/v2\/pages\/4591\/revisions\/4595"}],"up":[{"embeddable":true,"href":"https:\/\/www.lassolinedance.se\/o\/wp-json\/wp\/v2\/pages\/78"}],"wp:attachment":[{"href":"https:\/\/www.lassolinedance.se\/o\/wp-json\/wp\/v2\/media?parent=4591"}],"curies":[{"name":"wp","href":"https:\/\/api.w.org\/{rel}","templated":true}]}}