{"id":36,"date":"2012-12-26T13:22:01","date_gmt":"2012-12-26T12:22:01","guid":{"rendered":"http:\/\/www.lassolinedance.se\/o\/?page_id=36"},"modified":"2012-12-26T13:27:15","modified_gmt":"2012-12-26T12:27:15","slug":"events-kick-offs-mm","status":"publish","type":"page","link":"https:\/\/www.lassolinedance.se\/o\/exempelsida\/events-kick-offs-mm\/","title":{"rendered":"Events, Kick-Offs mm."},"content":{"rendered":"<p>Events \/ Kick-off \/ m\u00f6hippor \/ privata fester mm&#8230;<\/p>\n<p>Funderar ni p\u00e5 att ha ett roligt inslag i festen?<br \/>\nVill ni prova p\u00e5 dans.. v\u00e4lj d\u00e5 Lasso Linedance f\u00f6r utl\u00e4rning.<\/p>\n<p>Detta och mer \u00e4r m\u00f6jligt hos oss&#8230;<\/p>\n<p>Kontakta oss f\u00f6r mer information.<\/p>\n","protected":false},"excerpt":{"rendered":"<p>Events \/ Kick-off \/ m\u00f6hippor \/ privata fester mm&#8230; Funderar ni p\u00e5 att ha ett roligt inslag i festen? Vill ni prova p\u00e5 dans.. v\u00e4lj d\u00e5 Lasso Linedance f\u00f6r utl\u00e4rning. Detta och mer \u00e4r m\u00f6jligt hos oss&#8230; Kontakta oss f\u00f6r mer information.<\/p>\n","protected":false},"author":2,"featured_media":0,"parent":2,"menu_order":4,"comment_status":"open","ping_status":"open","template":"","meta":{"ngg_post_thumbnail":0,"footnotes":""},"class_list":["post-36","page","type-page","status-publish","hentry"],"publishpress_future_action":{"enabled":false,"date":"2026-05-06 06:23:31","action":"change-status","newStatus":"draft","terms":[],"taxonomy":"","extraData":[]},"publishpress_future_workflow_manual_trigger":{"enabledWorkflows":[]},"_links":{"self":[{"href":"https:\/\/www.lassolinedance.se\/o\/wp-json\/wp\/v2\/pages\/36","targetHints":{"allow":["GET"]}}],"collection":[{"href":"https:\/\/www.lassolinedance.se\/o\/wp-json\/wp\/v2\/pages"}],"about":[{"href":"https:\/\/www.lassolinedance.se\/o\/wp-json\/wp\/v2\/types\/page"}],"author":[{"embeddable":true,"href":"https:\/\/www.lassolinedance.se\/o\/wp-json\/wp\/v2\/users\/2"}],"replies":[{"embeddable":true,"href":"https:\/\/www.lassolinedance.se\/o\/wp-json\/wp\/v2\/comments?post=36"}],"version-history":[{"count":2,"href":"https:\/\/www.lassolinedance.se\/o\/wp-json\/wp\/v2\/pages\/36\/revisions"}],"predecessor-version":[{"id":46,"href":"https:\/\/www.lassolinedance.se\/o\/wp-json\/wp\/v2\/pages\/36\/revisions\/46"}],"up":[{"embeddable":true,"href":"https:\/\/www.lassolinedance.se\/o\/wp-json\/wp\/v2\/pages\/2"}],"wp:attachment":[{"href":"https:\/\/www.lassolinedance.se\/o\/wp-json\/wp\/v2\/media?parent=36"}],"curies":[{"name":"wp","href":"https:\/\/api.w.org\/{rel}","templated":true}]}}