{"id":32,"date":"2012-12-26T13:17:09","date_gmt":"2012-12-26T12:17:09","guid":{"rendered":"http:\/\/www.lassolinedance.se\/o\/?page_id=32"},"modified":"2013-01-05T00:45:37","modified_gmt":"2013-01-04T23:45:37","slug":"fotpositioner","status":"publish","type":"page","link":"https:\/\/www.lassolinedance.se\/o\/exempelsida\/om-linedance\/fotpositioner\/","title":{"rendered":"Fotpositioner"},"content":{"rendered":"<p>I linedance som i \u00f6vriga dansformer s\u00e5 definierar man ett antal fotpositioner. N\u00e4stan varje tur man tar i en dans bygger p\u00e5 en eller flera av grundpositionerna.<\/p>\n<table border=\"1\" cellspacing=\"0\" cellpadding=\"3\">\n<tbody>\n<tr>\n<td align=\"center\">1st Position<\/td>\n<td align=\"center\">2nd Position<\/td>\n<td colspan=\"2\" align=\"center\">3rd Position<\/td>\n<\/tr>\n<tr>\n<td align=\"center\"><a href=\"https:\/\/www.lassolinedance.se\/o\/?attachment_id=1500\" rel=\"attachment wp-att-1500\"><img loading=\"lazy\" decoding=\"async\" class=\"alignnone size-full wp-image-1500\" alt=\"F\u00f6rsta position\" src=\"https:\/\/www.lassolinedance.se\/o\/wp-content\/uploads\/2012\/12\/footposition1.gif\" width=\"46\" height=\"48\" \/><\/a><\/td>\n<td align=\"center\"><a href=\"https:\/\/www.lassolinedance.se\/o\/?attachment_id=1501\" rel=\"attachment wp-att-1501\"><img loading=\"lazy\" decoding=\"async\" class=\"alignnone size-full wp-image-1501\" alt=\"Andra postion\" src=\"https:\/\/www.lassolinedance.se\/o\/wp-content\/uploads\/2012\/12\/footposition2.gif\" width=\"71\" height=\"47\" \/><\/a><\/td>\n<td colspan=\"2\" align=\"center\"><a href=\"https:\/\/www.lassolinedance.se\/o\/?attachment_id=1502\" rel=\"attachment wp-att-1502\"><img loading=\"lazy\" decoding=\"async\" class=\"alignnone size-full wp-image-1502\" alt=\"Tredje position\" src=\"https:\/\/www.lassolinedance.se\/o\/wp-content\/uploads\/2012\/12\/footposition3.gif\" width=\"55\" height=\"73\" \/><\/a><\/td>\n<\/tr>\n<tr>\n<td align=\"center\">3rd Position<br \/>\n(Extended)<\/td>\n<td align=\"center\">4th Position<\/td>\n<td align=\"center\">5th Position<\/td>\n<td align=\"center\">5th Position<br \/>\n(Extended)<\/td>\n<\/tr>\n<tr>\n<td align=\"center\"><a href=\"https:\/\/www.lassolinedance.se\/o\/?attachment_id=1491\" rel=\"attachment wp-att-1491\"><img loading=\"lazy\" decoding=\"async\" class=\"alignnone size-full wp-image-1491\" alt=\"Tredje position f\u00f6rl\u00e4ngd\" src=\"https:\/\/www.lassolinedance.se\/o\/wp-content\/uploads\/2012\/12\/footposition3ext.gif\" width=\"85\" height=\"76\" \/><\/a><\/td>\n<td align=\"center\"><a href=\"https:\/\/www.lassolinedance.se\/o\/?attachment_id=1492\" rel=\"attachment wp-att-1492\"><img loading=\"lazy\" decoding=\"async\" class=\"alignnone size-full wp-image-1492\" alt=\"Fjerde position\" src=\"https:\/\/www.lassolinedance.se\/o\/wp-content\/uploads\/2012\/12\/footposition4.gif\" width=\"46\" height=\"118\" \/><\/a><\/td>\n<td align=\"center\"><a href=\"https:\/\/www.lassolinedance.se\/o\/?attachment_id=1493\" rel=\"attachment wp-att-1493\"><img loading=\"lazy\" decoding=\"async\" class=\"alignnone size-full wp-image-1493\" alt=\"Femte position\" src=\"https:\/\/www.lassolinedance.se\/o\/wp-content\/uploads\/2012\/12\/footposition5.gif\" width=\"131\" height=\"126\" \/><\/a><\/td>\n<td align=\"center\"><a href=\"https:\/\/www.lassolinedance.se\/o\/?attachment_id=1494\" rel=\"attachment wp-att-1494\"><img loading=\"lazy\" decoding=\"async\" class=\"alignnone size-full wp-image-1494\" alt=\"Femte position f\u00f6rl\u00e4ngd\" src=\"https:\/\/www.lassolinedance.se\/o\/wp-content\/uploads\/2012\/12\/footposition5ext.gif\" width=\"129\" height=\"240\" \/><\/a><\/td>\n<\/tr>\n<\/tbody>\n<\/table>\n<p>1:a St\u00e5 med f\u00f6tterna ihop.<br \/>\n2:a St\u00e5 med f\u00f6tterna is\u00e4r, axelbrett eller h\u00f6ftbrett.<br \/>\n3:e St\u00e5 t.ex v\u00e4nster fot rakt fram och h\u00f6ger fot med h\u00e4len intill h\u00e5lfoten p\u00e5 v\u00e4nster fot eller vice versa.<br \/>\n4:e St\u00e5 med ena foten framf\u00f6r eller bakom den andra.<br \/>\n5:e V\u00e4nster fot rakt fram, st\u00e4ll h\u00f6ger fot med h\u00e4len vid v\u00e4nster t\u00e5. H\u00f6ger fot vinklad 45 grader \u00e5t h\u00f6ger.<\/p>\n<p>Exempel p\u00e5<br \/>\n2:a Chasse, rock step \u00e5t sidan<br \/>\n3:e shuffle, cha cha steg<br \/>\n4:e g\u00e5 steg (walk)<br \/>\n5:e vine, step turn, rock step<\/p>\n","protected":false},"excerpt":{"rendered":"<p>I linedance som i \u00f6vriga dansformer s\u00e5 definierar man ett antal fotpositioner. N\u00e4stan varje tur man tar i en dans bygger p\u00e5 en eller flera av grundpositionerna. 1st Position 2nd Position 3rd Position 3rd Position (Extended) 4th Position 5th Position 5th Position (Extended) 1:a St\u00e5 med f\u00f6tterna ihop. 2:a St\u00e5 med f\u00f6tterna is\u00e4r, axelbrett eller h\u00f6ftbrett. 3:e St\u00e5 t.ex v\u00e4nster fot rakt fram och h\u00f6ger fot med h\u00e4len intill h\u00e5lfoten p\u00e5 v\u00e4nster fot eller vice versa. 4:e St\u00e5 med ena [&hellip;]<\/p>\n","protected":false},"author":2,"featured_media":0,"parent":16,"menu_order":5,"comment_status":"open","ping_status":"open","template":"","meta":{"ngg_post_thumbnail":0,"footnotes":""},"class_list":["post-32","page","type-page","status-publish","hentry"],"publishpress_future_action":{"enabled":false,"date":"2026-04-26 13:10:54","action":"change-status","newStatus":"draft","terms":[],"taxonomy":"","extraData":[]},"publishpress_future_workflow_manual_trigger":{"enabledWorkflows":[]},"_links":{"self":[{"href":"https:\/\/www.lassolinedance.se\/o\/wp-json\/wp\/v2\/pages\/32","targetHints":{"allow":["GET"]}}],"collection":[{"href":"https:\/\/www.lassolinedance.se\/o\/wp-json\/wp\/v2\/pages"}],"about":[{"href":"https:\/\/www.lassolinedance.se\/o\/wp-json\/wp\/v2\/types\/page"}],"author":[{"embeddable":true,"href":"https:\/\/www.lassolinedance.se\/o\/wp-json\/wp\/v2\/users\/2"}],"replies":[{"embeddable":true,"href":"https:\/\/www.lassolinedance.se\/o\/wp-json\/wp\/v2\/comments?post=32"}],"version-history":[{"count":2,"href":"https:\/\/www.lassolinedance.se\/o\/wp-json\/wp\/v2\/pages\/32\/revisions"}],"predecessor-version":[{"id":1517,"href":"https:\/\/www.lassolinedance.se\/o\/wp-json\/wp\/v2\/pages\/32\/revisions\/1517"}],"up":[{"embeddable":true,"href":"https:\/\/www.lassolinedance.se\/o\/wp-json\/wp\/v2\/pages\/16"}],"wp:attachment":[{"href":"https:\/\/www.lassolinedance.se\/o\/wp-json\/wp\/v2\/media?parent=32"}],"curies":[{"name":"wp","href":"https:\/\/api.w.org\/{rel}","templated":true}]}}