{"id":231,"date":"2012-12-26T19:52:17","date_gmt":"2012-12-26T18:52:17","guid":{"rendered":"http:\/\/www.lassolinedance.se\/o\/?page_id=231"},"modified":"2013-01-12T21:09:04","modified_gmt":"2013-01-12T20:09:04","slug":"hosten-2012","status":"publish","type":"page","link":"https:\/\/www.lassolinedance.se\/o\/danser\/utlarda-historik\/hosten-2012\/","title":{"rendered":"H\u00f6sten 2012"},"content":{"rendered":"<h2>H\u00e4sselby G\u00e5rd \/ Tisdagar \/ Intermediate<\/h2>\n<table>\n<tbody>\n<tr>\n<td width=\"100\"><b>Vecka:<\/b><\/td>\n<td width=\"200\"><b>Utl\u00e4rd dans:<\/b><\/td>\n<\/tr>\n<tr>\n<td width=\"100\">36<\/td>\n<td width=\"200\"><a title=\"Drive By\" href=\"https:\/\/www.lassolinedance.se\/o\/?p=479\">Drive By<\/a><\/td>\n<\/tr>\n<tr>\n<td width=\"100\">37<\/td>\n<td width=\"200\"><a title=\"Bright Lights\" href=\"https:\/\/www.lassolinedance.se\/o\/?p=482\">Bright Lights<\/a>, <a title=\"Pick A Bale\" href=\"https:\/\/www.lassolinedance.se\/o\/?p=484\">Pick a Bale<\/a><\/td>\n<\/tr>\n<tr>\n<td width=\"100\">38<\/td>\n<td width=\"300\"><a title=\"Half Past Nothin\u2019\" href=\"https:\/\/www.lassolinedance.se\/o\/?p=486\">Half Past Nothin&#8217;<\/a>, <a title=\"Drop Me Off In Harlem\" href=\"https:\/\/www.lassolinedance.se\/o\/?p=488\">Drop Me Off In Harlem<\/a><\/td>\n<\/tr>\n<tr>\n<td width=\"100\">39<\/td>\n<td width=\"200\"><a title=\"His Only Need\" href=\"https:\/\/www.lassolinedance.se\/o\/?p=490\">His Only Need<\/a><\/td>\n<\/tr>\n<tr>\n<td width=\"100\">40<\/td>\n<td width=\"200\"><a title=\"Back In Time\" href=\"https:\/\/www.lassolinedance.se\/o\/?p=492\">Back In Time<\/a><\/td>\n<\/tr>\n<tr>\n<td width=\"100\">41<\/td>\n<td width=\"200\"><em>Repetition<\/em><\/td>\n<\/tr>\n<tr>\n<td width=\"100\">42<\/td>\n<td width=\"200\"><a title=\"Boys Will Be Boys\" href=\"https:\/\/www.lassolinedance.se\/o\/?p=494\">Boys Will Be Boys<\/a><\/td>\n<\/tr>\n<tr>\n<td width=\"100\">43<\/td>\n<td width=\"200\"><a title=\"Soul Fire\" href=\"https:\/\/www.lassolinedance.se\/o\/?p=496\">Soul Fire<\/a><\/td>\n<\/tr>\n<tr>\n<td width=\"100\">44<\/td>\n<td width=\"200\"><a title=\"Have You Ever Seen The Rain\" href=\"https:\/\/www.lassolinedance.se\/o\/?p=498\">Have You Ever Seen The Rain<\/a><\/td>\n<\/tr>\n<tr>\n<td width=\"100\">45<\/td>\n<td width=\"200\"><a title=\"Black Heart\" href=\"https:\/\/www.lassolinedance.se\/o\/?p=500\">Black Heart<\/a><\/td>\n<\/tr>\n<tr>\n<td width=\"100\">46<\/td>\n<td width=\"200\"><a title=\"Rise &amp; Shine\" href=\"https:\/\/www.lassolinedance.se\/o\/?p=502\">Rise &amp; Shine<\/a><\/td>\n<\/tr>\n<tr>\n<td width=\"100\">47<\/td>\n<td width=\"200\"><a title=\"All My People\" href=\"https:\/\/www.lassolinedance.se\/o\/?p=504\">All My People<\/a><\/td>\n<\/tr>\n<tr>\n<td width=\"100\">48<\/td>\n<td width=\"200\"><a title=\"Some Nights\" href=\"https:\/\/www.lassolinedance.se\/o\/?p=506\">Some Nights<\/a><\/td>\n<\/tr>\n<tr>\n<td width=\"100\">49<\/td>\n<td width=\"200\"><em>Repetition<\/em><\/td>\n<\/tr>\n<\/tbody>\n<\/table>\n<h2><\/h2>\n<h2>H\u00e4sselby G\u00e5rd \/ Torsdagar \/ Improver<\/h2>\n<table>\n<tbody>\n<tr>\n<td width=\"100\"><b>Vecka:<\/b><\/td>\n<td width=\"200\"><b>Utl\u00e4rd dans:<\/b><\/td>\n<\/tr>\n<tr>\n<td width=\"100\">37<\/td>\n<td width=\"200\"><a title=\"Get To Funny Liners\" href=\"https:\/\/www.lassolinedance.se\/o\/?p=508\">Get To Funny Liners<\/a><\/td>\n<\/tr>\n<tr>\n<td width=\"100\">38<\/td>\n<td width=\"200\"><em>Repetition<\/em><\/td>\n<\/tr>\n<tr>\n<td width=\"100\">39<\/td>\n<td width=\"350\"><a title=\"Cry Cry Cry\" href=\"https:\/\/www.lassolinedance.se\/o\/?p=510\">Cry Cry Cry<\/a> <em>+ Repetition av<\/em> <a title=\"Senorita\" href=\"https:\/\/www.lassolinedance.se\/o\/?p=536\">Senorita<\/a> <em>&amp;<\/em> <a title=\"Louisiana Swing\" href=\"https:\/\/www.lassolinedance.se\/o\/?p=512\">Louisiana Swing<\/a><\/td>\n<\/tr>\n<tr>\n<td width=\"100\">40<\/td>\n<td width=\"550\"><em>Repetition av<\/em> <a title=\"Cry Cry Cry\" href=\"https:\/\/www.lassolinedance.se\/o\/?p=510\">Cry Cry Cry<\/a><em>,<\/em> <a title=\"Reelin\u2019 &amp; Rockin\u2019\" href=\"https:\/\/www.lassolinedance.se\/o\/?p=514\">Reelin&#8217; &amp; Rockin&#8217;<\/a>, <a title=\"Deep Rolling\" href=\"https:\/\/www.lassolinedance.se\/o\/?p=516\">Deep Rolling<\/a>, <a title=\"Driftaway Cha Cha\" href=\"https:\/\/www.lassolinedance.se\/o\/?p=518\">Driftaway Cha Cha<\/a><\/td>\n<\/tr>\n<tr>\n<td width=\"100\">41<\/td>\n<td width=\"200\"><a title=\"All Shook Up\" href=\"https:\/\/www.lassolinedance.se\/o\/?p=520\">All Shook Up<\/a><\/td>\n<\/tr>\n<tr>\n<td width=\"100\">42<\/td>\n<td width=\"200\"><a title=\"Love Gun\" href=\"https:\/\/www.lassolinedance.se\/o\/?p=522\">Love Gun<\/a><\/td>\n<\/tr>\n<tr>\n<td width=\"100\">43<\/td>\n<td width=\"200\"><a title=\"Rebel Amor\" href=\"https:\/\/www.lassolinedance.se\/o\/?p=524\">Rebel Amor<\/a><\/td>\n<\/tr>\n<tr>\n<td width=\"100\">44<\/td>\n<td width=\"200\"><em>Repetition<\/em><\/td>\n<\/tr>\n<tr>\n<td width=\"100\">45<\/td>\n<td width=\"200\"><a title=\"If I Was A Woman\" href=\"https:\/\/www.lassolinedance.se\/o\/?p=526\">If I Was A Woman<\/a><\/td>\n<\/tr>\n<tr>\n<td width=\"100\">46<\/td>\n<td width=\"200\"><a title=\"Do Wop Be Doo Be Doo\" href=\"https:\/\/www.lassolinedance.se\/o\/?p=528\">Do Wop Be Doo Be Doo<\/a><\/td>\n<\/tr>\n<tr>\n<td width=\"100\">47<\/td>\n<td width=\"200\"><a title=\"Galway Girls\" href=\"https:\/\/www.lassolinedance.se\/o\/?p=530\">Galway Girls<\/a><\/td>\n<\/tr>\n<\/tbody>\n<\/table>\n<h2><\/h2>\n<h2>Klubbdanserna i H\u00e4sselby G\u00e5rd<\/h2>\n<table>\n<tbody>\n<tr>\n<td width=\"100\"><b>Datum:<\/b><\/td>\n<td width=\"200\"><b>Utl\u00e4rd dans:<\/b><\/td>\n<\/tr>\n<tr>\n<td width=\"200\">14 Oktober 2012<\/td>\n<td width=\"200\"><a title=\"Pick A Bale\" href=\"https:\/\/www.lassolinedance.se\/o\/?p=484\">Pick A Bale<\/a><\/td>\n<\/tr>\n<tr>\n<td width=\"200\">28 Oktober 2012<\/td>\n<td width=\"200\"><a title=\"Where We\u2019ve Been\" href=\"https:\/\/www.lassolinedance.se\/o\/?p=532\">Where We&#8217;ve Been<\/a><\/td>\n<\/tr>\n<tr>\n<td width=\"200\">11 November 2012<\/td>\n<td width=\"200\"><a title=\"Not Like That\" href=\"https:\/\/www.lassolinedance.se\/o\/?p=534\">Not Like That<\/a><\/td>\n<\/tr>\n<\/tbody>\n<\/table>\n","protected":false},"excerpt":{"rendered":"<p>H\u00e4sselby G\u00e5rd \/ Tisdagar \/ Intermediate Vecka: Utl\u00e4rd dans: 36 Drive By 37 Bright Lights, Pick a Bale 38 Half Past Nothin&#8217;, Drop Me Off In Harlem 39 His Only Need 40 Back In Time 41 Repetition 42 Boys Will Be Boys 43 Soul Fire 44 Have You Ever Seen The Rain 45 Black Heart 46 Rise &amp; Shine 47 All My People 48 Some Nights 49 Repetition H\u00e4sselby G\u00e5rd \/ Torsdagar \/ Improver Vecka: Utl\u00e4rd dans: 37 Get To [&hellip;]<\/p>\n","protected":false},"author":2,"featured_media":0,"parent":78,"menu_order":84,"comment_status":"open","ping_status":"open","template":"","meta":{"ngg_post_thumbnail":0,"footnotes":""},"class_list":["post-231","page","type-page","status-publish","hentry"],"publishpress_future_action":{"enabled":false,"date":"2026-05-06 17:50:53","action":"change-status","newStatus":"draft","terms":[],"taxonomy":"","extraData":[]},"publishpress_future_workflow_manual_trigger":{"enabledWorkflows":[]},"_links":{"self":[{"href":"https:\/\/www.lassolinedance.se\/o\/wp-json\/wp\/v2\/pages\/231","targetHints":{"allow":["GET"]}}],"collection":[{"href":"https:\/\/www.lassolinedance.se\/o\/wp-json\/wp\/v2\/pages"}],"about":[{"href":"https:\/\/www.lassolinedance.se\/o\/wp-json\/wp\/v2\/types\/page"}],"author":[{"embeddable":true,"href":"https:\/\/www.lassolinedance.se\/o\/wp-json\/wp\/v2\/users\/2"}],"replies":[{"embeddable":true,"href":"https:\/\/www.lassolinedance.se\/o\/wp-json\/wp\/v2\/comments?post=231"}],"version-history":[{"count":2,"href":"https:\/\/www.lassolinedance.se\/o\/wp-json\/wp\/v2\/pages\/231\/revisions"}],"predecessor-version":[{"id":1582,"href":"https:\/\/www.lassolinedance.se\/o\/wp-json\/wp\/v2\/pages\/231\/revisions\/1582"}],"up":[{"embeddable":true,"href":"https:\/\/www.lassolinedance.se\/o\/wp-json\/wp\/v2\/pages\/78"}],"wp:attachment":[{"href":"https:\/\/www.lassolinedance.se\/o\/wp-json\/wp\/v2\/media?parent=231"}],"curies":[{"name":"wp","href":"https:\/\/api.w.org\/{rel}","templated":true}]}}