{"id":2231,"date":"2014-01-14T10:20:31","date_gmt":"2014-01-14T09:20:31","guid":{"rendered":"http:\/\/www.lassolinedance.se\/o\/?page_id=2231"},"modified":"2014-01-14T10:23:27","modified_gmt":"2014-01-14T09:23:27","slug":"hosten-2013","status":"publish","type":"page","link":"https:\/\/www.lassolinedance.se\/o\/danser\/utlarda-historik\/hosten-2013\/","title":{"rendered":"H\u00f6sten 2013"},"content":{"rendered":"<h2>H\u00e4sselby G\u00e5rd \/ Tisdagar \/ Intermediate<\/h2>\n<table>\n<tbody>\n<tr>\n<td width=\"63\"><b>Vecka:<\/b><\/td>\n<td><b>Utl\u00e4rd dans:<\/b><\/td>\n<\/tr>\n<tr>\n<td width=\"50\">37<\/td>\n<td><a title=\"No Man\u2019s Land\" href=\"https:\/\/www.lassolinedance.se\/o\/?p=2023\">No Man&#8217;s Land<\/a> &amp; <a title=\"Cotton Time\" href=\"https:\/\/www.lassolinedance.se\/o\/?p=2024\">Cotton Time<\/a><\/td>\n<\/tr>\n<tr>\n<td width=\"50\">38<\/td>\n<td><em>Repetition<\/em><\/td>\n<\/tr>\n<tr>\n<td width=\"50\">39<\/td>\n<td><a title=\"The Good Life\" href=\"https:\/\/www.lassolinedance.se\/o\/?p=2028\">The Good Life<\/a><\/td>\n<\/tr>\n<tr>\n<td width=\"50\">40<\/td>\n<td><em>Repetition<\/em><\/td>\n<\/tr>\n<tr>\n<td width=\"50\">41<\/td>\n<td><a title=\"The Great Gatsby\" href=\"https:\/\/www.lassolinedance.se\/o\/?p=2045\" target=\"_blank\">The Great Gatsby<\/a><\/td>\n<\/tr>\n<tr>\n<td width=\"50\">42<\/td>\n<td><a title=\"Post Code Envy\" href=\"https:\/\/www.lassolinedance.se\/o\/?p=2055\">Post Code Envy<\/a><\/td>\n<\/tr>\n<tr>\n<td width=\"50\">43<\/td>\n<td><a title=\"Back To Black\" href=\"https:\/\/www.lassolinedance.se\/o\/?p=2068\">Back To Black<\/a><\/td>\n<\/tr>\n<tr>\n<td width=\"50\">44<\/td>\n<td><a title=\"Don't Disturb Me\" href=\"https:\/\/www.lassolinedance.se\/o\/?p=2113\">Don&#8217;t Disturb Me<\/a><\/td>\n<\/tr>\n<tr>\n<td width=\"50\">45<\/td>\n<td><a title=\"Kreedom\" href=\"https:\/\/www.lassolinedance.se\/o\/?p=2120\">Kreedom<\/a><\/td>\n<\/tr>\n<tr>\n<td width=\"50\">46<\/td>\n<td><em>Repetition &amp; dans<\/em><\/td>\n<\/tr>\n<tr>\n<td width=\"50\">47 &#8211; Bonus<\/td>\n<td><a title=\"Hurt Me Carefully\" href=\"https:\/\/www.lassolinedance.se\/o\/?p=2171\">Hurt Me Carefully<\/a><\/td>\n<\/tr>\n<tr>\n<td width=\"50\">48 &#8211; Bonus<\/td>\n<td><a title=\"Fly High\" href=\"https:\/\/www.lassolinedance.se\/o\/?p=2177\">Fly High<\/a><\/td>\n<\/tr>\n<tr>\n<td width=\"50\">49 &#8211; Bonus<\/td>\n<td><a title=\"Never Should Have\" href=\"https:\/\/www.lassolinedance.se\/o\/?p=2185\">Never Should Have<\/a><\/td>\n<\/tr>\n<\/tbody>\n<\/table>\n<h2><\/h2>\n<h2>H\u00e4sselby G\u00e5rd \/ Onsdagar \/ Grundkurs<\/h2>\n<table>\n<tbody>\n<tr>\n<td width=\"50\"><b>Vecka:<\/b><\/td>\n<td><b>Utl\u00e4rd dans:<\/b><\/td>\n<\/tr>\n<tr>\n<td width=\"50\">38<\/td>\n<td><a title=\"You Are The One\" href=\"https:\/\/www.lassolinedance.se\/o\/?p=642\" target=\"_blank\">You Are The One<\/a>\u00a0&amp; <a title=\"Lock Roamin\u2019\" href=\"https:\/\/www.lassolinedance.se\/o\/?p=1188\" target=\"_blank\">Lock Roamin&#8217;<\/a><\/td>\n<\/tr>\n<tr>\n<td width=\"50\">39<\/td>\n<td><a title=\"Looking Good\" href=\"https:\/\/www.lassolinedance.se\/o\/?p=2034\">Looking Good<\/a><\/td>\n<\/tr>\n<tr>\n<td width=\"50\">40<\/td>\n<td><em>Repetition<\/em><\/td>\n<\/tr>\n<tr>\n<td width=\"50\">41<\/td>\n<td><a title=\"Haley\u2019s Medley\" href=\"https:\/\/www.lassolinedance.se\/o\/?p=562\">Haley&#8217;s Medley<\/a><\/td>\n<\/tr>\n<tr>\n<td width=\"50\">42<\/td>\n<td><a title=\"Waltz N Smile\" href=\"https:\/\/www.lassolinedance.se\/o\/?p=2051\">Waltz N Smile<\/a><\/td>\n<\/tr>\n<tr>\n<td width=\"50\">43<\/td>\n<td><a title=\"Ghost Train\" href=\"https:\/\/www.lassolinedance.se\/o\/?p=560\">Ghost Train<\/a> &amp; <a title=\"Just 4 Fun\" href=\"https:\/\/www.lassolinedance.se\/o\/?p=558\">Just 4 Fun<\/a><\/td>\n<\/tr>\n<tr>\n<td width=\"50\">44<\/td>\n<td><a title=\"Jo\u2019n Jo Tango\" href=\"https:\/\/www.lassolinedance.se\/o\/?p=576\">Jo&#8217;n Jo Tango<\/a><\/td>\n<\/tr>\n<tr>\n<td width=\"50\">45<\/td>\n<td><a title=\"Bye Bye Mambo\" href=\"https:\/\/www.lassolinedance.se\/o\/?p=648\">Bye Bye Mambo<\/a><\/td>\n<\/tr>\n<tr>\n<td width=\"50\">46<\/td>\n<td><a title=\"Baby Grace\" href=\"https:\/\/www.lassolinedance.se\/o\/?p=2062\">Baby Grace<\/a><\/td>\n<\/tr>\n<tr>\n<td width=\"50\">47<\/td>\n<td><em>Danskv\u00e4ll<\/em><\/td>\n<\/tr>\n<\/tbody>\n<\/table>\n<h2><\/h2>\n<h2>H\u00e4sselby G\u00e5rd \/ Torsdagar \/ Improver<\/h2>\n<table>\n<tbody>\n<tr>\n<td width=\"50\"><b>Vecka:<\/b><\/td>\n<td><b>Utl\u00e4rd dans:<\/b><\/td>\n<\/tr>\n<tr>\n<td width=\"50\">37<\/td>\n<td>Mjukstart Danstr\u00e4ning<\/td>\n<\/tr>\n<tr>\n<td width=\"50\">38<\/td>\n<td><a title=\"My Greek No 1\" href=\"https:\/\/www.lassolinedance.se\/o\/?p=1311\" target=\"_blank\">My Greek No. 1<\/a> &amp; <a title=\"Islands In The Stream\" href=\"https:\/\/www.lassolinedance.se\/o\/?p=832\" target=\"_blank\">Islands In The Stream<\/a><\/td>\n<\/tr>\n<tr>\n<td width=\"50\">39<\/td>\n<td><a title=\"Winners &amp; Losers\" href=\"https:\/\/www.lassolinedance.se\/o\/?p=2032\">Winners &amp; Losers<\/a><\/td>\n<\/tr>\n<tr>\n<td width=\"50\">40<\/td>\n<td><em>Repetition<\/em><\/td>\n<\/tr>\n<tr>\n<td width=\"50\">41<\/td>\n<td><a title=\"Shaken Not Stirred\" href=\"https:\/\/www.lassolinedance.se\/o\/?p=703\">Shaken Not Stirred<\/a><\/td>\n<\/tr>\n<tr>\n<td width=\"50\">42<\/td>\n<td><a title=\"Baby Grace\" href=\"https:\/\/www.lassolinedance.se\/o\/?p=2062\">Baby Grace<\/a><\/td>\n<\/tr>\n<tr>\n<td width=\"50\">43<\/td>\n<td><a title=\"Cooley\u2019s Reel\" href=\"https:\/\/www.lassolinedance.se\/o\/?p=600\">Cooley&#8217;s Reel<\/a><\/td>\n<\/tr>\n<tr>\n<td width=\"50\">44<\/td>\n<td><a title=\"Mexi-Fest\" href=\"https:\/\/www.lassolinedance.se\/o\/?p=2116\">Mexi-Fest<\/a><\/td>\n<\/tr>\n<tr>\n<td width=\"50\">45<\/td>\n<td><em>Repetition<\/em><\/td>\n<\/tr>\n<tr>\n<td width=\"50\">46<\/td>\n<td><em>Danskv\u00e4ll<\/em><\/td>\n<\/tr>\n<\/tbody>\n<\/table>\n<h2><\/h2>\n","protected":false},"excerpt":{"rendered":"<p>H\u00e4sselby G\u00e5rd \/ Tisdagar \/ Intermediate Vecka: Utl\u00e4rd dans: 37 No Man&#8217;s Land &amp; Cotton Time 38 Repetition 39 The Good Life 40 Repetition 41 The Great Gatsby 42 Post Code Envy 43 Back To Black 44 Don&#8217;t Disturb Me 45 Kreedom 46 Repetition &amp; dans 47 &#8211; Bonus Hurt Me Carefully 48 &#8211; Bonus Fly High 49 &#8211; Bonus Never Should Have H\u00e4sselby G\u00e5rd \/ Onsdagar \/ Grundkurs Vecka: Utl\u00e4rd dans: 38 You Are The One\u00a0&amp; Lock Roamin&#8217; 39 [&hellip;]<\/p>\n","protected":false},"author":2,"featured_media":0,"parent":78,"menu_order":82,"comment_status":"closed","ping_status":"closed","template":"","meta":{"ngg_post_thumbnail":0,"footnotes":""},"class_list":["post-2231","page","type-page","status-publish","hentry"],"publishpress_future_action":{"enabled":false,"date":"2026-05-05 06:37:52","action":"change-status","newStatus":"draft","terms":[],"taxonomy":"","extraData":[]},"publishpress_future_workflow_manual_trigger":{"enabledWorkflows":[]},"_links":{"self":[{"href":"https:\/\/www.lassolinedance.se\/o\/wp-json\/wp\/v2\/pages\/2231","targetHints":{"allow":["GET"]}}],"collection":[{"href":"https:\/\/www.lassolinedance.se\/o\/wp-json\/wp\/v2\/pages"}],"about":[{"href":"https:\/\/www.lassolinedance.se\/o\/wp-json\/wp\/v2\/types\/page"}],"author":[{"embeddable":true,"href":"https:\/\/www.lassolinedance.se\/o\/wp-json\/wp\/v2\/users\/2"}],"replies":[{"embeddable":true,"href":"https:\/\/www.lassolinedance.se\/o\/wp-json\/wp\/v2\/comments?post=2231"}],"version-history":[{"count":2,"href":"https:\/\/www.lassolinedance.se\/o\/wp-json\/wp\/v2\/pages\/2231\/revisions"}],"predecessor-version":[{"id":2234,"href":"https:\/\/www.lassolinedance.se\/o\/wp-json\/wp\/v2\/pages\/2231\/revisions\/2234"}],"up":[{"embeddable":true,"href":"https:\/\/www.lassolinedance.se\/o\/wp-json\/wp\/v2\/pages\/78"}],"wp:attachment":[{"href":"https:\/\/www.lassolinedance.se\/o\/wp-json\/wp\/v2\/media?parent=2231"}],"curies":[{"name":"wp","href":"https:\/\/api.w.org\/{rel}","templated":true}]}}