{"id":223,"date":"2012-12-26T19:45:57","date_gmt":"2012-12-26T18:45:57","guid":{"rendered":"http:\/\/www.lassolinedance.se\/o\/?page_id=223"},"modified":"2013-01-12T21:07:52","modified_gmt":"2013-01-12T20:07:52","slug":"varen-2011","status":"publish","type":"page","link":"https:\/\/www.lassolinedance.se\/o\/danser\/utlarda-historik\/varen-2011\/","title":{"rendered":"V\u00e5ren 2011"},"content":{"rendered":"<h2>H\u00e4sselby G\u00e5rd \/ M\u00e5ndagar \/ Improver<\/h2>\n<table>\n<tbody>\n<tr>\n<td width=\"100\"><b>Vecka:<\/b><\/td>\n<td width=\"250\"><b>Utl\u00e4rd dans:<\/b><\/td>\n<\/tr>\n<tr>\n<td width=\"100\">7<\/td>\n<td width=\"250\"><a title=\"Foxy Girl\" href=\"https:\/\/www.lassolinedance.se\/o\/?p=822\">Foxy Girl<\/a>, <a title=\"Hello Dolly\" href=\"https:\/\/www.lassolinedance.se\/o\/?p=570\">Hello Dolly<\/a><\/td>\n<\/tr>\n<tr>\n<td width=\"100\">8<\/td>\n<td width=\"250\"><em>Inst\u00e4lld pga sjukdom!<\/em><\/td>\n<\/tr>\n<tr>\n<td width=\"100\">9<\/td>\n<td width=\"250\"><a title=\"Under The Sun\" href=\"https:\/\/www.lassolinedance.se\/o\/?p=824\">Under The Sun<\/a><\/td>\n<\/tr>\n<tr>\n<td width=\"100\">10<\/td>\n<td width=\"250\"><a title=\"Bosa Nova\" href=\"https:\/\/www.lassolinedance.se\/o\/?p=826\">Bosa Nova<\/a>, <a title=\"Closer\" href=\"https:\/\/www.lassolinedance.se\/o\/?p=828\">Closer<\/a><\/td>\n<\/tr>\n<tr>\n<td width=\"100\">11<\/td>\n<td width=\"250\"><a title=\"Down In Mexico\" href=\"https:\/\/www.lassolinedance.se\/o\/?p=689\">Down In Mexico<\/a><\/td>\n<\/tr>\n<tr>\n<td width=\"100\">12<\/td>\n<td width=\"250\"><strong>REPETITION<\/strong><\/td>\n<\/tr>\n<tr>\n<td width=\"100\">13<\/td>\n<td width=\"250\"><a title=\"Whole Again\" href=\"https:\/\/www.lassolinedance.se\/o\/?p=830\">Whole Again<\/a><\/td>\n<\/tr>\n<tr>\n<td width=\"100\">14<\/td>\n<td width=\"250\"><a title=\"Islands In The Stream\" href=\"https:\/\/www.lassolinedance.se\/o\/?p=832\">Islands In The Stream<\/a><\/td>\n<\/tr>\n<tr>\n<td width=\"100\">15<\/td>\n<td width=\"250\"><a title=\"Dance Alone\" href=\"https:\/\/www.lassolinedance.se\/o\/?p=834\">Dance Alone<\/a><\/td>\n<\/tr>\n<tr>\n<td width=\"100\">16<\/td>\n<td width=\"250\"><a title=\"Burlesque\" href=\"https:\/\/www.lassolinedance.se\/o\/?p=836\">Burlesque<\/a><\/td>\n<\/tr>\n<tr>\n<td width=\"100\">17<\/td>\n<td width=\"250\"><strong>REPETITION<\/strong><\/td>\n<\/tr>\n<\/tbody>\n<\/table>\n<h2><\/h2>\n<h2>Husby \/ M\u00e5ndagar \/ Novice 2\/Intermediate<\/h2>\n<table>\n<tbody>\n<tr>\n<td width=\"100\"><b>Vecka:<\/b><\/td>\n<td width=\"250\"><b>Utl\u00e4rd dans:<\/b><\/td>\n<\/tr>\n<tr>\n<td width=\"100\">4<\/td>\n<td width=\"250\"><a title=\"Burlesque\" href=\"https:\/\/www.lassolinedance.se\/o\/?p=836\">Burlesque<\/a>, <a title=\"Beautiful Monster\" href=\"https:\/\/www.lassolinedance.se\/o\/?p=838\">Beautiful Monster<\/a><\/td>\n<\/tr>\n<tr>\n<td width=\"100\">5<\/td>\n<td width=\"250\"><a title=\"Won\u2019t Let Go\" href=\"https:\/\/www.lassolinedance.se\/o\/?p=840\">Won&#8217;t Let Go<\/a>, <a title=\"Unpredictable\" href=\"https:\/\/www.lassolinedance.se\/o\/?p=842\">Unpredictable<\/a><\/td>\n<\/tr>\n<tr>\n<td width=\"100\">6<\/td>\n<td width=\"350\"><em>Kursdans &#8211; Vi dansar det vi l\u00e4rt oss + lite gammalt<\/em><\/td>\n<\/tr>\n<tr>\n<td width=\"100\">7<\/td>\n<td width=\"250\"><a title=\"Twist With The Fat Boys\" href=\"https:\/\/www.lassolinedance.se\/o\/?p=844\">Twist With The Fat Boys<\/a>, <a title=\"My Father And Me\" href=\"https:\/\/www.lassolinedance.se\/o\/?p=846\">My Father And Me<\/a><\/td>\n<\/tr>\n<tr>\n<td width=\"100\">8<\/td>\n<td width=\"250\"><a title=\"Rolling In The Deep\" href=\"https:\/\/www.lassolinedance.se\/o\/?p=848\">Rolling In The Deep<\/a>, <a title=\"Troublemaker (Will Craig)\" href=\"https:\/\/www.lassolinedance.se\/o\/?p=850\">Troublemaker<\/a><\/td>\n<\/tr>\n<tr>\n<td width=\"100\">9<\/td>\n<td width=\"250\"><em>Kursdans &#8211; Vi dansar det vi l\u00e4rt oss + lite gammalt<\/em><\/td>\n<\/tr>\n<tr>\n<td width=\"100\">10<\/td>\n<td width=\"250\"><a title=\"Break Free Cha\" href=\"https:\/\/www.lassolinedance.se\/o\/?p=852\">Break Free Cha!<\/a><\/td>\n<\/tr>\n<tr>\n<td width=\"100\">11<\/td>\n<td width=\"250\"><a title=\"Beer Or Gasoline\" href=\"https:\/\/www.lassolinedance.se\/o\/?p=854\">Beer Or Gasoline<\/a>, <a title=\"A Perfect Day\" href=\"https:\/\/www.lassolinedance.se\/o\/?p=856\">A Perfect Day<\/a><\/td>\n<\/tr>\n<tr>\n<td width=\"100\">12<\/td>\n<td width=\"250\"><em>Kursdans &#8211; Vi dansar det vi l\u00e4rt oss + lite gammalt<\/em><\/td>\n<\/tr>\n<tr>\n<td width=\"100\">13<\/td>\n<td width=\"250\"><a title=\"Only Girl\" href=\"https:\/\/www.lassolinedance.se\/o\/?p=858\">Only Girl<\/a>, <a title=\"Talkin To The Moon\" href=\"https:\/\/www.lassolinedance.se\/o\/?p=860\">Talkin To The Moon<\/a><\/td>\n<\/tr>\n<tr>\n<td width=\"100\">14<\/td>\n<td width=\"250\"><a title=\"Cooley\u2019s Reel\" href=\"https:\/\/www.lassolinedance.se\/o\/?p=600\">Cooley&#8217;s Reel<\/a>, <a title=\"Sunset Mambo\" href=\"https:\/\/www.lassolinedance.se\/o\/?p=862\">Sunset Mambo<\/a><\/td>\n<\/tr>\n<tr>\n<td width=\"100\">15<\/td>\n<td width=\"250\"><a title=\"Perfect!\" href=\"https:\/\/www.lassolinedance.se\/o\/?p=864\">Perfect!<\/a><\/td>\n<\/tr>\n<tr>\n<td width=\"100\">16<\/td>\n<td width=\"250\"><em>Kursdans &#8211; Vi dansar det vi l\u00e4rt oss + lite gammalt<\/em><\/td>\n<\/tr>\n<\/tbody>\n<\/table>\n<h2><\/h2>\n<h2>Akalla By \/ Tisdagar \/ Grundkurs<\/h2>\n<table>\n<tbody>\n<tr>\n<td width=\"100\"><b>Vecka:<\/b><\/td>\n<td width=\"250\"><b>Utl\u00e4rd dans:<\/b><\/td>\n<\/tr>\n<tr>\n<td width=\"100\">4<\/td>\n<td width=\"250\"><a title=\"Lindi Shuffle\" href=\"https:\/\/www.lassolinedance.se\/o\/?p=644\">Lindi Shuffle<\/a>, <a title=\"Mamma Maria\" href=\"https:\/\/www.lassolinedance.se\/o\/?p=749\">Mamma Maria<\/a><\/td>\n<\/tr>\n<tr>\n<td width=\"100\">5<\/td>\n<td width=\"250\"><a title=\"Eye Candy\" href=\"https:\/\/www.lassolinedance.se\/o\/?p=656\">Eye Candy<\/a><\/td>\n<\/tr>\n<tr>\n<td width=\"100\">6<\/td>\n<td width=\"250\"><a title=\"A-B Chilli Cha\" href=\"https:\/\/www.lassolinedance.se\/o\/?p=646\">A-B Chilli Cha<\/a><\/td>\n<\/tr>\n<tr>\n<td width=\"100\">7<\/td>\n<td width=\"250\"><a title=\"Honky Tonk Stomp\" href=\"https:\/\/www.lassolinedance.se\/o\/?p=866\">Honky Tonk Stomp<\/a><\/td>\n<\/tr>\n<tr>\n<td width=\"100\">8<\/td>\n<td width=\"250\"><em>Inst\u00e4lld<\/em><\/td>\n<\/tr>\n<tr>\n<td width=\"100\">9<\/td>\n<td width=\"250\"><a title=\"Cowboy Charleston\" href=\"https:\/\/www.lassolinedance.se\/o\/?p=640\">Cowboy Charleston<\/a>, <a title=\"Peaches &amp; Cream\" href=\"https:\/\/www.lassolinedance.se\/o\/?p=654\">Peaches &amp; Cream<\/a><\/td>\n<\/tr>\n<tr>\n<td width=\"100\">10<\/td>\n<td width=\"250\"><strong>REPETITION<\/strong><\/td>\n<\/tr>\n<tr>\n<td width=\"100\">11<\/td>\n<td width=\"250\"><a title=\"First Waltz\" href=\"https:\/\/www.lassolinedance.se\/o\/?p=550\">First Waltz<\/a><\/td>\n<\/tr>\n<tr>\n<td width=\"100\">12<\/td>\n<td width=\"250\"><a title=\"Smarter Women\" href=\"https:\/\/www.lassolinedance.se\/o\/?p=652\">Smarter Women<\/a><\/td>\n<\/tr>\n<tr>\n<td width=\"100\">13<\/td>\n<td width=\"250\"><a title=\"Ghost Train\" href=\"https:\/\/www.lassolinedance.se\/o\/?p=560\">Ghost Train<\/a><\/td>\n<\/tr>\n<tr>\n<td width=\"100\">14<\/td>\n<td width=\"250\"><a title=\"Country Walkin\u2019\" href=\"https:\/\/www.lassolinedance.se\/o\/?p=650\">Country Walkin&#8217;<\/a><\/td>\n<\/tr>\n<tr>\n<td width=\"100\">15<\/td>\n<td width=\"250\"><a title=\"Good Time\" href=\"https:\/\/www.lassolinedance.se\/o\/?p=868\">Good Time<\/a><\/td>\n<\/tr>\n<tr>\n<td width=\"100\">16<\/td>\n<td width=\"250\"><strong>REPETITION<\/strong><\/td>\n<\/tr>\n<\/tbody>\n<\/table>\n<h2><\/h2>\n<h2>Akalla By \/ Tisdagar \/ Improver\/Novice<\/h2>\n<table>\n<tbody>\n<tr>\n<td width=\"100\"><b>Vecka:<\/b><\/td>\n<td width=\"250\"><b>Utl\u00e4rd dans:<\/b><\/td>\n<\/tr>\n<tr>\n<td width=\"100\">4<\/td>\n<td width=\"250\"><a title=\"Calypso Mexico\" href=\"https:\/\/www.lassolinedance.se\/o\/?p=870\">Calypso Mexico<\/a><\/td>\n<\/tr>\n<tr>\n<td width=\"100\">5<\/td>\n<td width=\"250\"><a title=\"Never Stop\" href=\"https:\/\/www.lassolinedance.se\/o\/?p=872\">Never Stop<\/a><\/td>\n<\/tr>\n<tr>\n<td width=\"100\">6<\/td>\n<td width=\"250\"><a title=\"Big Jimmy\" href=\"https:\/\/www.lassolinedance.se\/o\/?p=874\">Big Jimmy<\/a><\/td>\n<\/tr>\n<tr>\n<td width=\"100\">7<\/td>\n<td width=\"250\"><a title=\"Hello Dolly\" href=\"https:\/\/www.lassolinedance.se\/o\/?p=570\">Hello Dolly<\/a><\/td>\n<\/tr>\n<tr>\n<td width=\"100\">8<\/td>\n<td width=\"250\"><em>Inst\u00e4lld<\/em><\/td>\n<\/tr>\n<tr>\n<td width=\"100\">9<\/td>\n<td width=\"250\"><strong>REPETITION<\/strong><\/td>\n<\/tr>\n<tr>\n<td width=\"100\">10<\/td>\n<td width=\"250\"><a title=\"Rhyme Or Reason\" href=\"https:\/\/www.lassolinedance.se\/o\/?p=876\">Rhyme Or Reason<\/a><\/td>\n<\/tr>\n<tr>\n<td width=\"100\">11<\/td>\n<td width=\"250\"><a title=\"Homeward Bound\" href=\"https:\/\/www.lassolinedance.se\/o\/?p=878\">Homeward Bound<\/a><\/td>\n<\/tr>\n<tr>\n<td width=\"100\">12<\/td>\n<td width=\"250\"><a title=\"Atomik Polka\" href=\"https:\/\/www.lassolinedance.se\/o\/?p=880\">Atomik Polka<\/a><\/td>\n<\/tr>\n<tr>\n<td width=\"100\">13<\/td>\n<td width=\"250\"><a title=\"Sweetie\" href=\"https:\/\/www.lassolinedance.se\/o\/?p=882\">Sweetie<\/a><\/td>\n<\/tr>\n<tr>\n<td width=\"100\">14<\/td>\n<td width=\"250\"><strong>REPETITION<\/strong><\/td>\n<\/tr>\n<tr>\n<td width=\"100\">15<\/td>\n<td width=\"250\"><a title=\"Cooley\u2019s Reel\" href=\"https:\/\/www.lassolinedance.se\/o\/?p=600\">Cooley&#8217;s Reel<\/a><\/td>\n<\/tr>\n<tr>\n<td width=\"100\">16<\/td>\n<td width=\"250\"><a title=\"Dance Alone\" href=\"https:\/\/www.lassolinedance.se\/o\/?p=834\">Dance Alone<\/a><\/td>\n<\/tr>\n<\/tbody>\n<\/table>\n<h2><\/h2>\n<h2>H\u00e4sselby G\u00e5rd \/ Onsdagar \/ Grundkurs<\/h2>\n<table>\n<tbody>\n<tr>\n<td width=\"100\"><b>Vecka:<\/b><\/td>\n<td width=\"250\"><b>Utl\u00e4rd dans:<\/b><\/td>\n<\/tr>\n<tr>\n<td width=\"100\">4<\/td>\n<td width=\"250\"><a title=\"Lindi Shuffle\" href=\"https:\/\/www.lassolinedance.se\/o\/?p=644\">Lindi Shuffle<\/a>, <a title=\"Mamma Maria\" href=\"https:\/\/www.lassolinedance.se\/o\/?p=749\">Mamma Maria<\/a><\/td>\n<\/tr>\n<tr>\n<td width=\"100\">5<\/td>\n<td width=\"250\"><a title=\"A-B Chilli Cha\" href=\"https:\/\/www.lassolinedance.se\/o\/?p=646\">A-B Chilli Cha<\/a>, <a title=\"Eye Candy\" href=\"https:\/\/www.lassolinedance.se\/o\/?p=656\">Eye Candy<\/a><\/td>\n<\/tr>\n<tr>\n<td width=\"100\">6<\/td>\n<td width=\"250\"><a title=\"Honky Tonk Stomp\" href=\"https:\/\/www.lassolinedance.se\/o\/?p=866\">Honky Tonk Stomp<\/a><\/td>\n<\/tr>\n<tr>\n<td width=\"100\">7<\/td>\n<td width=\"250\"><a title=\"Cowboy Charleston\" href=\"https:\/\/www.lassolinedance.se\/o\/?p=640\">Cowboy Charleston<\/a><\/td>\n<\/tr>\n<tr>\n<td width=\"100\">8<\/td>\n<td width=\"250\"><a title=\"Peaches &amp; Cream\" href=\"https:\/\/www.lassolinedance.se\/o\/?p=654\">Peaches &amp; Cream<\/a><\/td>\n<\/tr>\n<tr>\n<td width=\"100\">9<\/td>\n<td width=\"250\"><strong>REPETITION<\/strong><\/td>\n<\/tr>\n<tr>\n<td width=\"100\">10<\/td>\n<td width=\"250\"><a title=\"First Waltz\" href=\"https:\/\/www.lassolinedance.se\/o\/?p=550\">First Waltz<\/a><\/td>\n<\/tr>\n<tr>\n<td width=\"100\">11<\/td>\n<td width=\"250\"><a title=\"Smarter Women\" href=\"https:\/\/www.lassolinedance.se\/o\/?p=652\">Smarter Women<\/a><\/td>\n<\/tr>\n<tr>\n<td width=\"100\">12<\/td>\n<td width=\"250\"><a title=\"Pop Da Booty\" href=\"https:\/\/www.lassolinedance.se\/o\/?p=554\">Pop Da Booty<\/a><\/td>\n<\/tr>\n<tr>\n<td width=\"100\">13<\/td>\n<td width=\"250\"><a title=\"Ghost Train\" href=\"https:\/\/www.lassolinedance.se\/o\/?p=560\">Ghost Train<\/a><\/td>\n<\/tr>\n<tr>\n<td width=\"100\">14<\/td>\n<td width=\"250\"><a title=\"Country Walkin\u2019\" href=\"https:\/\/www.lassolinedance.se\/o\/?p=650\">Country Walkin&#8217;<\/a><\/td>\n<\/tr>\n<tr>\n<td width=\"100\">15<\/td>\n<td width=\"250\"><a title=\"Good Time\" href=\"https:\/\/www.lassolinedance.se\/o\/?p=868\">Good Time<\/a><\/td>\n<\/tr>\n<tr>\n<td width=\"100\">16<\/td>\n<td width=\"250\"><strong>REPETITION<\/strong><\/td>\n<\/tr>\n<\/tbody>\n<\/table>\n<h2><\/h2>\n<h2>Viksj\u00f6 \/ Torsdagar \/ Grundkurs<\/h2>\n<table>\n<tbody>\n<tr>\n<td width=\"100\"><b>Vecka:<\/b><\/td>\n<td width=\"250\"><b>Utl\u00e4rd dans:<\/b><\/td>\n<\/tr>\n<tr>\n<td width=\"100\">4<\/td>\n<td width=\"250\"><a title=\"Lindi Shuffle\" href=\"https:\/\/www.lassolinedance.se\/o\/?p=644\">Lindi Shuffle<\/a>, <a title=\"Mamma Maria\" href=\"https:\/\/www.lassolinedance.se\/o\/?p=749\">Mamma Maria<\/a><\/td>\n<\/tr>\n<tr>\n<td width=\"100\">5<\/td>\n<td width=\"250\"><a title=\"Eye Candy\" href=\"https:\/\/www.lassolinedance.se\/o\/?p=656\">Eye Candy<\/a><\/td>\n<\/tr>\n<tr>\n<td width=\"100\">6<\/td>\n<td width=\"250\"><a title=\"A-B Chilli Cha\" href=\"https:\/\/www.lassolinedance.se\/o\/?p=646\">A-B Chilli Cha<\/a><\/td>\n<\/tr>\n<tr>\n<td width=\"100\">7<\/td>\n<td width=\"250\"><a title=\"Honky Tonk Stomp\" href=\"https:\/\/www.lassolinedance.se\/o\/?p=866\">Honky Tonk Stomp<\/a><\/td>\n<\/tr>\n<tr>\n<td width=\"100\">8<\/td>\n<td width=\"250\"><a title=\"Cowboy Charleston\" href=\"https:\/\/www.lassolinedance.se\/o\/?p=640\">Cowboy Charleston<\/a>, <a title=\"Peaches &amp; Cream\" href=\"https:\/\/www.lassolinedance.se\/o\/?p=654\">Peaches &amp; Cream<\/a><\/td>\n<\/tr>\n<tr>\n<td width=\"100\">9<\/td>\n<td width=\"250\"><strong>REPETITION<\/strong><\/td>\n<\/tr>\n<tr>\n<td width=\"100\">10<\/td>\n<td width=\"250\"><a title=\"First Waltz\" href=\"https:\/\/www.lassolinedance.se\/o\/?p=550\">First Waltz<\/a><\/td>\n<\/tr>\n<tr>\n<td width=\"100\">11<\/td>\n<td width=\"250\"><a title=\"Smarter Women\" href=\"https:\/\/www.lassolinedance.se\/o\/?p=652\">Smarter Women<\/a><\/td>\n<\/tr>\n<tr>\n<td width=\"100\">12<\/td>\n<td width=\"250\"><a title=\"Pop Da Booty\" href=\"https:\/\/www.lassolinedance.se\/o\/?p=554\">Pop Da Booty<\/a><\/td>\n<\/tr>\n<tr>\n<td width=\"100\">13<\/td>\n<td width=\"250\"><a title=\"Ghost Train\" href=\"https:\/\/www.lassolinedance.se\/o\/?p=560\">Ghost Train<\/a><\/td>\n<\/tr>\n<tr>\n<td width=\"100\">14<\/td>\n<td width=\"250\"><a title=\"Country Walkin\u2019\" href=\"https:\/\/www.lassolinedance.se\/o\/?p=650\">Country Walkin&#8217;<\/a><\/td>\n<\/tr>\n<tr>\n<td width=\"100\">15<\/td>\n<td width=\"250\"><a title=\"Good Time\" href=\"https:\/\/www.lassolinedance.se\/o\/?p=868\">Good Time<\/a><\/td>\n<\/tr>\n<tr>\n<td width=\"100\">16<\/td>\n<td width=\"250\"><strong>REPETITION<\/strong><\/td>\n<\/tr>\n<\/tbody>\n<\/table>\n<h2><\/h2>\n<h2>Vikskj\u00f6 \/ Torsdagar \/ Improver (Forts\u00e4ttning 1)<\/h2>\n<table>\n<tbody>\n<tr>\n<td width=\"100\"><b>Vecka:<\/b><\/td>\n<td width=\"250\"><b>Utl\u00e4rd dans:<\/b><\/td>\n<\/tr>\n<tr>\n<td width=\"100\">4<\/td>\n<td width=\"250\"><a title=\"Cumbia Semana\" href=\"https:\/\/www.lassolinedance.se\/o\/?p=578\">Cumbia Semana<\/a>, <a title=\"Foxy Girl\" href=\"https:\/\/www.lassolinedance.se\/o\/?p=822\">Foxy Girl<\/a><\/td>\n<\/tr>\n<tr>\n<td width=\"100\">5<\/td>\n<td width=\"250\"><a title=\"Irish Stew\" href=\"https:\/\/www.lassolinedance.se\/o\/?p=568\">Irish Stew<\/a><\/td>\n<\/tr>\n<tr>\n<td width=\"100\">6<\/td>\n<td width=\"250\"><a title=\"Sweet Sweet Smile\" href=\"https:\/\/www.lassolinedance.se\/o\/?p=886\">Sweet Sweet Smile<\/a><\/td>\n<\/tr>\n<tr>\n<td width=\"100\">7<\/td>\n<td width=\"250\"><a title=\"Bounce\" href=\"https:\/\/www.lassolinedance.se\/o\/?p=888\">Bounce<\/a><\/td>\n<\/tr>\n<tr>\n<td width=\"100\">8<\/td>\n<td width=\"250\"><a title=\"Hello Dolly\" href=\"https:\/\/www.lassolinedance.se\/o\/?p=570\">Hello Dolly<\/a><\/td>\n<\/tr>\n<tr>\n<td width=\"100\">9<\/td>\n<td width=\"250\"><strong>REPETITION<\/strong><\/td>\n<\/tr>\n<tr>\n<td width=\"100\">10<\/td>\n<td width=\"250\"><a title=\"Down In Mexico\" href=\"https:\/\/www.lassolinedance.se\/o\/?p=689\">Down In Mexico<\/a><\/td>\n<\/tr>\n<tr>\n<td width=\"100\">11<\/td>\n<td width=\"250\"><a title=\"Under The Sun\" href=\"https:\/\/www.lassolinedance.se\/o\/?p=824\">Under The Sun<\/a><\/td>\n<\/tr>\n<tr>\n<td width=\"100\">12<\/td>\n<td width=\"250\"><a title=\"Live, Laugh, Love\" href=\"https:\/\/www.lassolinedance.se\/o\/?p=572\">Live, Laugh, Love<\/a><\/td>\n<\/tr>\n<tr>\n<td width=\"100\">13<\/td>\n<td width=\"250\"><strong>REPETITION<\/strong><\/td>\n<\/tr>\n<tr>\n<td width=\"100\">14<\/td>\n<td width=\"250\"><a title=\"Jo\u2019n Jo Tango\" href=\"https:\/\/www.lassolinedance.se\/o\/?p=576\">Jo&#8217;n Jo Tango<\/a><\/td>\n<\/tr>\n<tr>\n<td width=\"100\">15<\/td>\n<td width=\"250\"><a title=\"Dance Alone\" href=\"https:\/\/www.lassolinedance.se\/o\/?p=834\">Dance Alone<\/a><\/td>\n<\/tr>\n<tr>\n<td width=\"100\">16<\/td>\n<td width=\"250\"><strong>REPETITION<\/strong><\/td>\n<\/tr>\n<\/tbody>\n<\/table>\n","protected":false},"excerpt":{"rendered":"<p>H\u00e4sselby G\u00e5rd \/ M\u00e5ndagar \/ Improver Vecka: Utl\u00e4rd dans: 7 Foxy Girl, Hello Dolly 8 Inst\u00e4lld pga sjukdom! 9 Under The Sun 10 Bosa Nova, Closer 11 Down In Mexico 12 REPETITION 13 Whole Again 14 Islands In The Stream 15 Dance Alone 16 Burlesque 17 REPETITION Husby \/ M\u00e5ndagar \/ Novice 2\/Intermediate Vecka: Utl\u00e4rd dans: 4 Burlesque, Beautiful Monster 5 Won&#8217;t Let Go, Unpredictable 6 Kursdans &#8211; Vi dansar det vi l\u00e4rt oss + lite gammalt 7 Twist With [&hellip;]<\/p>\n","protected":false},"author":2,"featured_media":0,"parent":78,"menu_order":87,"comment_status":"open","ping_status":"open","template":"","meta":{"ngg_post_thumbnail":0,"footnotes":""},"class_list":["post-223","page","type-page","status-publish","hentry"],"publishpress_future_action":{"enabled":false,"date":"2026-05-08 19:13:43","action":"change-status","newStatus":"draft","terms":[],"taxonomy":"","extraData":[]},"publishpress_future_workflow_manual_trigger":{"enabledWorkflows":[]},"_links":{"self":[{"href":"https:\/\/www.lassolinedance.se\/o\/wp-json\/wp\/v2\/pages\/223","targetHints":{"allow":["GET"]}}],"collection":[{"href":"https:\/\/www.lassolinedance.se\/o\/wp-json\/wp\/v2\/pages"}],"about":[{"href":"https:\/\/www.lassolinedance.se\/o\/wp-json\/wp\/v2\/types\/page"}],"author":[{"embeddable":true,"href":"https:\/\/www.lassolinedance.se\/o\/wp-json\/wp\/v2\/users\/2"}],"replies":[{"embeddable":true,"href":"https:\/\/www.lassolinedance.se\/o\/wp-json\/wp\/v2\/comments?post=223"}],"version-history":[{"count":2,"href":"https:\/\/www.lassolinedance.se\/o\/wp-json\/wp\/v2\/pages\/223\/revisions"}],"predecessor-version":[{"id":1579,"href":"https:\/\/www.lassolinedance.se\/o\/wp-json\/wp\/v2\/pages\/223\/revisions\/1579"}],"up":[{"embeddable":true,"href":"https:\/\/www.lassolinedance.se\/o\/wp-json\/wp\/v2\/pages\/78"}],"wp:attachment":[{"href":"https:\/\/www.lassolinedance.se\/o\/wp-json\/wp\/v2\/media?parent=223"}],"curies":[{"name":"wp","href":"https:\/\/api.w.org\/{rel}","templated":true}]}}