{"id":217,"date":"2012-12-26T19:42:30","date_gmt":"2012-12-26T18:42:30","guid":{"rendered":"http:\/\/www.lassolinedance.se\/o\/?page_id=217"},"modified":"2013-01-12T21:07:10","modified_gmt":"2013-01-12T20:07:10","slug":"varen-2010","status":"publish","type":"page","link":"https:\/\/www.lassolinedance.se\/o\/danser\/utlarda-historik\/varen-2010\/","title":{"rendered":"V\u00e5ren 2010"},"content":{"rendered":"<h2>Husby \/ M\u00e5ndagar \/ Novice<\/h2>\n<table>\n<tbody>\n<tr>\n<td width=\"100\"><b>Vecka:<\/b><\/td>\n<td width=\"350\"><b>Utl\u00e4rd dans:<\/b><\/td>\n<\/tr>\n<tr>\n<td width=\"100\">3<\/td>\n<td width=\"250\"><a title=\"Mexicali\" href=\"https:\/\/www.lassolinedance.se\/o\/?p=699\">Mexicali<\/a><\/td>\n<\/tr>\n<tr>\n<td width=\"100\">4<\/td>\n<td width=\"250\"><a title=\"Action\" href=\"https:\/\/www.lassolinedance.se\/o\/?p=701\">Action<\/a>, <a title=\"Shaken Not Stirred\" href=\"https:\/\/www.lassolinedance.se\/o\/?p=703\">Shaken Not Stirred<\/a><\/td>\n<\/tr>\n<tr>\n<td width=\"100\">5<\/td>\n<td width=\"250\"><a title=\"Flaunt It!\" href=\"https:\/\/www.lassolinedance.se\/o\/?p=705\">Flaunt It!<\/a><\/td>\n<\/tr>\n<tr>\n<td width=\"100\">6<\/td>\n<td width=\"250\"><strong>REPETITION<\/strong><\/td>\n<\/tr>\n<tr>\n<td width=\"100\">7<\/td>\n<td width=\"250\"><a title=\"Until The End\" href=\"https:\/\/www.lassolinedance.se\/o\/?p=707\">Until The End<\/a><\/td>\n<\/tr>\n<tr>\n<td width=\"100\">8<\/td>\n<td width=\"250\"><a title=\"Hicktown Shuffle\" href=\"https:\/\/www.lassolinedance.se\/o\/?p=709\">Hicktown Shuffle<\/a><\/td>\n<\/tr>\n<tr>\n<td width=\"100\">9<\/td>\n<td width=\"250\"><a title=\"Bad Influence\" href=\"https:\/\/www.lassolinedance.se\/o\/?p=711\">Bad Influence<\/a><\/td>\n<\/tr>\n<tr>\n<td width=\"100\">10<\/td>\n<td width=\"250\"><strong>REPETITION<\/strong><\/td>\n<\/tr>\n<tr>\n<td width=\"100\">11<\/td>\n<td width=\"250\"><a title=\"Louisiana Swing\" href=\"https:\/\/www.lassolinedance.se\/o\/?p=512\">Louisiana Swing<\/a>, <a title=\"Join The Queue\" href=\"https:\/\/www.lassolinedance.se\/o\/?p=713\">Join The Queue<\/a><\/td>\n<\/tr>\n<tr>\n<td width=\"100\">12<\/td>\n<td width=\"250\"><a title=\"Hands Up\" href=\"https:\/\/www.lassolinedance.se\/o\/?p=715\">Hands Up<\/a><\/td>\n<\/tr>\n<tr>\n<td width=\"100\">13<\/td>\n<td width=\"250\"><a title=\"Don\u2019t Let Me Down\" href=\"https:\/\/www.lassolinedance.se\/o\/?p=717\">Don&#8217;t Let Me Down<\/a><\/td>\n<\/tr>\n<tr>\n<td width=\"100\">14<\/td>\n<td width=\"250\"><em>Annandag p\u00e5sk &#8211; ingen kurs, men \u00f6ppen dans<\/em><\/td>\n<\/tr>\n<tr>\n<td width=\"100\">15<\/td>\n<td width=\"250\"><a title=\"Feels Like Summer\" href=\"https:\/\/www.lassolinedance.se\/o\/?p=719\">Feels Like Summer<\/a><\/td>\n<\/tr>\n<tr>\n<td width=\"100\">16<\/td>\n<td width=\"250\"><strong>REPETITION<\/strong><\/td>\n<\/tr>\n<\/tbody>\n<\/table>\n<p>&nbsp;<\/p>\n<h2>Husby \/ M\u00e5ndagar \/ Intermediate<\/h2>\n<table>\n<tbody>\n<tr>\n<td width=\"100\"><b>Vecka:<\/b><\/td>\n<td width=\"350\"><b>Utl\u00e4rd dans:<\/b><\/td>\n<\/tr>\n<tr>\n<td width=\"100\">3<\/td>\n<td width=\"250\"><a title=\"Shoes of Another Man\" href=\"https:\/\/www.lassolinedance.se\/o\/?p=721\">Shoes of Another Man<\/a><\/td>\n<\/tr>\n<tr>\n<td width=\"100\">4<\/td>\n<td width=\"250\"><a title=\"Sentimental\" href=\"https:\/\/www.lassolinedance.se\/o\/?p=723\">Sentimental<\/a><\/td>\n<\/tr>\n<tr>\n<td width=\"100\">5<\/td>\n<td width=\"250\"><a title=\"Hands Up\" href=\"https:\/\/www.lassolinedance.se\/o\/?p=715\">Hands Up<\/a>, <a title=\"Regresa\" href=\"https:\/\/www.lassolinedance.se\/o\/?p=725\">Regresa<\/a><\/td>\n<\/tr>\n<tr>\n<td width=\"100\">6<\/td>\n<td width=\"250\"><a title=\"NY Cha\" href=\"https:\/\/www.lassolinedance.se\/o\/?p=727\">NY Cha<\/a><\/td>\n<\/tr>\n<tr>\n<td width=\"100\">7<\/td>\n<td width=\"250\"><a title=\"Broken Heels\" href=\"https:\/\/www.lassolinedance.se\/o\/?p=729\">Broken Heels<\/a><\/td>\n<\/tr>\n<tr>\n<td width=\"100\">8<\/td>\n<td width=\"250\"><strong>REPETITION<\/strong><\/td>\n<\/tr>\n<tr>\n<td width=\"100\">9<\/td>\n<td width=\"250\"><a title=\"Wild\" href=\"https:\/\/www.lassolinedance.se\/o\/?p=731\">Wild<\/a>, <a title=\"Ease On Down\" href=\"https:\/\/www.lassolinedance.se\/o\/?p=733\">Ease On Down<\/a><\/td>\n<\/tr>\n<tr>\n<td width=\"100\">10<\/td>\n<td width=\"250\"><a title=\"One Love\" href=\"https:\/\/www.lassolinedance.se\/o\/?p=735\">One Love<\/a><\/td>\n<\/tr>\n<tr>\n<td width=\"100\">11<\/td>\n<td width=\"250\"><a title=\"Murder My Heart\" href=\"https:\/\/www.lassolinedance.se\/o\/?p=738\">Murder My Heart<\/a><\/td>\n<\/tr>\n<tr>\n<td width=\"100\">12<\/td>\n<td width=\"250\"><a title=\"Something Good\" href=\"https:\/\/www.lassolinedance.se\/o\/?p=740\">Something Good<\/a><\/td>\n<\/tr>\n<tr>\n<td width=\"100\">13<\/td>\n<td width=\"250\"><a title=\"Nothing\" href=\"https:\/\/www.lassolinedance.se\/o\/?p=742\">Nothing<\/a><\/td>\n<\/tr>\n<tr>\n<td width=\"100\">14<\/td>\n<td width=\"250\"><em>Annandag p\u00e5sk &#8211; ingen kurs, men \u00f6ppen dans<\/em><\/td>\n<\/tr>\n<tr>\n<td width=\"100\">15<\/td>\n<td width=\"250\"><a title=\"I Want That Man\" href=\"https:\/\/www.lassolinedance.se\/o\/?p=744\">I Want That Man<\/a><\/td>\n<\/tr>\n<tr>\n<td width=\"100\">16<\/td>\n<td width=\"250\"><strong>REPETITION<\/strong><\/td>\n<\/tr>\n<\/tbody>\n<\/table>\n<p>&nbsp;<\/p>\n<h2>Kista \/ Tisdagar \/ Grundkurs<\/h2>\n<table>\n<tbody>\n<tr>\n<td width=\"100\"><b>Vecka:<\/b><\/td>\n<td width=\"250\"><b>Utl\u00e4rd dans:<\/b><\/td>\n<\/tr>\n<tr>\n<td width=\"100\">3<\/td>\n<td width=\"250\"><a title=\"Flobie Slide\" href=\"https:\/\/www.lassolinedance.se\/o\/?p=746\">Flobie Slide<\/a>, <a title=\"Feeling Kinda Lonely\" href=\"https:\/\/www.lassolinedance.se\/o\/?p=747\">Feeling Kinda Lonely<\/a><\/td>\n<\/tr>\n<tr>\n<td width=\"100\">4<\/td>\n<td width=\"250\"><a title=\"Lindi Shuffle\" href=\"https:\/\/www.lassolinedance.se\/o\/?p=644\">Lindi Shuffle<\/a>, <a title=\"Mamma Maria\" href=\"https:\/\/www.lassolinedance.se\/o\/?p=749\">Mamma Maria<\/a><\/td>\n<\/tr>\n<tr>\n<td width=\"100\">5<\/td>\n<td width=\"250\"><a title=\"Little Rhumba\" href=\"https:\/\/www.lassolinedance.se\/o\/?p=552\">Little Rhumba<\/a><\/td>\n<\/tr>\n<tr>\n<td width=\"100\">6<\/td>\n<td width=\"250\"><strong>REPETITION<\/strong><\/td>\n<\/tr>\n<tr>\n<td width=\"100\">7<\/td>\n<td width=\"250\"><a title=\"Country Walkin\u2019\" href=\"https:\/\/www.lassolinedance.se\/o\/?p=650\">Country Walkin&#8217;<\/a><\/td>\n<\/tr>\n<tr>\n<td width=\"100\">8<\/td>\n<td width=\"250\"><a title=\"Cowboy Charleston\" href=\"https:\/\/www.lassolinedance.se\/o\/?p=640\">Cowboy Charleston<\/a><\/td>\n<\/tr>\n<tr>\n<td width=\"100\">9<\/td>\n<td width=\"250\"><strong>REPETITION<\/strong><\/td>\n<\/tr>\n<tr>\n<td width=\"100\">10<\/td>\n<td width=\"250\"><a title=\"Peaches &amp; Cream\" href=\"https:\/\/www.lassolinedance.se\/o\/?p=654\">Peaches &amp; Cream<\/a><\/td>\n<\/tr>\n<tr>\n<td width=\"100\">11<\/td>\n<td width=\"250\"><a title=\"First Waltz\" href=\"https:\/\/www.lassolinedance.se\/o\/?p=550\">First Waltz<\/a><\/td>\n<\/tr>\n<tr>\n<td width=\"100\">12<\/td>\n<td width=\"250\"><a title=\"Fiesta Cha Cha\" href=\"https:\/\/www.lassolinedance.se\/o\/?p=548\">Fiesta Cha Cha<\/a><\/td>\n<\/tr>\n<tr>\n<td width=\"100\">13<\/td>\n<td width=\"250\"><a title=\"Ghost Train\" href=\"https:\/\/www.lassolinedance.se\/o\/?p=560\">Ghost Train<\/a><\/td>\n<\/tr>\n<tr>\n<td width=\"100\">14<\/td>\n<td width=\"250\"><a title=\"Jo\u2019n Jo Tango\" href=\"https:\/\/www.lassolinedance.se\/o\/?p=576\">Jo&#8217;n Jo Tango<\/a><\/td>\n<\/tr>\n<tr>\n<td width=\"100\">15<\/td>\n<td width=\"250\"><a title=\"Come Dance With Me\" href=\"https:\/\/www.lassolinedance.se\/o\/?p=751\">Come Dance With Me<\/a><\/td>\n<\/tr>\n<\/tbody>\n<\/table>\n<p>&nbsp;<\/p>\n<h2>Kista \/ Tisdagar \/ Forts\u00e4ttning 1<\/h2>\n<table>\n<tbody>\n<tr>\n<td width=\"100\"><b>Vecka:<\/b><\/td>\n<td width=\"250\"><b>Utl\u00e4rd dans:<\/b><\/td>\n<\/tr>\n<tr>\n<td width=\"100\">3<\/td>\n<td width=\"250\"><a title=\"Mini Mariana\" href=\"https:\/\/www.lassolinedance.se\/o\/?p=753\">Mini Mariana<\/a>, <a title=\"Action\" href=\"https:\/\/www.lassolinedance.se\/o\/?p=701\">Action<\/a><\/td>\n<\/tr>\n<tr>\n<td width=\"100\">4<\/td>\n<td width=\"250\"><a title=\"Little Red Book\" href=\"https:\/\/www.lassolinedance.se\/o\/?p=755\">Little Red Book<\/a><\/td>\n<\/tr>\n<tr>\n<td width=\"100\">5<\/td>\n<td width=\"250\"><a title=\"Little Rhumba\" href=\"https:\/\/www.lassolinedance.se\/o\/?p=552\">Little Rhumba<\/a>, <a title=\"Love Trick\" href=\"https:\/\/www.lassolinedance.se\/o\/?p=757\">Love Trick<\/a><\/td>\n<\/tr>\n<tr>\n<td width=\"100\">6<\/td>\n<td width=\"250\"><a title=\"Just 4 Fun\" href=\"https:\/\/www.lassolinedance.se\/o\/?p=558\">Just 4 Fun<\/a><\/td>\n<\/tr>\n<tr>\n<td width=\"100\">7<\/td>\n<td width=\"250\"><strong>REPETITION<\/strong><\/td>\n<\/tr>\n<tr>\n<td width=\"100\">8<\/td>\n<td width=\"250\"><a title=\"Say Hey Love\" href=\"https:\/\/www.lassolinedance.se\/o\/?p=759\">Say Hey Love<\/a><\/td>\n<\/tr>\n<tr>\n<td width=\"100\">9<\/td>\n<td width=\"250\"><a title=\"Fool In Love\" href=\"https:\/\/www.lassolinedance.se\/o\/?p=685\">Fool In Love<\/a><\/td>\n<\/tr>\n<tr>\n<td width=\"100\">10<\/td>\n<td width=\"250\"><strong>REPETITION<\/strong><\/td>\n<\/tr>\n<tr>\n<td width=\"100\">11<\/td>\n<td width=\"250\"><a title=\"Come Dance With Me\" href=\"https:\/\/www.lassolinedance.se\/o\/?p=751\">Come Dance With Me<\/a><\/td>\n<\/tr>\n<tr>\n<td width=\"100\">12<\/td>\n<td width=\"250\"><a title=\"Slapping Leather\" href=\"https:\/\/www.lassolinedance.se\/o\/?p=761\">Slapping Leather<\/a><\/td>\n<\/tr>\n<tr>\n<td width=\"100\">13<\/td>\n<td width=\"250\"><strong>REPETITION<\/strong><\/td>\n<\/tr>\n<tr>\n<td width=\"100\">14<\/td>\n<td width=\"250\"><a title=\"Big Love\" href=\"https:\/\/www.lassolinedance.se\/o\/?p=765\">Big Love<\/a><\/td>\n<\/tr>\n<tr>\n<td width=\"100\">15<\/td>\n<td width=\"250\"><strong>REPETITION<\/strong><\/td>\n<\/tr>\n<\/tbody>\n<\/table>\n<p>&nbsp;<\/p>\n<h2>Viksj\u00f6 \/ Torsdagar \/ Grundkurs<\/h2>\n<table>\n<tbody>\n<tr>\n<td width=\"100\"><b>Vecka:<\/b><\/td>\n<td width=\"250\"><b>Utl\u00e4rd dans:<\/b><\/td>\n<\/tr>\n<tr>\n<td width=\"100\">3<\/td>\n<td width=\"250\"><a title=\"Flobie Slide\" href=\"https:\/\/www.lassolinedance.se\/o\/?p=746\">Flobie Slide<\/a>, <a title=\"Feeling Kinda Lonely\" href=\"https:\/\/www.lassolinedance.se\/o\/?p=747\">Feeling Kinda Lonely<\/a><\/td>\n<\/tr>\n<tr>\n<td width=\"100\">4<\/td>\n<td width=\"250\"><a title=\"Lindi Shuffle\" href=\"https:\/\/www.lassolinedance.se\/o\/?p=644\">Lindi Shuffle<\/a>, <a title=\"Mamma Maria\" href=\"https:\/\/www.lassolinedance.se\/o\/?p=749\">Mamma Maria<\/a><\/td>\n<\/tr>\n<tr>\n<td width=\"100\">5<\/td>\n<td width=\"250\"><a title=\"Little Rhumba\" href=\"https:\/\/www.lassolinedance.se\/o\/?p=552\">Little Rhumba<\/a><\/td>\n<\/tr>\n<tr>\n<td width=\"100\">6<\/td>\n<td width=\"250\"><strong>REPETITION<\/strong><\/td>\n<\/tr>\n<tr>\n<td width=\"100\">7<\/td>\n<td width=\"250\"><a title=\"Country Walkin\u2019\" href=\"https:\/\/www.lassolinedance.se\/o\/?p=650\">Country Walkin&#8217;<\/a>, <a title=\"Cowboy Charleston\" href=\"https:\/\/www.lassolinedance.se\/o\/?p=640\">Cowboy Charleston<\/a><\/td>\n<\/tr>\n<tr>\n<td width=\"100\">8<\/td>\n<td width=\"250\"><a title=\"Peaches &amp; Cream\" href=\"https:\/\/www.lassolinedance.se\/o\/?p=654\">Peaches &amp; Cream<\/a><\/td>\n<\/tr>\n<tr>\n<td width=\"100\">9<\/td>\n<td width=\"250\"><strong>REPETITION<\/strong><\/td>\n<\/tr>\n<tr>\n<td width=\"100\">10<\/td>\n<td width=\"250\"><a title=\"First Waltz\" href=\"https:\/\/www.lassolinedance.se\/o\/?p=550\">First Waltz<\/a><\/td>\n<\/tr>\n<tr>\n<td width=\"100\">11<\/td>\n<td width=\"250\"><a title=\"Fiesta Cha Cha\" href=\"https:\/\/www.lassolinedance.se\/o\/?p=548\">Fiesta Cha Cha<\/a><\/td>\n<\/tr>\n<tr>\n<td width=\"100\">12<\/td>\n<td width=\"250\"><a title=\"Just 4 Fun\" href=\"https:\/\/www.lassolinedance.se\/o\/?p=558\">Just 4 Fun<\/a><\/td>\n<\/tr>\n<tr>\n<td width=\"100\">13<\/td>\n<td width=\"250\"><em>Inst\u00e4lld<\/em><\/td>\n<\/tr>\n<tr>\n<td width=\"100\">14<\/td>\n<td width=\"250\"><a title=\"Jo\u2019n Jo Tango\" href=\"https:\/\/www.lassolinedance.se\/o\/?p=576\">Jo&#8217;n Jo Tango<\/a><\/td>\n<\/tr>\n<tr>\n<td width=\"100\">15<\/td>\n<td width=\"250\"><a title=\"Come Dance With Me\" href=\"https:\/\/www.lassolinedance.se\/o\/?p=751\">Come Dance With Me<\/a><\/td>\n<\/tr>\n<tr>\n<td width=\"100\">16<\/td>\n<td width=\"250\"><strong>REPETITION<\/strong><\/td>\n<\/tr>\n<\/tbody>\n<\/table>\n<p>&nbsp;<\/p>\n<h2>H\u00e4sselby G\u00e5rd \/ S\u00f6ndagar \/ Grundkurs Senior<\/h2>\n<table>\n<tbody>\n<tr>\n<td width=\"100\"><b>Vecka:<\/b><\/td>\n<td width=\"250\"><b>Utl\u00e4rd dans:<\/b><\/td>\n<\/tr>\n<tr>\n<td width=\"100\">3<\/td>\n<td width=\"250\"><a title=\"Flobie Slide\" href=\"https:\/\/www.lassolinedance.se\/o\/?p=746\">Flobie Slide<\/a>, <a title=\"Feeling Kinda Lonely\" href=\"https:\/\/www.lassolinedance.se\/o\/?p=747\">Feeling Kinda Lonely<\/a><\/td>\n<\/tr>\n<tr>\n<td width=\"100\">4<\/td>\n<td width=\"250\"><a title=\"Mamma Maria\" href=\"https:\/\/www.lassolinedance.se\/o\/?p=749\">Mamma Maria<\/a><\/td>\n<\/tr>\n<tr>\n<td width=\"100\">5<\/td>\n<td width=\"250\"><a title=\"Little Rhumba\" href=\"https:\/\/www.lassolinedance.se\/o\/?p=552\">Little Rhumba<\/a><\/td>\n<\/tr>\n<tr>\n<td width=\"100\">6<\/td>\n<td width=\"250\"><strong>REPETITION<\/strong><\/td>\n<\/tr>\n<tr>\n<td width=\"100\">7<\/td>\n<td width=\"250\"><em>Inst\u00e4lld<\/em><\/td>\n<\/tr>\n<tr>\n<td width=\"100\">8<\/td>\n<td width=\"250\"><a title=\"Just 4 Fun\" href=\"https:\/\/www.lassolinedance.se\/o\/?p=558\">Just 4 Fun<\/a><\/td>\n<\/tr>\n<tr>\n<td width=\"100\">9<\/td>\n<td width=\"250\"><a title=\"First Waltz\" href=\"https:\/\/www.lassolinedance.se\/o\/?p=550\">First Waltz<\/a><\/td>\n<\/tr>\n<tr>\n<td width=\"100\">10<\/td>\n<td width=\"250\"><a title=\"Fiesta Cha Cha\" href=\"https:\/\/www.lassolinedance.se\/o\/?p=548\">Fiesta Cha Cha<\/a><\/td>\n<\/tr>\n<tr>\n<td width=\"100\">11<\/td>\n<td width=\"250\"><a title=\"Little Red Book\" href=\"https:\/\/www.lassolinedance.se\/o\/?p=755\">Little Red Book<\/a><\/td>\n<\/tr>\n<tr>\n<td width=\"100\">12<\/td>\n<td width=\"250\"><strong>REPETITION<\/strong><\/td>\n<\/tr>\n<tr>\n<td width=\"100\">13<\/td>\n<td width=\"250\"><em>Inst\u00e4lld<\/em><\/td>\n<\/tr>\n<tr>\n<td width=\"100\">14<\/td>\n<td width=\"250\"><a title=\"Jo\u2019n Jo Tango\" href=\"https:\/\/www.lassolinedance.se\/o\/?p=576\">Jo&#8217;n Jo Tango<\/a><\/td>\n<\/tr>\n<tr>\n<td width=\"100\">15<\/td>\n<td width=\"250\"><a title=\"Come Dance With Me\" href=\"https:\/\/www.lassolinedance.se\/o\/?p=751\">Come Dance With Me<\/a><\/td>\n<\/tr>\n<tr>\n<td width=\"100\">16<\/td>\n<td width=\"250\"><strong>REPETITION<\/strong><\/td>\n<\/tr>\n<\/tbody>\n<\/table>\n<p>&nbsp;<\/p>\n<h2>H\u00e4sselby G\u00e5rd \/ S\u00f6ndagar \/ Novice<\/h2>\n<table>\n<tbody>\n<tr>\n<td width=\"100\"><b>Vecka:<\/b><\/td>\n<td width=\"250\"><b>Utl\u00e4rd dans:<\/b><\/td>\n<\/tr>\n<tr>\n<td width=\"100\">3<\/td>\n<td width=\"250\"><a title=\"Mexicali\" href=\"https:\/\/www.lassolinedance.se\/o\/?p=699\">Mexicali<\/a><\/td>\n<\/tr>\n<tr>\n<td width=\"100\">4<\/td>\n<td width=\"250\"><a title=\"Shaken Not Stirred\" href=\"https:\/\/www.lassolinedance.se\/o\/?p=703\">Shaken Not Stirred<\/a><\/td>\n<\/tr>\n<tr>\n<td width=\"100\">5<\/td>\n<td width=\"250\"><a title=\"Time To Swing\" href=\"https:\/\/www.lassolinedance.se\/o\/?p=767\">Time To Swing<\/a><\/td>\n<\/tr>\n<tr>\n<td width=\"100\">6<\/td>\n<td width=\"250\"><strong>REPETITION<\/strong> + <a title=\"Say Hey Love\" href=\"https:\/\/www.lassolinedance.se\/o\/?p=759\">Say Hey Love<\/a><\/td>\n<\/tr>\n<tr>\n<td width=\"100\">7<\/td>\n<td width=\"250\"><em>Inst\u00e4lld<\/em><\/td>\n<\/tr>\n<tr>\n<td width=\"100\">8<\/td>\n<td width=\"250\"><a title=\"Until The End\" href=\"https:\/\/www.lassolinedance.se\/o\/?p=707\">Until The End<\/a><\/td>\n<\/tr>\n<tr>\n<td width=\"100\">9<\/td>\n<td width=\"250\"><a title=\"Bad Influence\" href=\"https:\/\/www.lassolinedance.se\/o\/?p=711\">Bad Influence<\/a><\/td>\n<\/tr>\n<tr>\n<td width=\"100\">10<\/td>\n<td width=\"250\"><strong>REPETITION<\/strong><\/td>\n<\/tr>\n<tr>\n<td width=\"100\">11<\/td>\n<td width=\"250\"><a title=\"Louisiana Swing\" href=\"https:\/\/www.lassolinedance.se\/o\/?p=512\">Louisiana Swing<\/a><\/td>\n<\/tr>\n<tr>\n<td width=\"100\">12<\/td>\n<td width=\"250\"><a title=\"Hands Up\" href=\"https:\/\/www.lassolinedance.se\/o\/?p=715\">Hands Up<\/a><\/td>\n<\/tr>\n<tr>\n<td width=\"100\">13<\/td>\n<td width=\"250\"><em>Inst\u00e4lld<\/em><\/td>\n<\/tr>\n<tr>\n<td width=\"100\">14<\/td>\n<td width=\"400\"><strong>REPETITION<\/strong> av aktuella danser + n\u00e5gra fr\u00e5n f\u00f6rra terminen<\/td>\n<\/tr>\n<tr>\n<td width=\"100\">15<\/td>\n<td width=\"250\"><a title=\"Mars Attack\" href=\"https:\/\/www.lassolinedance.se\/o\/?p=769\">Mars Attack<\/a><\/td>\n<\/tr>\n<tr>\n<td width=\"100\">16<\/td>\n<td width=\"250\"><a title=\"L.D.V.\" href=\"https:\/\/www.lassolinedance.se\/o\/?p=771\">L.D.V.<\/a><\/td>\n<\/tr>\n<\/tbody>\n<\/table>\n","protected":false},"excerpt":{"rendered":"<p>Husby \/ M\u00e5ndagar \/ Novice Vecka: Utl\u00e4rd dans: 3 Mexicali 4 Action, Shaken Not Stirred 5 Flaunt It! 6 REPETITION 7 Until The End 8 Hicktown Shuffle 9 Bad Influence 10 REPETITION 11 Louisiana Swing, Join The Queue 12 Hands Up 13 Don&#8217;t Let Me Down 14 Annandag p\u00e5sk &#8211; ingen kurs, men \u00f6ppen dans 15 Feels Like Summer 16 REPETITION &nbsp; Husby \/ M\u00e5ndagar \/ Intermediate Vecka: Utl\u00e4rd dans: 3 Shoes of Another Man 4 Sentimental 5 Hands Up, [&hellip;]<\/p>\n","protected":false},"author":2,"featured_media":0,"parent":78,"menu_order":89,"comment_status":"open","ping_status":"open","template":"","meta":{"ngg_post_thumbnail":0,"footnotes":""},"class_list":["post-217","page","type-page","status-publish","hentry"],"publishpress_future_action":{"enabled":false,"date":"2026-05-09 03:24:46","action":"change-status","newStatus":"draft","terms":[],"taxonomy":"","extraData":[]},"publishpress_future_workflow_manual_trigger":{"enabledWorkflows":[]},"_links":{"self":[{"href":"https:\/\/www.lassolinedance.se\/o\/wp-json\/wp\/v2\/pages\/217","targetHints":{"allow":["GET"]}}],"collection":[{"href":"https:\/\/www.lassolinedance.se\/o\/wp-json\/wp\/v2\/pages"}],"about":[{"href":"https:\/\/www.lassolinedance.se\/o\/wp-json\/wp\/v2\/types\/page"}],"author":[{"embeddable":true,"href":"https:\/\/www.lassolinedance.se\/o\/wp-json\/wp\/v2\/users\/2"}],"replies":[{"embeddable":true,"href":"https:\/\/www.lassolinedance.se\/o\/wp-json\/wp\/v2\/comments?post=217"}],"version-history":[{"count":2,"href":"https:\/\/www.lassolinedance.se\/o\/wp-json\/wp\/v2\/pages\/217\/revisions"}],"predecessor-version":[{"id":1577,"href":"https:\/\/www.lassolinedance.se\/o\/wp-json\/wp\/v2\/pages\/217\/revisions\/1577"}],"up":[{"embeddable":true,"href":"https:\/\/www.lassolinedance.se\/o\/wp-json\/wp\/v2\/pages\/78"}],"wp:attachment":[{"href":"https:\/\/www.lassolinedance.se\/o\/wp-json\/wp\/v2\/media?parent=217"}],"curies":[{"name":"wp","href":"https:\/\/api.w.org\/{rel}","templated":true}]}}