{"id":211,"date":"2012-12-26T19:37:16","date_gmt":"2012-12-26T18:37:16","guid":{"rendered":"http:\/\/www.lassolinedance.se\/o\/?page_id=211"},"modified":"2013-01-12T21:05:31","modified_gmt":"2013-01-12T20:05:31","slug":"hosten-2008","status":"publish","type":"page","link":"https:\/\/www.lassolinedance.se\/o\/danser\/utlarda-historik\/hosten-2008\/","title":{"rendered":"H\u00f6sten 2008"},"content":{"rendered":"<h2>Husby \/ M\u00e5ndagar \/ Novice<\/h2>\n<table>\n<tbody>\n<tr>\n<td width=\"100\"><b>Vecka:<\/b><\/td>\n<td width=\"250\"><b>Utl\u00e4rd dans:<\/b><\/td>\n<\/tr>\n<tr>\n<td width=\"100\">38<\/td>\n<td width=\"250\"><a title=\"My Veronica\" href=\"https:\/\/www.lassolinedance.se\/o\/?p=1214\">My Veronica<\/a><\/td>\n<\/tr>\n<tr>\n<td width=\"100\">39<\/td>\n<td width=\"250\"><a title=\"High Time\" href=\"https:\/\/www.lassolinedance.se\/o\/?p=1218\">High Time<\/a><\/td>\n<\/tr>\n<tr>\n<td width=\"100\">40<\/td>\n<td width=\"250\"><a title=\"Galway Girls\" href=\"https:\/\/www.lassolinedance.se\/o\/?p=530\">Galway Girls<\/a><\/td>\n<\/tr>\n<tr>\n<td width=\"100\">41<\/td>\n<td width=\"250\"><a title=\"Higher &amp; Higher\" href=\"https:\/\/www.lassolinedance.se\/o\/?p=681\">Higher &amp; Higher<\/a><\/td>\n<\/tr>\n<tr>\n<td width=\"100\">42<\/td>\n<td width=\"250\"><a title=\"Rollin\u2019 With The Flow\" href=\"https:\/\/www.lassolinedance.se\/o\/?p=1220\">Rollin&#8217; With The Flow<\/a><\/td>\n<\/tr>\n<tr>\n<td width=\"100\">43<\/td>\n<td width=\"250\"><strong>REPETITION<\/strong><\/td>\n<\/tr>\n<tr>\n<td width=\"100\">44<\/td>\n<td width=\"250\"><a title=\"All Summer Long\" href=\"https:\/\/www.lassolinedance.se\/o\/?p=1222\">All Summer Long<\/a><\/td>\n<\/tr>\n<tr>\n<td width=\"100\">45<\/td>\n<td width=\"250\"><a title=\"Why This Kiss\" href=\"https:\/\/www.lassolinedance.se\/o\/?p=990\">Why This Kiss<\/a><\/td>\n<\/tr>\n<tr>\n<td width=\"100\">46<\/td>\n<td width=\"250\"><a title=\"The Time Of My Life\" href=\"https:\/\/www.lassolinedance.se\/o\/?p=938\">The Time Of My Life<\/a><\/td>\n<\/tr>\n<tr>\n<td width=\"100\">47<\/td>\n<td width=\"250\"><a title=\"Doctor\u2019s Orders\" href=\"https:\/\/www.lassolinedance.se\/o\/?p=1224\">Doctor&#8217;s Orders<\/a><\/td>\n<\/tr>\n<tr>\n<td width=\"100\">48<\/td>\n<td width=\"250\"><a title=\"1-2-3 Summertime\" href=\"https:\/\/www.lassolinedance.se\/o\/?p=1227\">1-2-3 Summertime<\/a><\/td>\n<\/tr>\n<tr>\n<td width=\"100\">49<\/td>\n<td width=\"250\"><a title=\"Shamrock Soup\" href=\"https:\/\/www.lassolinedance.se\/o\/?p=1230\">Shamrock Soup<\/a><\/td>\n<\/tr>\n<tr>\n<td width=\"100\">50<\/td>\n<td width=\"250\"><strong>REPETITION<\/strong><\/td>\n<\/tr>\n<\/tbody>\n<\/table>\n<p>&nbsp;<\/p>\n<h2>Husby \/ M\u00e5ndagar \/ Intermediate<\/h2>\n<table>\n<tbody>\n<tr>\n<td width=\"100\"><b>Vecka:<\/b><\/td>\n<td width=\"250\"><b>Utl\u00e4rd dans:<\/b><\/td>\n<\/tr>\n<tr>\n<td width=\"100\">38<\/td>\n<td width=\"250\"><a title=\"Gotta Hitch\" href=\"https:\/\/www.lassolinedance.se\/o\/?p=1232\">Gotta Hitch<\/a><\/td>\n<\/tr>\n<tr>\n<td width=\"100\">39<\/td>\n<td width=\"250\"><a title=\"The Smell Of Your Sweet Perfume\" href=\"https:\/\/www.lassolinedance.se\/o\/?p=1280\">The Smell Of Your Sweet Perfume<\/a><\/td>\n<\/tr>\n<tr>\n<td width=\"100\">40<\/td>\n<td width=\"250\"><a title=\"Fire On Ice\" href=\"https:\/\/www.lassolinedance.se\/o\/?p=1234\">Fire On Ice<\/a><\/td>\n<\/tr>\n<tr>\n<td width=\"100\">41<\/td>\n<td width=\"250\"><a title=\"Turn Me Loose\" href=\"https:\/\/www.lassolinedance.se\/o\/?p=1236\">Turn Me Loose<\/a><\/td>\n<\/tr>\n<tr>\n<td width=\"100\">42<\/td>\n<td width=\"250\"><strong>REPETITION<\/strong><\/td>\n<\/tr>\n<tr>\n<td width=\"100\">43<\/td>\n<td width=\"250\"><a title=\"Amame\" href=\"https:\/\/www.lassolinedance.se\/o\/?p=1152\">Amame<\/a><\/td>\n<\/tr>\n<tr>\n<td width=\"100\">44<\/td>\n<td width=\"250\"><a title=\"Dangerous Waters\" href=\"https:\/\/www.lassolinedance.se\/o\/?p=1244\">Dangerous Waters<\/a><\/td>\n<\/tr>\n<tr>\n<td width=\"100\">45<\/td>\n<td width=\"250\"><a title=\"Na Mara\" href=\"https:\/\/www.lassolinedance.se\/o\/?p=1140\">Na Mara<\/a><\/td>\n<\/tr>\n<tr>\n<td width=\"100\">46<\/td>\n<td width=\"250\"><a title=\"Tumbling Rush\" href=\"https:\/\/www.lassolinedance.se\/o\/?p=1238\">Tumbling Rush<\/a><\/td>\n<\/tr>\n<tr>\n<td width=\"100\">47<\/td>\n<td width=\"250\"><a title=\"Viva La Vida\" href=\"https:\/\/www.lassolinedance.se\/o\/?p=1278\">Viva la vida<\/a><\/td>\n<\/tr>\n<tr>\n<td width=\"100\">48<\/td>\n<td width=\"250\"><a title=\"Careless Whisper\" href=\"https:\/\/www.lassolinedance.se\/o\/?p=1246\">Careless Whisper<\/a><\/td>\n<\/tr>\n<tr>\n<td width=\"100\">49<\/td>\n<td width=\"250\"><a title=\"Spotlight\" href=\"https:\/\/www.lassolinedance.se\/o\/?p=1248\">Spotlight<\/a><\/td>\n<\/tr>\n<tr>\n<td width=\"100\">50<\/td>\n<td width=\"250\"><strong>REPETITION<\/strong><\/td>\n<\/tr>\n<\/tbody>\n<\/table>\n<p>&nbsp;<\/p>\n<h2>Kista \/ Tisdagar \/ Grundkurs<\/h2>\n<table>\n<tbody>\n<tr>\n<td width=\"100\"><b>Vecka:<\/b><\/td>\n<td width=\"250\"><b>Utl\u00e4rd dans:<\/b><\/td>\n<\/tr>\n<tr>\n<td width=\"100\">38<\/td>\n<td width=\"250\"><a title=\"California Freeze\" href=\"https:\/\/www.lassolinedance.se\/o\/?p=542\">California Freeze<\/a>, <a title=\"Cowboy Charleston\" href=\"https:\/\/www.lassolinedance.se\/o\/?p=640\">Cowboy Charleston<\/a><\/td>\n<\/tr>\n<tr>\n<td width=\"100\">39<\/td>\n<td width=\"250\"><a title=\"Country Walkin\u2019\" href=\"https:\/\/www.lassolinedance.se\/o\/?p=650\">Country Walkin&#8217;<\/a>, <a title=\"Lindi Shuffle\" href=\"https:\/\/www.lassolinedance.se\/o\/?p=644\">Lindi Shuffle<\/a><\/td>\n<\/tr>\n<tr>\n<td width=\"100\">40<\/td>\n<td width=\"250\"><a title=\"Peaches &amp; Cream\" href=\"https:\/\/www.lassolinedance.se\/o\/?p=654\">Peaches &amp; Cream<\/a><\/td>\n<\/tr>\n<tr>\n<td width=\"100\">41<\/td>\n<td width=\"250\"><strong>REPETITION<\/strong><\/td>\n<\/tr>\n<tr>\n<td width=\"100\">42<\/td>\n<td width=\"250\"><a title=\"Ghost Train\" href=\"https:\/\/www.lassolinedance.se\/o\/?p=560\">Ghost Train<\/a>, <a title=\"Lock Roamin\u2019\" href=\"https:\/\/www.lassolinedance.se\/o\/?p=1188\">Lock Roamin&#8217;<\/a><\/td>\n<\/tr>\n<tr>\n<td width=\"100\">43<\/td>\n<td width=\"250\"><a title=\"Foot Boogie\" href=\"https:\/\/www.lassolinedance.se\/o\/?p=1250\">Foot Boogie<\/a>, <a title=\"Dream On\" href=\"https:\/\/www.lassolinedance.se\/o\/?p=1184\">Dream On<\/a><\/td>\n<\/tr>\n<tr>\n<td width=\"100\">44<\/td>\n<td width=\"250\"><a title=\"Honky Tonk Stomp\" href=\"https:\/\/www.lassolinedance.se\/o\/?p=866\">Honky Tonk Stomp<\/a>, <a title=\"Pop Da Booty\" href=\"https:\/\/www.lassolinedance.se\/o\/?p=554\">Pop Da Booty<\/a><\/td>\n<\/tr>\n<tr>\n<td width=\"100\">45<\/td>\n<td width=\"250\"><a title=\"Why This Kiss\" href=\"https:\/\/www.lassolinedance.se\/o\/?p=990\">Why This Kiss<\/a><\/td>\n<\/tr>\n<tr>\n<td width=\"100\">46<\/td>\n<td width=\"250\"><strong>REPETITION<\/strong><\/td>\n<\/tr>\n<tr>\n<td width=\"100\">47<\/td>\n<td width=\"250\"><a title=\"My Girl Sally\" href=\"https:\/\/www.lassolinedance.se\/o\/?p=1216\">My Girl Sally<\/a><\/td>\n<\/tr>\n<tr>\n<td width=\"100\">48<\/td>\n<td width=\"250\"><a title=\"Live, Laugh, Love\" href=\"https:\/\/www.lassolinedance.se\/o\/?p=572\">Live, Laugh, Love<\/a><\/td>\n<\/tr>\n<tr>\n<td width=\"100\">49<\/td>\n<td width=\"250\"><a title=\"Tush Push\" href=\"https:\/\/www.lassolinedance.se\/o\/?p=1240\">Tush Push<\/a><\/td>\n<\/tr>\n<tr>\n<td width=\"100\">50<\/td>\n<td width=\"250\"><strong>REPETITION<\/strong><\/td>\n<\/tr>\n<\/tbody>\n<\/table>\n<p>&nbsp;<\/p>\n<h2>\u00c5kermyntan \/ Torsdagar \/ Grundkurs<\/h2>\n<table>\n<tbody>\n<tr>\n<td width=\"100\"><b>Vecka:<\/b><\/td>\n<td width=\"250\"><b>Utl\u00e4rd dans:<\/b><\/td>\n<\/tr>\n<tr>\n<td width=\"100\">38<\/td>\n<td width=\"250\"><a title=\"Country Walkin\u2019\" href=\"https:\/\/www.lassolinedance.se\/o\/?p=650\">Country Walkin&#8217;<\/a>, <a title=\"Lindi Shuffle\" href=\"https:\/\/www.lassolinedance.se\/o\/?p=644\">Lindi Shuffle<\/a><\/td>\n<\/tr>\n<tr>\n<td width=\"100\">39<\/td>\n<td width=\"250\"><a title=\"Cowboy Charleston\" href=\"https:\/\/www.lassolinedance.se\/o\/?p=640\">Cowboy Charleston<\/a>, <a title=\"Ghost Train\" href=\"https:\/\/www.lassolinedance.se\/o\/?p=560\">Ghost Train<\/a><\/td>\n<\/tr>\n<tr>\n<td width=\"100\">40<\/td>\n<td width=\"250\"><a title=\"Peaches &amp; Cream\" href=\"https:\/\/www.lassolinedance.se\/o\/?p=654\">Peaches &amp; Cream<\/a><\/td>\n<\/tr>\n<tr>\n<td width=\"100\">41<\/td>\n<td width=\"250\"><strong>REPETITION<\/strong><\/td>\n<\/tr>\n<tr>\n<td width=\"100\">42<\/td>\n<td width=\"250\"><a title=\"Lock Roamin\u2019\" href=\"https:\/\/www.lassolinedance.se\/o\/?p=1188\">Lock Roamin&#8217;<\/a><\/td>\n<\/tr>\n<tr>\n<td width=\"100\">43<\/td>\n<td width=\"250\"><a title=\"Dream On\" href=\"https:\/\/www.lassolinedance.se\/o\/?p=1184\">Dream On<\/a><\/td>\n<\/tr>\n<tr>\n<td width=\"100\">44<\/td>\n<td width=\"250\"><a title=\"Honky Tonk Stomp\" href=\"https:\/\/www.lassolinedance.se\/o\/?p=866\">Honky Tonk Stomp<\/a>, <a title=\"Pop Da Booty\" href=\"https:\/\/www.lassolinedance.se\/o\/?p=554\">Pop Da Booty<\/a><\/td>\n<\/tr>\n<tr>\n<td width=\"100\">45<\/td>\n<td width=\"250\"><a title=\"Why This Kiss\" href=\"https:\/\/www.lassolinedance.se\/o\/?p=990\">Why This Kiss<\/a><\/td>\n<\/tr>\n<tr>\n<td width=\"100\">46<\/td>\n<td width=\"250\"><strong>REPETITION<\/strong><\/td>\n<\/tr>\n<tr>\n<td width=\"100\">47<\/td>\n<td width=\"250\"><a title=\"My Girl Sally\" href=\"https:\/\/www.lassolinedance.se\/o\/?p=1216\">My Girl Sally<\/a>, <a title=\"Big Girls Boogie\" href=\"https:\/\/www.lassolinedance.se\/o\/?p=1252\">Big Girls Boogie<\/a><\/td>\n<\/tr>\n<tr>\n<td width=\"100\">48<\/td>\n<td width=\"250\"><a title=\"Live, Laugh, Love\" href=\"https:\/\/www.lassolinedance.se\/o\/?p=572\">Live, Laugh, Love<\/a><\/td>\n<\/tr>\n<tr>\n<td width=\"100\">49<\/td>\n<td width=\"250\"><a title=\"Tush Push\" href=\"https:\/\/www.lassolinedance.se\/o\/?p=1240\">Tush Push<\/a><\/td>\n<\/tr>\n<tr>\n<td width=\"100\">50<\/td>\n<td width=\"250\"><strong>REPETITION<\/strong><\/td>\n<\/tr>\n<\/tbody>\n<\/table>\n<p>&nbsp;<\/p>\n<h2>\u00c5kermyntan \/ Torsdagar \/ Forts\u00e4ttning 1<\/h2>\n<table>\n<tbody>\n<tr>\n<td width=\"100\"><b>Vecka:<\/b><\/td>\n<td width=\"250\"><b>Utl\u00e4rd dans:<\/b><\/td>\n<\/tr>\n<tr>\n<td width=\"100\">38<\/td>\n<td width=\"250\"><a title=\"Little Red Book\" href=\"https:\/\/www.lassolinedance.se\/o\/?p=755\">Little Red Book<\/a><\/td>\n<\/tr>\n<tr>\n<td width=\"100\">39<\/td>\n<td width=\"250\"><a title=\"Just A Minute\" href=\"https:\/\/www.lassolinedance.se\/o\/?p=1196\">Just A Minute<\/a><\/td>\n<\/tr>\n<tr>\n<td width=\"100\">40<\/td>\n<td width=\"250\"><a title=\"Irish Stew\" href=\"https:\/\/www.lassolinedance.se\/o\/?p=568\">Irish Stew<\/a><\/td>\n<\/tr>\n<tr>\n<td width=\"100\">41<\/td>\n<td width=\"250\"><a title=\"6 8 12\" href=\"https:\/\/www.lassolinedance.se\/o\/?p=1254\">6 8 12<\/a><\/td>\n<\/tr>\n<tr>\n<td width=\"100\">42<\/td>\n<td width=\"250\"><strong>REPETITION<\/strong><\/td>\n<\/tr>\n<tr>\n<td width=\"100\">43<\/td>\n<td width=\"250\"><a title=\"Why This Kiss\" href=\"https:\/\/www.lassolinedance.se\/o\/?p=990\">Why This Kiss<\/a><\/td>\n<\/tr>\n<tr>\n<td width=\"100\">44<\/td>\n<td width=\"250\"><a title=\"Jitterbuggin\u2019\" href=\"https:\/\/www.lassolinedance.se\/o\/?p=564\">Jitterbuggin&#8217;<\/a><\/td>\n<\/tr>\n<tr>\n<td width=\"100\">45<\/td>\n<td width=\"250\"><a title=\"Whole Again\" href=\"https:\/\/www.lassolinedance.se\/o\/?p=830\">Whole Again<\/a><\/td>\n<\/tr>\n<tr>\n<td width=\"100\">46<\/td>\n<td width=\"250\"><a title=\"Higher &amp; Higher\" href=\"https:\/\/www.lassolinedance.se\/o\/?p=681\">Higher &amp; Higher<\/a><\/td>\n<\/tr>\n<tr>\n<td width=\"100\">47<\/td>\n<td width=\"250\"><a title=\"Black Coffee\" href=\"https:\/\/www.lassolinedance.se\/o\/?p=986\">Black Coffee<\/a><\/td>\n<\/tr>\n<tr>\n<td width=\"100\">48<\/td>\n<td width=\"250\"><strong>REPETITION<\/strong><\/td>\n<\/tr>\n<tr>\n<td width=\"100\">49<\/td>\n<td width=\"250\"><a title=\"Crazy Foot Mambo\" href=\"https:\/\/www.lassolinedance.se\/o\/?p=1256\">Crazy Foot Mambo<\/a><\/td>\n<\/tr>\n<tr>\n<td width=\"100\">50<\/td>\n<td width=\"250\"><a title=\"Duck Soup\" href=\"https:\/\/www.lassolinedance.se\/o\/?p=1258\">Duck Soup<\/a><\/td>\n<\/tr>\n<\/tbody>\n<\/table>\n<p>&nbsp;<\/p>\n<h2>\u00c5kermyntan \/ S\u00f6ndagar \/ Nyb\u00f6rjare Motionskurs<\/h2>\n<table>\n<tbody>\n<tr>\n<td width=\"100\"><b>Vecka:<\/b><\/td>\n<td width=\"250\"><b>Utl\u00e4rd dans:<\/b><\/td>\n<\/tr>\n<tr>\n<td width=\"100\">37<\/td>\n<td width=\"250\"><a title=\"California Freeze\" href=\"https:\/\/www.lassolinedance.se\/o\/?p=542\">California Freeze<\/a>, <a title=\"Cowboy Charleston\" href=\"https:\/\/www.lassolinedance.se\/o\/?p=640\">Cowboy Charleston<\/a><\/td>\n<\/tr>\n<tr>\n<td width=\"100\">38<\/td>\n<td width=\"250\"><a title=\"Balloon Wood Stomp\" href=\"https:\/\/www.lassolinedance.se\/o\/?p=1260\">Balloon Wood Stomp<\/a><\/td>\n<\/tr>\n<tr>\n<td width=\"100\">39<\/td>\n<td width=\"250\"><a title=\"Peaches &amp; Cream\" href=\"https:\/\/www.lassolinedance.se\/o\/?p=654\">Peaches &amp; Cream<\/a><\/td>\n<\/tr>\n<tr>\n<td width=\"100\">40<\/td>\n<td width=\"250\"><strong>REPETITION<\/strong><\/td>\n<\/tr>\n<tr>\n<td width=\"100\">41<\/td>\n<td width=\"250\"><a title=\"Lock Roamin\u2019\" href=\"https:\/\/www.lassolinedance.se\/o\/?p=1188\">Lock Roamin&#8217;<\/a><\/td>\n<\/tr>\n<tr>\n<td width=\"100\">42<\/td>\n<td width=\"250\"><a title=\"Dream On\" href=\"https:\/\/www.lassolinedance.se\/o\/?p=1184\">Dream On<\/a><\/td>\n<\/tr>\n<tr>\n<td width=\"100\">43<\/td>\n<td width=\"250\"><a title=\"Honky Tonk Stomp\" href=\"https:\/\/www.lassolinedance.se\/o\/?p=866\">Honky Tonk Stomp<\/a><\/td>\n<\/tr>\n<tr>\n<td width=\"100\">44<\/td>\n<td width=\"250\"><a title=\"Why This Kiss\" href=\"https:\/\/www.lassolinedance.se\/o\/?p=990\">Why This Kiss<\/a><\/td>\n<\/tr>\n<tr>\n<td width=\"100\">45<\/td>\n<td width=\"250\"><strong>REPETITION<\/strong><\/td>\n<\/tr>\n<tr>\n<td width=\"100\">46<\/td>\n<td width=\"250\"><a title=\"My Girl Sally\" href=\"https:\/\/www.lassolinedance.se\/o\/?p=1216\">My Girl Sally<\/a><\/td>\n<\/tr>\n<tr>\n<td width=\"100\">47<\/td>\n<td width=\"250\"><a title=\"To The Moon\" href=\"https:\/\/www.lassolinedance.se\/o\/?p=1262\">To The Moon<\/a><\/td>\n<\/tr>\n<tr>\n<td width=\"100\">48<\/td>\n<td width=\"250\"><a title=\"Pop Da Booty\" href=\"https:\/\/www.lassolinedance.se\/o\/?p=554\">Pop Da Booty<\/a><\/td>\n<\/tr>\n<tr>\n<td width=\"100\">49<\/td>\n<td width=\"250\"><strong>REPETITION<\/strong><\/td>\n<\/tr>\n<\/tbody>\n<\/table>\n<p>&nbsp;<\/p>\n<h2>\u00c5kermyntan \/ S\u00f6ndagar \/ Forts\u00e4ttning 2<\/h2>\n<table>\n<tbody>\n<tr>\n<td width=\"100\"><b>Vecka:<\/b><\/td>\n<td width=\"250\"><b>Utl\u00e4rd dans:<\/b><\/td>\n<\/tr>\n<tr>\n<td width=\"100\">37<\/td>\n<td width=\"250\"><a title=\"I Love You Because\" href=\"https:\/\/www.lassolinedance.se\/o\/?p=1264\">I Love You Because<\/a><\/td>\n<\/tr>\n<tr>\n<td width=\"100\">38<\/td>\n<td width=\"250\"><a title=\"Eagles Rock\" href=\"https:\/\/www.lassolinedance.se\/o\/?p=1266\">Eagles Rock<\/a><\/td>\n<\/tr>\n<tr>\n<td width=\"100\">39<\/td>\n<td width=\"250\"><a title=\"C.C.S.\" href=\"https:\/\/www.lassolinedance.se\/o\/?p=1268\">C.C.S.<\/a><\/td>\n<\/tr>\n<tr>\n<td width=\"100\">40<\/td>\n<td width=\"250\"><strong>REPETITION<\/strong><\/td>\n<\/tr>\n<tr>\n<td width=\"100\">41<\/td>\n<td width=\"250\"><a title=\"Higher &amp; Higher\" href=\"https:\/\/www.lassolinedance.se\/o\/?p=681\">Higher &amp; Higher<\/a>, <a title=\"New Double Trouble\" href=\"https:\/\/www.lassolinedance.se\/o\/?p=1270\">New Double Trouble<\/a><\/td>\n<\/tr>\n<tr>\n<td width=\"100\">42<\/td>\n<td width=\"250\"><a title=\"Closer\" href=\"https:\/\/www.lassolinedance.se\/o\/?p=828\">Closer<\/a><\/td>\n<\/tr>\n<tr>\n<td width=\"100\">43<\/td>\n<td width=\"250\"><a title=\"Trick Me\" href=\"https:\/\/www.lassolinedance.se\/o\/?p=1242\">Trick Me<\/a><\/td>\n<\/tr>\n<tr>\n<td width=\"100\">44<\/td>\n<td width=\"250\"><a title=\"Why This Kiss\" href=\"https:\/\/www.lassolinedance.se\/o\/?p=990\">Why This Kiss<\/a><\/td>\n<\/tr>\n<tr>\n<td width=\"100\">45<\/td>\n<td width=\"250\"><a title=\"Stitch It Up\" href=\"https:\/\/www.lassolinedance.se\/o\/?p=1272\">Stitch It Up<\/a><\/td>\n<\/tr>\n<tr>\n<td width=\"100\">46<\/td>\n<td width=\"250\"><strong>REPETITION<\/strong><\/td>\n<\/tr>\n<tr>\n<td width=\"100\">47<\/td>\n<td width=\"250\"><a title=\"Rebel Amor\" href=\"https:\/\/www.lassolinedance.se\/o\/?p=524\">Rebel Amor<\/a><\/td>\n<\/tr>\n<tr>\n<td width=\"100\">48<\/td>\n<td width=\"250\"><a title=\"Dance Like You\u2019re The Only One\" href=\"https:\/\/www.lassolinedance.se\/o\/?p=1274\">Dance Like You&#8217;re The Only One<\/a><\/td>\n<\/tr>\n<tr>\n<td width=\"100\">49<\/td>\n<td width=\"250\"><a title=\"My Veronica\" href=\"https:\/\/www.lassolinedance.se\/o\/?p=1214\">My Veronica<\/a><\/td>\n<\/tr>\n<\/tbody>\n<\/table>\n<p>&nbsp;<\/p>\n<h2>Personal p\u00e5 Skol\u00f6rtens \u00e4ldreboende<\/h2>\n<table>\n<tbody>\n<tr>\n<td width=\"100\"><b>Vecka:<\/b><\/td>\n<td width=\"250\"><b>Utl\u00e4rd dans:<\/b><\/td>\n<\/tr>\n<tr>\n<td width=\"100\">38<\/td>\n<td width=\"250\"><a title=\"California Freeze\" href=\"https:\/\/www.lassolinedance.se\/o\/?p=542\">California Freeze<\/a>, <a title=\"Cowboy Charleston\" href=\"https:\/\/www.lassolinedance.se\/o\/?p=640\">Cowboy Charleston<\/a><\/td>\n<\/tr>\n<tr>\n<td width=\"100\">39<\/td>\n<td width=\"250\"><a title=\"Cowgirl\u2019s Twist\" href=\"https:\/\/www.lassolinedance.se\/o\/?p=1276\">Cowgirl&#8217;s Twist<\/a>, <a title=\"Foot Boogie\" href=\"https:\/\/www.lassolinedance.se\/o\/?p=1250\">Foot Boogie<\/a><\/td>\n<\/tr>\n<tr>\n<td width=\"100\">40<\/td>\n<td width=\"250\"><a title=\"Peaches &amp; Cream\" href=\"https:\/\/www.lassolinedance.se\/o\/?p=654\">Peaches &amp; Cream<\/a><\/td>\n<\/tr>\n<tr>\n<td width=\"100\">41<\/td>\n<td width=\"250\"><a title=\"Lock Roamin\u2019\" href=\"https:\/\/www.lassolinedance.se\/o\/?p=1188\">Lock Roamin&#8217;<\/a><\/td>\n<\/tr>\n<tr>\n<td width=\"100\">42<\/td>\n<td width=\"250\"><strong>REPETITION<\/strong><\/td>\n<\/tr>\n<tr>\n<td width=\"100\">43<\/td>\n<td width=\"250\"><a title=\"Dream On\" href=\"https:\/\/www.lassolinedance.se\/o\/?p=1184\">Dream On<\/a><\/td>\n<\/tr>\n<tr>\n<td width=\"100\">44<\/td>\n<td width=\"250\"><a title=\"Honky Tonk Stomp\" href=\"https:\/\/www.lassolinedance.se\/o\/?p=866\">Honky Tonk Stomp<\/a>, <a title=\"Pop Da Booty\" href=\"https:\/\/www.lassolinedance.se\/o\/?p=554\">Pop Da Booty<\/a><\/td>\n<\/tr>\n<tr>\n<td width=\"100\">45<\/td>\n<td width=\"250\"><a title=\"Why This Kiss\" href=\"https:\/\/www.lassolinedance.se\/o\/?p=990\">Why This Kiss<\/a><\/td>\n<\/tr>\n<tr>\n<td width=\"100\">46<\/td>\n<td width=\"250\"><a title=\"My Girl Sally\" href=\"https:\/\/www.lassolinedance.se\/o\/?p=1216\">My Girl Sally<\/a><\/td>\n<\/tr>\n<tr>\n<td width=\"100\">47<\/td>\n<td width=\"250\"><strong>REPETITION<\/strong><\/td>\n<\/tr>\n<\/tbody>\n<\/table>\n","protected":false},"excerpt":{"rendered":"<p>Husby \/ M\u00e5ndagar \/ Novice Vecka: Utl\u00e4rd dans: 38 My Veronica 39 High Time 40 Galway Girls 41 Higher &amp; Higher 42 Rollin&#8217; With The Flow 43 REPETITION 44 All Summer Long 45 Why This Kiss 46 The Time Of My Life 47 Doctor&#8217;s Orders 48 1-2-3 Summertime 49 Shamrock Soup 50 REPETITION &nbsp; Husby \/ M\u00e5ndagar \/ Intermediate Vecka: Utl\u00e4rd dans: 38 Gotta Hitch 39 The Smell Of Your Sweet Perfume 40 Fire On Ice 41 Turn Me Loose [&hellip;]<\/p>\n","protected":false},"author":2,"featured_media":0,"parent":78,"menu_order":93,"comment_status":"open","ping_status":"open","template":"","meta":{"ngg_post_thumbnail":0,"footnotes":""},"class_list":["post-211","page","type-page","status-publish","hentry"],"publishpress_future_action":{"enabled":false,"date":"2026-05-06 04:06:15","action":"change-status","newStatus":"draft","terms":[],"taxonomy":"","extraData":[]},"publishpress_future_workflow_manual_trigger":{"enabledWorkflows":[]},"_links":{"self":[{"href":"https:\/\/www.lassolinedance.se\/o\/wp-json\/wp\/v2\/pages\/211","targetHints":{"allow":["GET"]}}],"collection":[{"href":"https:\/\/www.lassolinedance.se\/o\/wp-json\/wp\/v2\/pages"}],"about":[{"href":"https:\/\/www.lassolinedance.se\/o\/wp-json\/wp\/v2\/types\/page"}],"author":[{"embeddable":true,"href":"https:\/\/www.lassolinedance.se\/o\/wp-json\/wp\/v2\/users\/2"}],"replies":[{"embeddable":true,"href":"https:\/\/www.lassolinedance.se\/o\/wp-json\/wp\/v2\/comments?post=211"}],"version-history":[{"count":2,"href":"https:\/\/www.lassolinedance.se\/o\/wp-json\/wp\/v2\/pages\/211\/revisions"}],"predecessor-version":[{"id":1574,"href":"https:\/\/www.lassolinedance.se\/o\/wp-json\/wp\/v2\/pages\/211\/revisions\/1574"}],"up":[{"embeddable":true,"href":"https:\/\/www.lassolinedance.se\/o\/wp-json\/wp\/v2\/pages\/78"}],"wp:attachment":[{"href":"https:\/\/www.lassolinedance.se\/o\/wp-json\/wp\/v2\/media?parent=211"}],"curies":[{"name":"wp","href":"https:\/\/api.w.org\/{rel}","templated":true}]}}