{"id":1942,"date":"2013-09-02T09:34:01","date_gmt":"2013-09-02T07:34:01","guid":{"rendered":"http:\/\/www.lassolinedance.se\/o\/?page_id=1942"},"modified":"2013-09-02T09:35:36","modified_gmt":"2013-09-02T07:35:36","slug":"varen-2013","status":"publish","type":"page","link":"https:\/\/www.lassolinedance.se\/o\/danser\/utlarda-historik\/varen-2013\/","title":{"rendered":"V\u00e5ren 2013"},"content":{"rendered":"<h2>H\u00e4sselby G\u00e5rd \/ Tisdagar \/ Intermediate<\/h2>\n<table>\n<tbody>\n<tr>\n<td width=\"50\"><b>Vecka:<\/b><\/td>\n<td><b>Utl\u00e4rd dans:<\/b><\/td>\n<\/tr>\n<tr>\n<td width=\"50\">4<\/td>\n<td><a title=\"Black Eyed Boy\" href=\"https:\/\/www.lassolinedance.se\/o\/?p=1629\">Black Eyed Boy<\/a><\/td>\n<\/tr>\n<tr>\n<td width=\"50\">5<\/td>\n<td><a title=\"Let The Sky Fall\" href=\"https:\/\/www.lassolinedance.se\/o\/?p=1677\">Let The Sky Fall<\/a><\/td>\n<\/tr>\n<tr>\n<td width=\"50\">6<\/td>\n<td><a title=\"Troublemaker (Vikki Morris)\" href=\"https:\/\/www.lassolinedance.se\/o\/?p=1679\">Troublemaker (Vikki Morris)<\/a><\/td>\n<\/tr>\n<tr>\n<td width=\"50\">7<\/td>\n<td><a title=\"Olivia\" href=\"https:\/\/www.lassolinedance.se\/o\/?p=1709\">Olivia<\/a><\/td>\n<\/tr>\n<tr>\n<td width=\"50\">8<\/td>\n<td><a title=\"J Ho\" href=\"https:\/\/www.lassolinedance.se\/o\/?p=1176\">J Ho<\/a><\/td>\n<\/tr>\n<tr>\n<td width=\"50\">9<\/td>\n<td><strong>Reptition<\/strong><\/td>\n<\/tr>\n<tr>\n<td width=\"50\">10<\/td>\n<td><a title=\"Treat Me Right\" href=\"https:\/\/www.lassolinedance.se\/o\/?p=1741\">Treat Me Right<\/a><\/td>\n<\/tr>\n<tr>\n<td width=\"50\">11<\/td>\n<td><a title=\"I Did\" href=\"https:\/\/www.lassolinedance.se\/o\/?p=1743\">I Did<\/a><\/td>\n<\/tr>\n<tr>\n<td width=\"50\">12<\/td>\n<td><a title=\"Crank It Up\" href=\"https:\/\/www.lassolinedance.se\/o\/?p=1766\">Crank It Up<\/a><\/td>\n<\/tr>\n<tr>\n<td width=\"50\">13<\/td>\n<td><a title=\"Rhythm Of The Night\" href=\"https:\/\/www.lassolinedance.se\/o\/?p=1768\">Rhythm of The Night<\/a><\/td>\n<\/tr>\n<tr>\n<td width=\"50\">14<\/td>\n<td><strong>Repetition<\/strong><\/td>\n<\/tr>\n<tr>\n<td width=\"50\">15<\/td>\n<td><strong><em>INST\u00c4LLD &#8211; Lokalen \u00e4r inte ledig<\/em><\/strong><\/td>\n<\/tr>\n<tr>\n<td width=\"50\">16<\/td>\n<td><a title=\"Voodoo Jive\" href=\"https:\/\/www.lassolinedance.se\/o\/?p=1814\">Voodoo Jive<\/a><\/td>\n<\/tr>\n<tr>\n<td width=\"50\">17<\/td>\n<td><a title=\"Breathe\" href=\"https:\/\/www.lassolinedance.se\/o\/?p=1820\">Breathe<\/a><\/td>\n<\/tr>\n<tr>\n<td width=\"50\">18<\/td>\n<td><strong><em>INST\u00c4LLD &#8211; Valborg<\/em><\/strong><\/td>\n<\/tr>\n<tr>\n<td width=\"50\">19<\/td>\n<td><a href=\"http:\/\/www.copperknob.co.uk\/stepsheets\/feel-this-moment-ID92278.aspx\" target=\"_blank\">Feel This Moment<\/a><\/td>\n<\/tr>\n<tr>\n<td width=\"50\">20<\/td>\n<td><strong>Repetition &amp; Avslut<\/strong><\/td>\n<\/tr>\n<\/tbody>\n<\/table>\n<h2><\/h2>\n<h2>H\u00e4sselby G\u00e5rd \/ Onsdagar \/ Nyb\u00f6rjar<\/h2>\n<table>\n<tbody>\n<tr>\n<td width=\"50\"><b>Vecka:<\/b><\/td>\n<td><b>Utl\u00e4rd dans:<\/b><\/td>\n<\/tr>\n<tr>\n<td width=\"50\">6<\/td>\n<td><a title=\"California Freeze\" href=\"https:\/\/www.lassolinedance.se\/o\/?p=542\">California Freeze<\/a> &amp; <a title=\"A-B Chilli Cha\" href=\"https:\/\/www.lassolinedance.se\/o\/?p=646\">AB Chilli Cha<\/a><\/td>\n<\/tr>\n<tr>\n<td width=\"50\">7<\/td>\n<td><a title=\"Flobie Slide\" href=\"https:\/\/www.lassolinedance.se\/o\/?p=746\">Flobie Slide<\/a><\/td>\n<\/tr>\n<tr>\n<td width=\"50\">8<\/td>\n<td><a title=\"Lindi Shuffle\" href=\"https:\/\/www.lassolinedance.se\/o\/?p=644\">Lindi Shuffle<\/a><\/td>\n<\/tr>\n<tr>\n<td width=\"50\">9<\/td>\n<td><a title=\"Cowboy Charleston\" href=\"https:\/\/www.lassolinedance.se\/o\/?p=640\">Cowboy Charleston<\/a><\/td>\n<\/tr>\n<tr>\n<td width=\"50\">10<\/td>\n<td><a title=\"Ghost Train\" href=\"https:\/\/www.lassolinedance.se\/o\/?p=560\">Ghost Train<\/a><\/td>\n<\/tr>\n<tr>\n<td width=\"50\">11<\/td>\n<td><a title=\"Little Rhumba\" href=\"https:\/\/www.lassolinedance.se\/o\/?p=552\" target=\"_blank\">Little Rhumba<\/a><\/td>\n<\/tr>\n<tr>\n<td width=\"50\">12<\/td>\n<td><a title=\"Mamma Maria\" href=\"https:\/\/www.lassolinedance.se\/o\/?p=749\">Mamma Maria<\/a><\/td>\n<\/tr>\n<tr>\n<td width=\"50\">13<\/td>\n<td><a title=\"Bosa Nova EZ\" href=\"https:\/\/www.lassolinedance.se\/o\/?p=1771\">Bosa Nova EZ<\/a><\/td>\n<\/tr>\n<tr>\n<td width=\"50\">14<\/td>\n<td><strong>Repetition<\/strong><\/td>\n<\/tr>\n<tr>\n<td width=\"50\">15<\/td>\n<td><a title=\"Country Walkin\u2019\" href=\"https:\/\/www.lassolinedance.se\/o\/?p=650\" target=\"_blank\">Country Walkin&#8217;<\/a><\/td>\n<\/tr>\n<tr>\n<td width=\"50\">16<\/td>\n<td><a title=\"Pop Da Booty\" href=\"https:\/\/www.lassolinedance.se\/o\/?p=554\" target=\"_blank\">Pop Da Booty<\/a><\/td>\n<\/tr>\n<tr>\n<td width=\"50\">17<\/td>\n<td><strong>Repetition<\/strong><\/td>\n<\/tr>\n<\/tbody>\n<\/table>\n<h2><\/h2>\n<h2>H\u00e4sselby G\u00e5rd \/ Torsdagar \/ Improver<\/h2>\n<table>\n<tbody>\n<tr>\n<td width=\"50\"><b>Vecka:<\/b><\/td>\n<td><b>Utl\u00e4rd dans:<\/b><\/td>\n<\/tr>\n<tr>\n<td width=\"50\">4<\/td>\n<td><a title=\"Back In Time (Robbie McGowan Hickie)\" href=\"https:\/\/www.lassolinedance.se\/o\/?p=1635\">Back In Time (Robbie McGowen Hickie)<\/a><\/td>\n<\/tr>\n<tr>\n<td width=\"50\">5<\/td>\n<td><a title=\"Darling\" href=\"https:\/\/www.lassolinedance.se\/o\/?p=1592\">Darling<\/a><\/td>\n<\/tr>\n<tr>\n<td width=\"50\">6<\/td>\n<td><a title=\"Trouble Troublemaker\" href=\"https:\/\/www.lassolinedance.se\/o\/?p=1689\">Trouble Troublemaker<\/a><\/td>\n<\/tr>\n<tr>\n<td width=\"50\">7<\/td>\n<td><strong>Repetition<\/strong><\/td>\n<\/tr>\n<tr>\n<td width=\"50\">8<\/td>\n<td><a title=\"Rock Paper Scissors\" href=\"https:\/\/www.lassolinedance.se\/o\/?p=1681\">Rock Paper Scissors<\/a><\/td>\n<\/tr>\n<tr>\n<td width=\"50\">9<\/td>\n<td><a title=\"Make You Sweat\" href=\"https:\/\/www.lassolinedance.se\/o\/?p=606\">Make You Sweat<\/a><\/td>\n<\/tr>\n<tr>\n<td width=\"50\">10<\/td>\n<td><a title=\"Love Me Or Leave Me\" href=\"https:\/\/www.lassolinedance.se\/o\/?p=1745\">Love Me or Leave Me<\/a><\/td>\n<\/tr>\n<tr>\n<td width=\"50\">11<\/td>\n<td><a title=\"It\u2019s All Good\" href=\"https:\/\/www.lassolinedance.se\/o\/?p=1747\">It&#8217;s All Good<\/a><\/td>\n<\/tr>\n<tr>\n<td width=\"50\">12<\/td>\n<td><strong>Repetition<\/strong><\/td>\n<\/tr>\n<tr>\n<td width=\"50\">13<\/td>\n<td><a title=\"Love Is A Word\" href=\"https:\/\/www.lassolinedance.se\/o\/?p=1779\">Love Is A Word<\/a><\/td>\n<\/tr>\n<tr>\n<td width=\"50\">14<\/td>\n<td><a title=\"Not Without Us\" href=\"https:\/\/www.lassolinedance.se\/o\/?p=1782\">Not Without Us<\/a><\/td>\n<\/tr>\n<tr>\n<td width=\"50\">15<\/td>\n<td><strong>Repetition<\/strong><\/td>\n<\/tr>\n<tr>\n<td width=\"50\">16<\/td>\n<td><a title=\"Voodoo Jive\" href=\"https:\/\/www.lassolinedance.se\/o\/?p=1814\">Voodoo Jive<\/a><\/td>\n<\/tr>\n<tr>\n<td width=\"50\">17<\/td>\n<td><a title=\"Tango With The Sheriff\" href=\"https:\/\/www.lassolinedance.se\/o\/?p=1823\">Tango With The Sheriff<\/a><\/td>\n<\/tr>\n<tr>\n<td width=\"50\">18<\/td>\n<td><\/td>\n<\/tr>\n<\/tbody>\n<\/table>\n<h2><\/h2>\n<h2>Klubbdanserna i H\u00e4sselby G\u00e5rd<\/h2>\n<table>\n<tbody>\n<tr>\n<td width=\"100\"><b>Datum:<\/b><\/td>\n<td><b>Utl\u00e4rd dans:<\/b><\/td>\n<\/tr>\n<tr>\n<td>13 Januari 2013<\/td>\n<td><a title=\"Darling\" href=\"https:\/\/www.lassolinedance.se\/o\/?p=1592\">Darling<\/a><\/td>\n<\/tr>\n<tr>\n<td>3 Februari 2013<\/td>\n<td><a title=\"Rock Paper Scissors\" href=\"https:\/\/www.lassolinedance.se\/o\/?p=1681\">Rock Paper Scissors<\/a><\/td>\n<\/tr>\n<tr>\n<td>7 April 2013<\/td>\n<td><a title=\"New Years Night\" href=\"https:\/\/www.lassolinedance.se\/o\/?p=1792\">New Years Night<\/a><\/td>\n<\/tr>\n<tr>\n<td>5 Maj 2013<\/td>\n<td><a title=\"C.O.U.N.T.R.Y\" href=\"https:\/\/www.lassolinedance.se\/o\/?p=1836\">C.O.U.N.T.R.Y<\/a><\/td>\n<\/tr>\n<\/tbody>\n<\/table>\n","protected":false},"excerpt":{"rendered":"<p>H\u00e4sselby G\u00e5rd \/ Tisdagar \/ Intermediate Vecka: Utl\u00e4rd dans: 4 Black Eyed Boy 5 Let The Sky Fall 6 Troublemaker (Vikki Morris) 7 Olivia 8 J Ho 9 Reptition 10 Treat Me Right 11 I Did 12 Crank It Up 13 Rhythm of The Night 14 Repetition 15 INST\u00c4LLD &#8211; Lokalen \u00e4r inte ledig 16 Voodoo Jive 17 Breathe 18 INST\u00c4LLD &#8211; Valborg 19 Feel This Moment 20 Repetition &amp; Avslut H\u00e4sselby G\u00e5rd \/ Onsdagar \/ Nyb\u00f6rjar Vecka: Utl\u00e4rd dans: [&hellip;]<\/p>\n","protected":false},"author":2,"featured_media":0,"parent":78,"menu_order":83,"comment_status":"closed","ping_status":"closed","template":"","meta":{"ngg_post_thumbnail":0,"footnotes":""},"class_list":["post-1942","page","type-page","status-publish","hentry"],"publishpress_future_action":{"enabled":false,"date":"2026-04-26 12:50:03","action":"change-status","newStatus":"draft","terms":[],"taxonomy":"","extraData":[]},"publishpress_future_workflow_manual_trigger":{"enabledWorkflows":[]},"_links":{"self":[{"href":"https:\/\/www.lassolinedance.se\/o\/wp-json\/wp\/v2\/pages\/1942","targetHints":{"allow":["GET"]}}],"collection":[{"href":"https:\/\/www.lassolinedance.se\/o\/wp-json\/wp\/v2\/pages"}],"about":[{"href":"https:\/\/www.lassolinedance.se\/o\/wp-json\/wp\/v2\/types\/page"}],"author":[{"embeddable":true,"href":"https:\/\/www.lassolinedance.se\/o\/wp-json\/wp\/v2\/users\/2"}],"replies":[{"embeddable":true,"href":"https:\/\/www.lassolinedance.se\/o\/wp-json\/wp\/v2\/comments?post=1942"}],"version-history":[{"count":2,"href":"https:\/\/www.lassolinedance.se\/o\/wp-json\/wp\/v2\/pages\/1942\/revisions"}],"predecessor-version":[{"id":1945,"href":"https:\/\/www.lassolinedance.se\/o\/wp-json\/wp\/v2\/pages\/1942\/revisions\/1945"}],"up":[{"embeddable":true,"href":"https:\/\/www.lassolinedance.se\/o\/wp-json\/wp\/v2\/pages\/78"}],"wp:attachment":[{"href":"https:\/\/www.lassolinedance.se\/o\/wp-json\/wp\/v2\/media?parent=1942"}],"curies":[{"name":"wp","href":"https:\/\/api.w.org\/{rel}","templated":true}]}}