{"id":16,"date":"2012-12-26T13:06:58","date_gmt":"2012-12-26T12:06:58","guid":{"rendered":"http:\/\/www.lassolinedance.se\/o\/?page_id=16"},"modified":"2012-12-26T13:26:16","modified_gmt":"2012-12-26T12:26:16","slug":"om-linedance","status":"publish","type":"page","link":"https:\/\/www.lassolinedance.se\/o\/exempelsida\/om-linedance\/","title":{"rendered":"Om Linedance"},"content":{"rendered":"<p>Linedance \u00e4r en av m\u00e5nga amerikanska country &amp; western dansstilar. Dansarna st\u00e5r p\u00e5 rader, d\u00e4rav\u00a0linedance. Varje dans best\u00e5r av fasta kombinationer av danssteg som upprepas under dansens g\u00e5ng. Varje serie av dansstegen inneh\u00e5ller v\u00e4ndningar s\u00e5 att hela dansgolvet byter riktning inf\u00f6r n\u00e4sta serie. De flesta danser blir s\u00e5ledes &#8221;Two-wall&#8221; eller &#8221;Four-wall dances&#8221;. Det finns idag tusentals danser, och nya koreograferas hela tiden. Alla danser har ett eget namn och sina egna stegkombinationer som dansarna l\u00e4r sig utantill.<\/p>\n<p>Linedance \u00e4r en mycket allsidig dansform, med danssteg inl\u00e5nade fr\u00e5n de flesta dansstilar i v\u00e4rlden: klassisk, latinamerikansk, rock&#8217;n&#8217;roll, hiphop, step mm. Dansmusiken \u00e4r fr\u00e4mst en modern rockig country &amp; western stil men under den senaste tiden har linedance koreografer skapat danser till m\u00e5nga olika musikstilar, typ rock, pop och disko. I Linedance f\u00f6rekommer olika karakt\u00e4rer p\u00e5 danserna. Grundstegen \u00e4r de samma i alla karakt\u00e4rer men man dansar med olika stil beroende p\u00e5 dansens karakt\u00e4r. I t\u00e4vlingssammanhang definieras sex karakt\u00e4rer. Dessa \u00e4r Smooth, Lilt (polka), Rise &amp; fall (vals), Funky, Cuban (cha cha) och Novilty (\u00d6vrigt).<\/p>\n<p>Linedance fick ett uppsving i USA i b\u00f6rjan av 90-talet och \u00e4r sedan 10 \u00e5r v\u00e4letablerat i Europa, fr\u00e4mst i England och Holland. I Sverige finns det idag ett 100-tal linedance-klubbar och f\u00f6reningar. 1998 bildades Swedish Country &amp; Western Dance Association (SCWDA) som organiserar t\u00e4vlingar i Linedance. Ett 50-tal klubbar \u00e4r idag anslutna till SCWDA.<\/p>\n<p>Linedance kan dansas p\u00e5 alla niv\u00e5er, fr\u00e5n en anspr\u00e5ksl\u00f6st fritidsaktivitet till elitniv\u00e5 som t\u00e4vlar i lands- europa- och v\u00e4rldsm\u00e4sterskapen. Hur du \u00e4n v\u00e4ljer att \u00e4gna dig \u00e5t Linedance s\u00e5 \u00e4r det bara en sak som \u00e4r viktigast:<\/p>\n<p><strong>HA S\u00c5 MYCKET KUL SOM DU KAN!<\/strong><\/p>\n","protected":false},"excerpt":{"rendered":"<p>Linedance \u00e4r en av m\u00e5nga amerikanska country &amp; western dansstilar. Dansarna st\u00e5r p\u00e5 rader, d\u00e4rav\u00a0linedance. Varje dans best\u00e5r av fasta kombinationer av danssteg som upprepas under dansens g\u00e5ng. Varje serie av dansstegen inneh\u00e5ller v\u00e4ndningar s\u00e5 att hela dansgolvet byter riktning inf\u00f6r n\u00e4sta serie. De flesta danser blir s\u00e5ledes &#8221;Two-wall&#8221; eller &#8221;Four-wall dances&#8221;. Det finns idag tusentals danser, och nya koreograferas hela tiden. Alla danser har ett eget namn och sina egna stegkombinationer som dansarna l\u00e4r sig utantill. Linedance \u00e4r en [&hellip;]<\/p>\n","protected":false},"author":2,"featured_media":0,"parent":2,"menu_order":2,"comment_status":"open","ping_status":"open","template":"","meta":{"ngg_post_thumbnail":0,"footnotes":""},"class_list":["post-16","page","type-page","status-publish","hentry"],"publishpress_future_action":{"enabled":false,"date":"2026-05-17 13:44:07","action":"change-status","newStatus":"draft","terms":[],"taxonomy":"","extraData":[]},"publishpress_future_workflow_manual_trigger":{"enabledWorkflows":[]},"_links":{"self":[{"href":"https:\/\/www.lassolinedance.se\/o\/wp-json\/wp\/v2\/pages\/16","targetHints":{"allow":["GET"]}}],"collection":[{"href":"https:\/\/www.lassolinedance.se\/o\/wp-json\/wp\/v2\/pages"}],"about":[{"href":"https:\/\/www.lassolinedance.se\/o\/wp-json\/wp\/v2\/types\/page"}],"author":[{"embeddable":true,"href":"https:\/\/www.lassolinedance.se\/o\/wp-json\/wp\/v2\/users\/2"}],"replies":[{"embeddable":true,"href":"https:\/\/www.lassolinedance.se\/o\/wp-json\/wp\/v2\/comments?post=16"}],"version-history":[{"count":5,"href":"https:\/\/www.lassolinedance.se\/o\/wp-json\/wp\/v2\/pages\/16\/revisions"}],"predecessor-version":[{"id":45,"href":"https:\/\/www.lassolinedance.se\/o\/wp-json\/wp\/v2\/pages\/16\/revisions\/45"}],"up":[{"embeddable":true,"href":"https:\/\/www.lassolinedance.se\/o\/wp-json\/wp\/v2\/pages\/2"}],"wp:attachment":[{"href":"https:\/\/www.lassolinedance.se\/o\/wp-json\/wp\/v2\/media?parent=16"}],"curies":[{"name":"wp","href":"https:\/\/api.w.org\/{rel}","templated":true}]}}